{"id":857,"date":"2024-06-13T21:32:47","date_gmt":"2024-06-13T19:32:47","guid":{"rendered":"https:\/\/osa.fh-potsdam.de\/informations-u-datenmanagement\/?page_id=857"},"modified":"2025-07-25T11:46:34","modified_gmt":"2025-07-25T09:46:34","slug":"tipps-fuer-das-studium","status":"publish","type":"page","link":"https:\/\/osa.fh-potsdam.de\/informations-u-datenmanagement\/studienalltag\/tipps-fuer-das-studium\/","title":{"rendered":"Tipps f\u00fcr das Studium"},"content":{"rendered":"\n<h2 class=\"wp-block-heading has-large-font-size\"><strong>Tipps f\u00fcrs Studium<\/strong><\/h2>\n\n\n<div  class=\"grids-section grids-is-stretch\" style=\"--_gs-gap-desktop:0px 0px;--_gs-m-desktop:20px 0 40px 0;--_gs-p-desktop:0 0 0 0;--_gs-bg-desktop:transparent none;--_gs-bg-xp-desktop:0px;--_gs-zi-desktop:auto;--_gs-d-desktop:block;--_gs-mw-desktop:calc(100% - 0 - 0);--_gs-gap-tablet:0px 0px;--_gs-m-tablet:20px 0 40px 0;--_gs-p-tablet:0 0 0 0;--_gs-bg-tablet:transparent none;--_gs-bg-xp-tablet:0px;--_gs-zi-tablet:auto;--_gs-d-tablet:block;--_gs-mw-tablet:calc(100% - 0 - 0);--_gs-gap-mobile:0px 0px;--_gs-m-mobile:20px 0 40px 0;--_gs-p-mobile:0 0 0 0;--_gs-bg-mobile:transparent none;--_gs-bg-xp-mobile:0px;--_gs-zi-mobile:auto;--_gs-d-mobile:block;--_gs-mw-mobile:calc(100% - 0 - 0);--_gs-columns:1;--_gs-rows:1\"><div class=\"grids-s-w_i\">\n<div class=\"grids-area\" style=\"--_ga-column:1\/2;--_ga-row:1\/2;--_ga-m-desktop:0 0 0 0;--_ga-p-desktop:0 0 0 0;--_ga-bg-desktop:transparent none;--_ga-zi-desktop:auto;--_ga-d-desktop:flex;--_ga-mw-desktop:calc(100% - 0 - 0);--_ga-m-tablet:0 0 0 0;--_ga-p-tablet:0 0 0 0;--_ga-bg-tablet:transparent none;--_ga-zi-tablet:auto;--_ga-d-tablet:flex;--_ga-mw-tablet:calc(100% - 0 - 0);--_ga-m-mobile:0 0 0 0;--_ga-p-mobile:0 0 0 0;--_ga-bg-mobile:transparent none;--_ga-zi-mobile:auto;--_ga-d-mobile:flex;--_ga-mw-mobile:calc(100% - 0 - 0)\">\n\n<p>Das erste Semester hat ein Arbeitspensum von <strong>22 Semester-Wochenstunden<\/strong> (SWS); eine Semester-Wochenstunde entspricht dabei 45 Minuten an Lehrveranstaltungen pro Woche. Im Wesentlichen lassen sich diese unterscheiden in <strong>Vorlesung, Seminar und \u00dcbung<\/strong>. Der alleinige Besuch der Lehrveranstaltungen reicht dabei jedoch nicht aus, um alle Inhalte zu verstehen.<\/p>\n\n\n\n<p>Zum Studium geh\u00f6rt dazu, sich <strong>Inhalte selbstst\u00e4ndig vor- und nachzuarbeiten.<\/strong> Das bedeutet, es sind regelm\u00e4\u00dfig Texte bzw. Fachliteratur zu lesen, \u00dcbungsaufgaben zu l\u00f6sen etc. Daf\u00fcr sollte man etwa 10 bis 15 Stunden pro Woche einplanen.<\/p>\n\n\n\n<p>Somit wird nachvollziehbar, warum ein Studium \u2013 trotz der vielen L\u00fccken des Stundenplans \u2013 im Grunde einer <strong>Vollzeitbesch\u00e4ftigung<\/strong> entspricht. Auch in der vorlesungsfreien Zeit (in den Semesterferien) muss viel Zeit f\u00fcr die Vorbereitung auf Modulabschlusspr\u00fcfungen \u2013 Klausuren, m\u00fcndliche Pr\u00fcfungen, Hausarbeiten \u2013 mit eingeplant werden.<\/p>\n\n<\/div>\n<\/div><\/div>\n\n<div  class=\"grids-section blue-divider grids-is-stretch\" style=\"--_gs-gap-desktop:20px 60px;--_gs-m-desktop:0 9vw 60px 9vw;--_gs-p-desktop:60px 0 10px 0;--_gs-bg-desktop:transparent none;--_gs-bg-xp-desktop:0px;--_gs-zi-desktop:auto;--_gs-d-desktop:block;--_gs-mw-desktop:calc(100% - 9vw - 9vw);--_gs-gap-tablet:20px 60px;--_gs-m-tablet:0 9vw 60px 9vw;--_gs-p-tablet:60px 0 10px 0;--_gs-bg-tablet:transparent none;--_gs-bg-xp-tablet:0px;--_gs-zi-tablet:auto;--_gs-d-tablet:block;--_gs-mw-tablet:calc(100% - 9vw - 9vw);--_gs-gap-mobile:20px 60px;--_gs-m-mobile:0 9vw 60px 9vw;--_gs-p-mobile:60px 0 10px 0;--_gs-bg-mobile:transparent none;--_gs-bg-xp-mobile:0px;--_gs-zi-mobile:auto;--_gs-d-mobile:block;--_gs-mw-mobile:calc(100% - 9vw - 9vw);--_gs-columns:2;--_gs-rows:1\"><div class=\"grids-s-w_i\">\n<div class=\"grids-area\" style=\"--_ga-column:1\/2;--_ga-row:1\/2;--_ga-m-desktop:0 0 0 0;--_ga-p-desktop:0 0 0 0;--_ga-bg-desktop:transparent none;--_ga-zi-desktop:auto;--_ga-d-desktop:flex;--_ga-mw-desktop:calc(100% - 0 - 0);--_ga-m-tablet:0 0 0 0;--_ga-p-tablet:0 0 0 0;--_ga-bg-tablet:transparent none;--_ga-zi-tablet:auto;--_ga-d-tablet:flex;--_ga-mw-tablet:calc(100% - 0 - 0);--_ga-m-mobile:0 0 0 0;--_ga-p-mobile:0 0 0 0;--_ga-bg-mobile:transparent none;--_ga-zi-mobile:auto;--_ga-d-mobile:flex;--_ga-mw-mobile:calc(100% - 0 - 0)\">\n\n<div class=\"wp-block-group\"><div class=\"wp-block-group__inner-container is-layout-constrained wp-block-group-is-layout-constrained\">\n<hr class=\"wp-block-separator has-alpha-channel-opacity\"\/>\n<\/div><\/div>\n\n\n\n<p><strong>Frage:<\/strong> Haben Sie Ratschl\u00e4ge f\u00fcr das Studium?<\/p>\n\n<\/div>\n\n<div class=\"grids-area\" style=\"--_ga-column:2\/3;--_ga-row:1\/2;--_ga-m-desktop:0 0 0 0;--_ga-p-desktop:0 0 0 0;--_ga-bg-desktop:transparent none;--_ga-zi-desktop:auto;--_ga-d-desktop:flex;--_ga-mw-desktop:calc(100% - 0 - 0);--_ga-m-tablet:0 0 0 0;--_ga-p-tablet:0 0 0 0;--_ga-bg-tablet:transparent none;--_ga-zi-tablet:auto;--_ga-d-tablet:flex;--_ga-mw-tablet:calc(100% - 0 - 0);--_ga-m-mobile:0 0 0 0;--_ga-p-mobile:0 0 0 0;--_ga-bg-mobile:transparent none;--_ga-zi-mobile:auto;--_ga-d-mobile:flex;--_ga-mw-mobile:calc(100% - 0 - 0)\">\n\n<figure class=\"wp-block-video video1 video-active\"><video controls src=\"https:\/\/osa.fh-potsdam.de\/video\/ec\/OSA\/FB5_wolfgang_8.mp4\" playsinline><\/video><figcaption class=\"wp-element-caption\"><b>Prof. Dr. Wolfgang Schulz<\/b><br>nebenberuflicher Professor f\u00fcr Records-Management und revisionssichere Archivierung in Wirtschaftsunternehmen<\/figcaption><\/figure>\n\n<\/div>\n<\/div><\/div>\n\n\n<div class=\"wp-block-buttons floating-buttons-group is-content-justification-space-between is-layout-flex wp-container-core-buttons-is-layout-3d213aab wp-block-buttons-is-layout-flex\">\n<div class=\"wp-block-button has-custom-width wp-block-button__width-50\"><a class=\"wp-block-button__link has-white-color has-text-color has-background has-link-color has-text-align-center wp-element-button\" href=\"https:\/\/osa.fh-potsdam.de\/informations-u-datenmanagement\/studienalltag\/stundenplan\/\" style=\"background-color:#192841\">Zur\u00fcck<\/a><\/div>\n\n\n\n<div class=\"wp-block-button has-custom-width wp-block-button__width-50 floating-button\"><a class=\"wp-block-button__link has-white-color has-text-color has-background has-link-color has-text-align-center wp-element-button\" href=\"https:\/\/osa.fh-potsdam.de\/informations-u-datenmanagement\/aussichten-nach-dem-studium\/\" style=\"background-color:#e41729\">Weiter<\/a><\/div>\n<\/div>\n","protected":false},"excerpt":{"rendered":"<p>Tipps f\u00fcrs Studium<\/p>\n","protected":false},"author":1,"featured_media":0,"parent":787,"menu_order":1,"comment_status":"closed","ping_status":"closed","template":"","meta":{"powered_cache_disable_cache":false,"footnotes":""},"class_list":["post-857","page","type-page","status-publish","hentry"],"yoast_head":"<!-- This site is optimized with the Yoast SEO plugin v27.5 - https:\/\/yoast.com\/product\/yoast-seo-wordpress\/ -->\n<title>Tipps f\u00fcr das Studium - OSA Informations- und Datenmanagement der FH Potsdam<\/title>\n<meta name=\"robots\" content=\"index, follow, max-snippet:-1, max-image-preview:large, max-video-preview:-1\" \/>\n<link rel=\"canonical\" href=\"https:\/\/osa.fh-potsdam.de\/informations-u-datenmanagement\/studienalltag\/tipps-fuer-das-studium\/\" \/>\n<meta property=\"og:locale\" content=\"de_DE\" \/>\n<meta property=\"og:type\" content=\"article\" \/>\n<meta property=\"og:title\" content=\"Tipps f\u00fcr das Studium - OSA Informations- und Datenmanagement der FH Potsdam\" \/>\n<meta property=\"og:description\" content=\"Tipps f\u00fcrs Studium\" \/>\n<meta property=\"og:url\" content=\"https:\/\/osa.fh-potsdam.de\/informations-u-datenmanagement\/studienalltag\/tipps-fuer-das-studium\/\" \/>\n<meta property=\"og:site_name\" content=\"OSA Informations- und Datenmanagement der FH Potsdam\" \/>\n<meta property=\"article:modified_time\" content=\"2025-07-25T09:46:34+00:00\" \/>\n<meta name=\"twitter:card\" content=\"summary_large_image\" \/>\n<meta name=\"twitter:label1\" content=\"Gesch\u00e4tzte Lesezeit\" \/>\n\t<meta name=\"twitter:data1\" content=\"1\u00a0Minute\" \/>\n<script type=\"application\/ld+json\" class=\"yoast-schema-graph\">{\"@context\":\"https:\\\/\\\/schema.org\",\"@graph\":[{\"@type\":\"WebPage\",\"@id\":\"https:\\\/\\\/osa.fh-potsdam.de\\\/informations-u-datenmanagement\\\/studienalltag\\\/tipps-fuer-das-studium\\\/\",\"url\":\"https:\\\/\\\/osa.fh-potsdam.de\\\/informations-u-datenmanagement\\\/studienalltag\\\/tipps-fuer-das-studium\\\/\",\"name\":\"Tipps f\u00fcr das Studium - OSA Informations- und Datenmanagement der FH Potsdam\",\"isPartOf\":{\"@id\":\"https:\\\/\\\/osa.fh-potsdam.de\\\/informations-u-datenmanagement\\\/#website\"},\"datePublished\":\"2024-06-13T19:32:47+00:00\",\"dateModified\":\"2025-07-25T09:46:34+00:00\",\"breadcrumb\":{\"@id\":\"https:\\\/\\\/osa.fh-potsdam.de\\\/informations-u-datenmanagement\\\/studienalltag\\\/tipps-fuer-das-studium\\\/#breadcrumb\"},\"inLanguage\":\"de\",\"potentialAction\":[{\"@type\":\"ReadAction\",\"target\":[\"https:\\\/\\\/osa.fh-potsdam.de\\\/informations-u-datenmanagement\\\/studienalltag\\\/tipps-fuer-das-studium\\\/\"]}]},{\"@type\":\"BreadcrumbList\",\"@id\":\"https:\\\/\\\/osa.fh-potsdam.de\\\/informations-u-datenmanagement\\\/studienalltag\\\/tipps-fuer-das-studium\\\/#breadcrumb\",\"itemListElement\":[{\"@type\":\"ListItem\",\"position\":1,\"name\":\"Startseite\",\"item\":\"https:\\\/\\\/osa.fh-potsdam.de\\\/informations-u-datenmanagement\\\/\"},{\"@type\":\"ListItem\",\"position\":2,\"name\":\"Studienalltag\",\"item\":\"https:\\\/\\\/osa.fh-potsdam.de\\\/informations-u-datenmanagement\\\/studienalltag\\\/\"},{\"@type\":\"ListItem\",\"position\":3,\"name\":\"Tipps f\u00fcr das Studium\"}]},{\"@type\":\"WebSite\",\"@id\":\"https:\\\/\\\/osa.fh-potsdam.de\\\/informations-u-datenmanagement\\\/#website\",\"url\":\"https:\\\/\\\/osa.fh-potsdam.de\\\/informations-u-datenmanagement\\\/\",\"name\":\"OSA Informations- & Datenmanagement\",\"description\":\"Studienwahl-Assistent f\u00fcr den Studiengang Informations- und Datenmanagement\",\"publisher\":{\"@id\":\"https:\\\/\\\/osa.fh-potsdam.de\\\/informations-u-datenmanagement\\\/#organization\"},\"potentialAction\":[{\"@type\":\"SearchAction\",\"target\":{\"@type\":\"EntryPoint\",\"urlTemplate\":\"https:\\\/\\\/osa.fh-potsdam.de\\\/informations-u-datenmanagement\\\/?s={search_term_string}\"},\"query-input\":{\"@type\":\"PropertyValueSpecification\",\"valueRequired\":true,\"valueName\":\"search_term_string\"}}],\"inLanguage\":\"de\"},{\"@type\":\"Organization\",\"@id\":\"https:\\\/\\\/osa.fh-potsdam.de\\\/informations-u-datenmanagement\\\/#organization\",\"name\":\"OSA Informations- & Datenmanagement\",\"url\":\"https:\\\/\\\/osa.fh-potsdam.de\\\/informations-u-datenmanagement\\\/\",\"logo\":{\"@type\":\"ImageObject\",\"inLanguage\":\"de\",\"@id\":\"https:\\\/\\\/osa.fh-potsdam.de\\\/informations-u-datenmanagement\\\/#\\\/schema\\\/logo\\\/image\\\/\",\"url\":\"\",\"contentUrl\":\"\",\"caption\":\"OSA Informations- & Datenmanagement\"},\"image\":{\"@id\":\"https:\\\/\\\/osa.fh-potsdam.de\\\/informations-u-datenmanagement\\\/#\\\/schema\\\/logo\\\/image\\\/\"}}]}<\/script>\n<!-- \/ Yoast SEO plugin. -->","yoast_head_json":{"title":"Tipps f\u00fcr das Studium - OSA Informations- und Datenmanagement der FH Potsdam","robots":{"index":"index","follow":"follow","max-snippet":"max-snippet:-1","max-image-preview":"max-image-preview:large","max-video-preview":"max-video-preview:-1"},"canonical":"https:\/\/osa.fh-potsdam.de\/informations-u-datenmanagement\/studienalltag\/tipps-fuer-das-studium\/","og_locale":"de_DE","og_type":"article","og_title":"Tipps f\u00fcr das Studium - OSA Informations- und Datenmanagement der FH Potsdam","og_description":"Tipps f\u00fcrs Studium","og_url":"https:\/\/osa.fh-potsdam.de\/informations-u-datenmanagement\/studienalltag\/tipps-fuer-das-studium\/","og_site_name":"OSA Informations- und Datenmanagement der FH Potsdam","article_modified_time":"2025-07-25T09:46:34+00:00","twitter_card":"summary_large_image","twitter_misc":{"Gesch\u00e4tzte Lesezeit":"1\u00a0Minute"},"schema":{"@context":"https:\/\/schema.org","@graph":[{"@type":"WebPage","@id":"https:\/\/osa.fh-potsdam.de\/informations-u-datenmanagement\/studienalltag\/tipps-fuer-das-studium\/","url":"https:\/\/osa.fh-potsdam.de\/informations-u-datenmanagement\/studienalltag\/tipps-fuer-das-studium\/","name":"Tipps f\u00fcr das Studium - OSA Informations- und Datenmanagement der FH Potsdam","isPartOf":{"@id":"https:\/\/osa.fh-potsdam.de\/informations-u-datenmanagement\/#website"},"datePublished":"2024-06-13T19:32:47+00:00","dateModified":"2025-07-25T09:46:34+00:00","breadcrumb":{"@id":"https:\/\/osa.fh-potsdam.de\/informations-u-datenmanagement\/studienalltag\/tipps-fuer-das-studium\/#breadcrumb"},"inLanguage":"de","potentialAction":[{"@type":"ReadAction","target":["https:\/\/osa.fh-potsdam.de\/informations-u-datenmanagement\/studienalltag\/tipps-fuer-das-studium\/"]}]},{"@type":"BreadcrumbList","@id":"https:\/\/osa.fh-potsdam.de\/informations-u-datenmanagement\/studienalltag\/tipps-fuer-das-studium\/#breadcrumb","itemListElement":[{"@type":"ListItem","position":1,"name":"Startseite","item":"https:\/\/osa.fh-potsdam.de\/informations-u-datenmanagement\/"},{"@type":"ListItem","position":2,"name":"Studienalltag","item":"https:\/\/osa.fh-potsdam.de\/informations-u-datenmanagement\/studienalltag\/"},{"@type":"ListItem","position":3,"name":"Tipps f\u00fcr das Studium"}]},{"@type":"WebSite","@id":"https:\/\/osa.fh-potsdam.de\/informations-u-datenmanagement\/#website","url":"https:\/\/osa.fh-potsdam.de\/informations-u-datenmanagement\/","name":"OSA Informations- & Datenmanagement","description":"Studienwahl-Assistent f\u00fcr den Studiengang Informations- und Datenmanagement","publisher":{"@id":"https:\/\/osa.fh-potsdam.de\/informations-u-datenmanagement\/#organization"},"potentialAction":[{"@type":"SearchAction","target":{"@type":"EntryPoint","urlTemplate":"https:\/\/osa.fh-potsdam.de\/informations-u-datenmanagement\/?s={search_term_string}"},"query-input":{"@type":"PropertyValueSpecification","valueRequired":true,"valueName":"search_term_string"}}],"inLanguage":"de"},{"@type":"Organization","@id":"https:\/\/osa.fh-potsdam.de\/informations-u-datenmanagement\/#organization","name":"OSA Informations- & Datenmanagement","url":"https:\/\/osa.fh-potsdam.de\/informations-u-datenmanagement\/","logo":{"@type":"ImageObject","inLanguage":"de","@id":"https:\/\/osa.fh-potsdam.de\/informations-u-datenmanagement\/#\/schema\/logo\/image\/","url":"","contentUrl":"","caption":"OSA Informations- & Datenmanagement"},"image":{"@id":"https:\/\/osa.fh-potsdam.de\/informations-u-datenmanagement\/#\/schema\/logo\/image\/"}}]}},"_links":{"self":[{"href":"https:\/\/osa.fh-potsdam.de\/informations-u-datenmanagement\/wp-json\/wp\/v2\/pages\/857","targetHints":{"allow":["GET"]}}],"collection":[{"href":"https:\/\/osa.fh-potsdam.de\/informations-u-datenmanagement\/wp-json\/wp\/v2\/pages"}],"about":[{"href":"https:\/\/osa.fh-potsdam.de\/informations-u-datenmanagement\/wp-json\/wp\/v2\/types\/page"}],"author":[{"embeddable":true,"href":"https:\/\/osa.fh-potsdam.de\/informations-u-datenmanagement\/wp-json\/wp\/v2\/users\/1"}],"replies":[{"embeddable":true,"href":"https:\/\/osa.fh-potsdam.de\/informations-u-datenmanagement\/wp-json\/wp\/v2\/comments?post=857"}],"version-history":[{"count":11,"href":"https:\/\/osa.fh-potsdam.de\/informations-u-datenmanagement\/wp-json\/wp\/v2\/pages\/857\/revisions"}],"predecessor-version":[{"id":1622,"href":"https:\/\/osa.fh-potsdam.de\/informations-u-datenmanagement\/wp-json\/wp\/v2\/pages\/857\/revisions\/1622"}],"up":[{"embeddable":true,"href":"https:\/\/osa.fh-potsdam.de\/informations-u-datenmanagement\/wp-json\/wp\/v2\/pages\/787"}],"wp:attachment":[{"href":"https:\/\/osa.fh-potsdam.de\/informations-u-datenmanagement\/wp-json\/wp\/v2\/media?parent=857"}],"curies":[{"name":"wp","href":"https:\/\/api.w.org\/{rel}","templated":true}]}}