{"id":737,"date":"2024-06-06T13:29:04","date_gmt":"2024-06-06T11:29:04","guid":{"rendered":"https:\/\/osa.fh-potsdam.de\/informations-u-datenmanagement\/?page_id=737"},"modified":"2025-07-25T11:51:43","modified_gmt":"2025-07-25T09:51:43","slug":"speichertechnologie","status":"publish","type":"page","link":"https:\/\/osa.fh-potsdam.de\/informations-u-datenmanagement\/aufgaben\/speichertechnologie\/","title":{"rendered":"Speichertechnologie"},"content":{"rendered":"\n<h2 class=\"wp-block-heading\"><strong>Speicher\u00adtechnologie<\/strong><\/h2>\n\n\n<div  class=\"grids-section grids-is-stretch\" style=\"--_gs-gap-desktop:20px 60px;--_gs-m-desktop:40px 0 40px 0;--_gs-p-desktop:0 0 0 0;--_gs-bg-desktop:transparent url(https:\/\/osa.fh-potsdam.de\/informations-u-datenmanagement\/wp-content\/uploads\/sites\/8\/2024\/06\/fb5_symbol_light-300x300.png) no-repeat 0% 100%;--_gs-bg-xp-desktop:0px;--_gs-zi-desktop:auto;--_gs-d-desktop:block;--_gs-mw-desktop:calc(100% - 0 - 0);--_gs-gap-tablet:20px 60px;--_gs-m-tablet:40px 0 40px 0;--_gs-p-tablet:0 0 0 0;--_gs-bg-tablet:transparent url(https:\/\/osa.fh-potsdam.de\/informations-u-datenmanagement\/wp-content\/uploads\/sites\/8\/2024\/06\/fb5_symbol_light-300x300.png) no-repeat 0% 100%;--_gs-bg-xp-tablet:0px;--_gs-zi-tablet:auto;--_gs-d-tablet:block;--_gs-mw-tablet:calc(100% - 0 - 0);--_gs-gap-mobile:20px 60px;--_gs-m-mobile:40px 0 40px 0;--_gs-p-mobile:0 0 0 0;--_gs-bg-mobile:transparent url(https:\/\/osa.fh-potsdam.de\/informations-u-datenmanagement\/wp-content\/uploads\/sites\/8\/2024\/06\/fb5_symbol_light-300x300.png) no-repeat 0% 100%;--_gs-bg-xp-mobile:0px;--_gs-zi-mobile:auto;--_gs-d-mobile:block;--_gs-mw-mobile:calc(100% - 0 - 0);--_gs-columns:2;--_gs-rows:1\"><div class=\"grids-s-w_i\">\n<div class=\"grids-area\" style=\"--_ga-column:1\/2;--_ga-row:1\/2;--_ga-m-desktop:0 0 0 0;--_ga-p-desktop:0 0 0 0;--_ga-bg-desktop:transparent none;--_ga-zi-desktop:auto;--_ga-d-desktop:flex;--_ga-mw-desktop:calc(100% - 0 - 0);--_ga-m-tablet:0 0 0 0;--_ga-p-tablet:0 0 0 0;--_ga-bg-tablet:transparent none;--_ga-zi-tablet:auto;--_ga-d-tablet:flex;--_ga-mw-tablet:calc(100% - 0 - 0);--_ga-m-mobile:0 0 0 0;--_ga-p-mobile:0 0 0 0;--_ga-bg-mobile:transparent none;--_ga-zi-mobile:auto;--_ga-d-mobile:flex;--_ga-mw-mobile:calc(100% - 0 - 0)\">\n\n<p class=\"has-background\" style=\"background-color:#f0f4f9\">Ein Gedanken\u00adspiel: Sie be\u00adfinden sich in einem <strong>Digi\u00adtali\u00adsierungs\u00adlabor<\/strong> und be\u00adsch\u00e4f\u00adtigen sich mit der Siche\u00adrung und Be\u00adwah\u00adrung von Kultur\u00aderbe\u00ad-G\u00fctern. <br><br>Eine <strong>alte Bibel<\/strong> hat ca. 1000 Seiten mit einer Seiten\u00ad\u00adgr\u00f6\u00dfe von 15 cm x 23 cm. \u00dcblicher\u00ad\u00adweise wird eine Buch\u00adseite mit einer Auf\u00ad\u00adl\u00f6sung von 600 ppi (Pixel per Inch) und einer Farb\u00ad\u00adtiefe von 48-Bit ein\u00adge\u00ad\u00adscannt.<\/p>\n\n<\/div>\n\n<div class=\"grids-area\" style=\"--_ga-column:2\/3;--_ga-row:1\/2;--_ga-m-desktop:0 0 0 0;--_ga-p-desktop:0 0 0 0;--_ga-bg-desktop:transparent none;--_ga-zi-desktop:auto;--_ga-d-desktop:flex;--_ga-mw-desktop:calc(100% - 0 - 0);--_ga-m-tablet:0 0 0 0;--_ga-p-tablet:0 0 0 0;--_ga-bg-tablet:transparent none;--_ga-zi-tablet:auto;--_ga-d-tablet:flex;--_ga-mw-tablet:calc(100% - 0 - 0);--_ga-m-mobile:0 0 0 0;--_ga-p-mobile:0 0 0 0;--_ga-bg-mobile:transparent none;--_ga-zi-mobile:auto;--_ga-d-mobile:flex;--_ga-mw-mobile:calc(100% - 0 - 0)\">\n\n<div class=\"wp-block-group\"><div class=\"wp-block-group__inner-container is-layout-constrained wp-block-group-is-layout-constrained\">\n<hr class=\"wp-block-separator has-alpha-channel-opacity\"\/>\n<\/div><\/div>\n\n\n\n<div style=\"height:20px\" aria-hidden=\"true\" class=\"wp-block-spacer\"><\/div>\n\n\n\n<script type=\"text\/javascript\" >\ndocument.addEventListener(\"DOMContentLoaded\", function(event) { \nif(!window.jQuery) alert(\"The important jQuery library is not properly loaded in your site. Your WordPress theme is probably missing the essential wp_head() call. You can switch to another theme and you will see that the plugin works fine and this notice disappears. If you are still not sure what to do you can contact us for help.\");\n});\n<\/script>  \n  \n<div  id=\"watupro_quiz\" class=\"quiz-area single-page-quiz\">\n<p id=\"submittingExam11\" style=\"display:none;text-align:center;\"><img loading=\"lazy\" decoding=\"async\" src=\"https:\/\/osa.fh-potsdam.de\/informations-u-datenmanagement\/wp-content\/plugins\/watupro\/img\/loading.gif\" width=\"16\" height=\"16\"><\/p>\n\n<div class=\"watupro-exam-description\" id=\"description-quiz-11\"><p><b>Aufgabe:<\/b> Welche Speicher&shy;kapa&shy;zit\u00e4t muss ein digitales Medium haben, um darauf eine alte Bibel speichern zu k\u00f6nnen?<\/p>\n<p>Rechnen Sie bitte die rich&shy;tige L\u00f6&shy;sung aus. Da diese Auf&shy;gabe wegen dem Recherche&shy;aufwand relativ aufwendig ist, stehen Ihnen dazu drei Hin&shy;weise zur Ver&shy;f\u00fcgung:<\/p>\n<div align=\"center\">\n<p><button popovertarget=\"hinweis1\">L\u00f6sungshinweis 1<\/button><\/p>\n<p><button popovertarget=\"hinweis2\">L\u00f6sungshinweis 2<\/button><\/p>\n<p><button popovertarget=\"hinweis3\">L\u00f6sungshinweis 3<\/button><\/p>\n<\/div>\n<div id=\"hinweis1\" popover>\n<div style=\"padding: 20px\">\n<p><b>L\u00f6sungshinweis 1<\/b><\/p>\n<p>Die Auf&shy;l\u00f6sung eines digi&shy;talen Bildes wird in Bild&shy;punkten pro L\u00e4ngen&shy;einheit (ppi: \u201epixel per inch\u201c; 1 inch = 2,54 cm) an&shy;ge&shy;geben.<\/p>\n<p>Es werden pro Seite also hori&shy;zontal 600 ppi * 6 inch = 3.600 Pixel und verti&shy;kal 600 ppi * 9 inch = 5.400 Pixel ein&shy;ge&shy;scannt.<\/p>\n<\/p><\/div>\n<\/div>\n<div id=\"hinweis2\" popover>\n<div style=\"padding: 20px\">\n<p><b>L\u00f6sungshinweis 2<\/b><\/p>\n<p>F\u00fcr die Farb&shy;kodie&shy;rung werden f\u00fcr jeden Bild&shy;punkt 48 Bit = 6 Byte ben\u00f6&shy;tigt, da ein Byte immer 8 Bit ent&shy;spricht.<\/p>\n<p>Daraus er&shy;gibt sich pro Seite ein Speicher&shy;volumen von 3.600 * 5.400 * 6 Byte = 116.640.000 Byte, und f\u00fcr das ganze Buch 116.640.000.000 Byte.<\/p>\n<\/p><\/div>\n<\/div>\n<div id=\"hinweis3\" popover>\n<div style=\"padding: 20px\">\n<p><b>L\u00f6sungshinweis 3<\/b><\/p>\n<p>Umrechnungstabelle:<\/p>\n<ul>\n<li>1 Kilobyte = 1.024 Bytes<\/li>\n<li>1 Megabyte = 1.048.576 Bytes<\/li>\n<li>1 Gigabyte = 1.073.741.824 Bytes<\/li>\n<li>1 Terabyte = 1.099.511.627.776 Byte<\/li>\n<\/ul><\/div>\n<\/div>\n<\/div>\n\n<form action=\"\" method=\"post\" class=\"quiz-form\" id=\"quiz-11\"  enctype=\"multipart\/form-data\" >\n<div class='watu-question ' id='question-1' style=';'><div id='questionWrap-1'  class='   watupro-question-id-64'>\n\t\t\t<div class='question-content'><div><b>Frage:<\/b> Wie hoch ist die ben\u00f6tigte Speicherkapazit\u00e4t?<\/div><input type='hidden' name='question_id[]' id='qID_1' value='64' class='watupro-question-id'\/><input type='hidden' id='answerType64' class='answerTypeCnt1' value='radio'><!-- end question-content--><\/div><div class='question-choices watupro-choices-columns '  id='questionChoices64'><div class='watupro-question-choice  ' dir='auto' ><input type='radio' name='answer-64[]' id='answer-id-223' class='answer   answerof-64  ' value='223'   \/><label for='answer-id-223' id='answer-label-223' class=' answer'><span>ca. 1 Gigabyte<\/span><\/label><\/div><div class='watupro-question-choice  ' dir='auto' ><input type='radio' name='answer-64[]' id='answer-id-224' class='answer   answerof-64  ' value='224'   \/><label for='answer-id-224' id='answer-label-224' class=' answer'><span>ca. 10 Gigabyte<\/span><\/label><\/div><div class='watupro-question-choice  ' dir='auto' ><input type='radio' name='answer-64[]' id='answer-id-225' class='answer   answerof-64  ' value='225'   \/><label for='answer-id-225' id='answer-label-225' class=' answer'><span>ca. 100 Gigabyte<\/span><\/label><\/div><div class='watupro-question-choice  ' dir='auto' ><input type='radio' name='answer-64[]' id='answer-id-226' class='answer   answerof-64  ' value='226'   \/><label for='answer-id-226' id='answer-label-226' class=' answer'><span>ca. 1 Terabyte<\/span><\/label><\/div><!-- end question-choices--><\/div><!-- end questionWrap--><\/div><\/div><div style='display:none' id='question-2'>\n\t<div class='question-content'>\n\t\t<img loading=\"lazy\" decoding=\"async\" src=\"https:\/\/osa.fh-potsdam.de\/informations-u-datenmanagement\/wp-content\/plugins\/watupro\/img\/loading.gif\" width=\"16\" height=\"16\" alt=\"Loading...\" title=\"Loading...\" \/>&nbsp;Loading...\t<\/div>\n<\/div>\n\n<br \/>\n\t\n\t\t\t<div class=\"watupro_buttons flex \" id=\"watuPROButtons11\" >\n\t\t  <div id=\"prev-question\" style=\"display:none;\"><input type=\"button\" value=\"&lt; Zur\u00fcck\" onclick=\"WatuPRO.nextQuestion(event, 'previous');\"\/><\/div>\t\t  \t\t  \t\t   \n\t\t   \t  \t\t<div><input type=\"button\" name=\"action\" class=\"watupro-submit-button\" onclick=\"WatuPRO.submitResult(event)\" id=\"action-button\" value=\"Antwort pr\u00fcfen\"  \/>\n\t\t<\/div>\n\t\t<\/div>\n\t\t\n\t<input type=\"hidden\" name=\"quiz_id\" value=\"11\" id=\"watuPROExamID\"\/>\n\t<input type=\"hidden\" name=\"start_time\" id=\"startTime\" value=\"2026-05-13 21:27:09\" \/>\n\t<input type=\"hidden\" name=\"start_timestamp\" id=\"startTimeStamp\" value=\"1778707629\" \/>\n\t<input type=\"hidden\" name=\"question_ids\" value=\"\" \/>\n\t<input type=\"hidden\" name=\"watupro_questions\" value=\"64:223,224,225,226\" \/>\n\t<input type=\"hidden\" name=\"no_ajax\" value=\"0\">\t\t\t<\/form>\n\t<p>&nbsp;<\/p>\n<\/div>\n\n<script type=\"text\/javascript\">\n\/\/jQuery(document).ready(function(){\ndocument.addEventListener(\"DOMContentLoaded\", function(event) { \t\nvar question_ids = \"64\";\nWatuPROSettings[11] = {};\nWatuPRO.qArr = question_ids.split(',');\nWatuPRO.exam_id = 11;\t    \nWatuPRO.post_id = 737;\nWatuPRO.store_progress = 0;\nWatuPRO.curCatPage = 1;\nWatuPRO.requiredIDs=\"0\".split(\",\");\nWatuPRO.hAppID = \"0.20124900 1778700429\";\nvar url = \"https:\/\/osa.fh-potsdam.de\/informations-u-datenmanagement\/wp-content\/plugins\/watupro\/show_exam.php\";\nWatuPRO.examMode = 1;\nWatuPRO.siteURL=\"https:\/\/osa.fh-potsdam.de\/informations-u-datenmanagement\/wp-admin\/admin-ajax.php\";\nWatuPRO.emailIsNotRequired = 0;\nWatuPRO.perDecade = 10;\nWatuPROIntel.init(11);\nWatuPRO.inCategoryPages=1;});    \t \n<\/script>\n\n\n<\/div>\n<\/div><\/div>\n\n\n<div class=\"wp-block-buttons floating-buttons-group is-content-justification-space-between is-layout-flex wp-container-core-buttons-is-layout-3d213aab wp-block-buttons-is-layout-flex\">\n<div class=\"wp-block-button has-custom-width wp-block-button__width-50\"><a class=\"wp-block-button__link has-white-color has-text-color has-background has-link-color has-text-align-center wp-element-button\" href=\"https:\/\/osa.fh-potsdam.de\/informations-u-datenmanagement\/aufgaben\/\" style=\"background-color:#192841\">Zur \u00dcbersicht<\/a><\/div>\n\n\n\n<div class=\"wp-block-button has-custom-width wp-block-button__width-50\"><a class=\"wp-block-button__link has-white-color has-text-color has-background has-link-color has-text-align-center wp-element-button\" href=\"https:\/\/osa.fh-potsdam.de\/informations-u-datenmanagement\/aufgaben\/analoge-und-digitale-technik\/\" style=\"background-color:#e41729\">N\u00e4chste Aufgabe<\/a><\/div>\n<\/div>\n","protected":false},"excerpt":{"rendered":"<p>Speicher\u00adtechnologie<\/p>\n","protected":false},"author":1,"featured_media":0,"parent":244,"menu_order":8,"comment_status":"closed","ping_status":"closed","template":"","meta":{"powered_cache_disable_cache":false,"footnotes":""},"class_list":["post-737","page","type-page","status-publish","hentry"],"yoast_head":"<!-- This site is optimized with the Yoast SEO plugin v27.5 - https:\/\/yoast.com\/product\/yoast-seo-wordpress\/ -->\n<title>Speichertechnologie - OSA Informations- und Datenmanagement der FH Potsdam<\/title>\n<meta name=\"robots\" content=\"index, follow, max-snippet:-1, max-image-preview:large, max-video-preview:-1\" \/>\n<link rel=\"canonical\" href=\"https:\/\/osa.fh-potsdam.de\/informations-u-datenmanagement\/aufgaben\/speichertechnologie\/\" \/>\n<meta property=\"og:locale\" content=\"de_DE\" \/>\n<meta property=\"og:type\" content=\"article\" \/>\n<meta property=\"og:title\" content=\"Speichertechnologie - OSA Informations- und Datenmanagement der FH Potsdam\" \/>\n<meta property=\"og:description\" content=\"Speicher\u00adtechnologie\" \/>\n<meta property=\"og:url\" content=\"https:\/\/osa.fh-potsdam.de\/informations-u-datenmanagement\/aufgaben\/speichertechnologie\/\" \/>\n<meta property=\"og:site_name\" content=\"OSA Informations- und Datenmanagement der FH Potsdam\" \/>\n<meta property=\"article:modified_time\" content=\"2025-07-25T09:51:43+00:00\" \/>\n<meta name=\"twitter:card\" content=\"summary_large_image\" \/>\n<meta name=\"twitter:label1\" content=\"Gesch\u00e4tzte Lesezeit\" \/>\n\t<meta name=\"twitter:data1\" content=\"1\u00a0Minute\" \/>\n<script type=\"application\/ld+json\" class=\"yoast-schema-graph\">{\"@context\":\"https:\\\/\\\/schema.org\",\"@graph\":[{\"@type\":\"WebPage\",\"@id\":\"https:\\\/\\\/osa.fh-potsdam.de\\\/informations-u-datenmanagement\\\/aufgaben\\\/speichertechnologie\\\/\",\"url\":\"https:\\\/\\\/osa.fh-potsdam.de\\\/informations-u-datenmanagement\\\/aufgaben\\\/speichertechnologie\\\/\",\"name\":\"Speichertechnologie - OSA Informations- und Datenmanagement der FH Potsdam\",\"isPartOf\":{\"@id\":\"https:\\\/\\\/osa.fh-potsdam.de\\\/informations-u-datenmanagement\\\/#website\"},\"datePublished\":\"2024-06-06T11:29:04+00:00\",\"dateModified\":\"2025-07-25T09:51:43+00:00\",\"breadcrumb\":{\"@id\":\"https:\\\/\\\/osa.fh-potsdam.de\\\/informations-u-datenmanagement\\\/aufgaben\\\/speichertechnologie\\\/#breadcrumb\"},\"inLanguage\":\"de\",\"potentialAction\":[{\"@type\":\"ReadAction\",\"target\":[\"https:\\\/\\\/osa.fh-potsdam.de\\\/informations-u-datenmanagement\\\/aufgaben\\\/speichertechnologie\\\/\"]}]},{\"@type\":\"BreadcrumbList\",\"@id\":\"https:\\\/\\\/osa.fh-potsdam.de\\\/informations-u-datenmanagement\\\/aufgaben\\\/speichertechnologie\\\/#breadcrumb\",\"itemListElement\":[{\"@type\":\"ListItem\",\"position\":1,\"name\":\"Startseite\",\"item\":\"https:\\\/\\\/osa.fh-potsdam.de\\\/informations-u-datenmanagement\\\/\"},{\"@type\":\"ListItem\",\"position\":2,\"name\":\"Aufgaben\",\"item\":\"https:\\\/\\\/osa.fh-potsdam.de\\\/informations-u-datenmanagement\\\/aufgaben\\\/\"},{\"@type\":\"ListItem\",\"position\":3,\"name\":\"Speichertechnologie\"}]},{\"@type\":\"WebSite\",\"@id\":\"https:\\\/\\\/osa.fh-potsdam.de\\\/informations-u-datenmanagement\\\/#website\",\"url\":\"https:\\\/\\\/osa.fh-potsdam.de\\\/informations-u-datenmanagement\\\/\",\"name\":\"OSA Informations- & Datenmanagement\",\"description\":\"Studienwahl-Assistent f\u00fcr den Studiengang Informations- und Datenmanagement\",\"publisher\":{\"@id\":\"https:\\\/\\\/osa.fh-potsdam.de\\\/informations-u-datenmanagement\\\/#organization\"},\"potentialAction\":[{\"@type\":\"SearchAction\",\"target\":{\"@type\":\"EntryPoint\",\"urlTemplate\":\"https:\\\/\\\/osa.fh-potsdam.de\\\/informations-u-datenmanagement\\\/?s={search_term_string}\"},\"query-input\":{\"@type\":\"PropertyValueSpecification\",\"valueRequired\":true,\"valueName\":\"search_term_string\"}}],\"inLanguage\":\"de\"},{\"@type\":\"Organization\",\"@id\":\"https:\\\/\\\/osa.fh-potsdam.de\\\/informations-u-datenmanagement\\\/#organization\",\"name\":\"OSA Informations- & Datenmanagement\",\"url\":\"https:\\\/\\\/osa.fh-potsdam.de\\\/informations-u-datenmanagement\\\/\",\"logo\":{\"@type\":\"ImageObject\",\"inLanguage\":\"de\",\"@id\":\"https:\\\/\\\/osa.fh-potsdam.de\\\/informations-u-datenmanagement\\\/#\\\/schema\\\/logo\\\/image\\\/\",\"url\":\"\",\"contentUrl\":\"\",\"caption\":\"OSA Informations- & Datenmanagement\"},\"image\":{\"@id\":\"https:\\\/\\\/osa.fh-potsdam.de\\\/informations-u-datenmanagement\\\/#\\\/schema\\\/logo\\\/image\\\/\"}}]}<\/script>\n<!-- \/ Yoast SEO plugin. -->","yoast_head_json":{"title":"Speichertechnologie - OSA Informations- und Datenmanagement der FH Potsdam","robots":{"index":"index","follow":"follow","max-snippet":"max-snippet:-1","max-image-preview":"max-image-preview:large","max-video-preview":"max-video-preview:-1"},"canonical":"https:\/\/osa.fh-potsdam.de\/informations-u-datenmanagement\/aufgaben\/speichertechnologie\/","og_locale":"de_DE","og_type":"article","og_title":"Speichertechnologie - OSA Informations- und Datenmanagement der FH Potsdam","og_description":"Speicher\u00adtechnologie","og_url":"https:\/\/osa.fh-potsdam.de\/informations-u-datenmanagement\/aufgaben\/speichertechnologie\/","og_site_name":"OSA Informations- und Datenmanagement der FH Potsdam","article_modified_time":"2025-07-25T09:51:43+00:00","twitter_card":"summary_large_image","twitter_misc":{"Gesch\u00e4tzte Lesezeit":"1\u00a0Minute"},"schema":{"@context":"https:\/\/schema.org","@graph":[{"@type":"WebPage","@id":"https:\/\/osa.fh-potsdam.de\/informations-u-datenmanagement\/aufgaben\/speichertechnologie\/","url":"https:\/\/osa.fh-potsdam.de\/informations-u-datenmanagement\/aufgaben\/speichertechnologie\/","name":"Speichertechnologie - OSA Informations- und Datenmanagement der FH Potsdam","isPartOf":{"@id":"https:\/\/osa.fh-potsdam.de\/informations-u-datenmanagement\/#website"},"datePublished":"2024-06-06T11:29:04+00:00","dateModified":"2025-07-25T09:51:43+00:00","breadcrumb":{"@id":"https:\/\/osa.fh-potsdam.de\/informations-u-datenmanagement\/aufgaben\/speichertechnologie\/#breadcrumb"},"inLanguage":"de","potentialAction":[{"@type":"ReadAction","target":["https:\/\/osa.fh-potsdam.de\/informations-u-datenmanagement\/aufgaben\/speichertechnologie\/"]}]},{"@type":"BreadcrumbList","@id":"https:\/\/osa.fh-potsdam.de\/informations-u-datenmanagement\/aufgaben\/speichertechnologie\/#breadcrumb","itemListElement":[{"@type":"ListItem","position":1,"name":"Startseite","item":"https:\/\/osa.fh-potsdam.de\/informations-u-datenmanagement\/"},{"@type":"ListItem","position":2,"name":"Aufgaben","item":"https:\/\/osa.fh-potsdam.de\/informations-u-datenmanagement\/aufgaben\/"},{"@type":"ListItem","position":3,"name":"Speichertechnologie"}]},{"@type":"WebSite","@id":"https:\/\/osa.fh-potsdam.de\/informations-u-datenmanagement\/#website","url":"https:\/\/osa.fh-potsdam.de\/informations-u-datenmanagement\/","name":"OSA Informations- & Datenmanagement","description":"Studienwahl-Assistent f\u00fcr den Studiengang Informations- und Datenmanagement","publisher":{"@id":"https:\/\/osa.fh-potsdam.de\/informations-u-datenmanagement\/#organization"},"potentialAction":[{"@type":"SearchAction","target":{"@type":"EntryPoint","urlTemplate":"https:\/\/osa.fh-potsdam.de\/informations-u-datenmanagement\/?s={search_term_string}"},"query-input":{"@type":"PropertyValueSpecification","valueRequired":true,"valueName":"search_term_string"}}],"inLanguage":"de"},{"@type":"Organization","@id":"https:\/\/osa.fh-potsdam.de\/informations-u-datenmanagement\/#organization","name":"OSA Informations- & Datenmanagement","url":"https:\/\/osa.fh-potsdam.de\/informations-u-datenmanagement\/","logo":{"@type":"ImageObject","inLanguage":"de","@id":"https:\/\/osa.fh-potsdam.de\/informations-u-datenmanagement\/#\/schema\/logo\/image\/","url":"","contentUrl":"","caption":"OSA Informations- & Datenmanagement"},"image":{"@id":"https:\/\/osa.fh-potsdam.de\/informations-u-datenmanagement\/#\/schema\/logo\/image\/"}}]}},"_links":{"self":[{"href":"https:\/\/osa.fh-potsdam.de\/informations-u-datenmanagement\/wp-json\/wp\/v2\/pages\/737","targetHints":{"allow":["GET"]}}],"collection":[{"href":"https:\/\/osa.fh-potsdam.de\/informations-u-datenmanagement\/wp-json\/wp\/v2\/pages"}],"about":[{"href":"https:\/\/osa.fh-potsdam.de\/informations-u-datenmanagement\/wp-json\/wp\/v2\/types\/page"}],"author":[{"embeddable":true,"href":"https:\/\/osa.fh-potsdam.de\/informations-u-datenmanagement\/wp-json\/wp\/v2\/users\/1"}],"replies":[{"embeddable":true,"href":"https:\/\/osa.fh-potsdam.de\/informations-u-datenmanagement\/wp-json\/wp\/v2\/comments?post=737"}],"version-history":[{"count":12,"href":"https:\/\/osa.fh-potsdam.de\/informations-u-datenmanagement\/wp-json\/wp\/v2\/pages\/737\/revisions"}],"predecessor-version":[{"id":1645,"href":"https:\/\/osa.fh-potsdam.de\/informations-u-datenmanagement\/wp-json\/wp\/v2\/pages\/737\/revisions\/1645"}],"up":[{"embeddable":true,"href":"https:\/\/osa.fh-potsdam.de\/informations-u-datenmanagement\/wp-json\/wp\/v2\/pages\/244"}],"wp:attachment":[{"href":"https:\/\/osa.fh-potsdam.de\/informations-u-datenmanagement\/wp-json\/wp\/v2\/media?parent=737"}],"curies":[{"name":"wp","href":"https:\/\/api.w.org\/{rel}","templated":true}]}}