{"id":607,"date":"2024-06-04T22:20:41","date_gmt":"2024-06-04T20:20:41","guid":{"rendered":"https:\/\/osa.fh-potsdam.de\/informations-u-datenmanagement\/?page_id=607"},"modified":"2025-08-04T14:53:36","modified_gmt":"2025-08-04T12:53:36","slug":"studienbereiche","status":"publish","type":"page","link":"https:\/\/osa.fh-potsdam.de\/informations-u-datenmanagement\/studium\/studienbereiche\/","title":{"rendered":"Hauptstudienbereiche"},"content":{"rendered":"\n<h2 class=\"wp-block-heading\"><strong>Hauptstudienbereiche<\/strong><\/h2>\n\n\n<div  class=\"grids-section grids-is-advanced\" style=\"--_gs-gap-desktop:0px 60px;--_gs-m-desktop:20px 0 60px 0;--_gs-p-desktop:0 0 0 0;--_gs-bg-desktop:transparent none;--_gs-bg-xp-desktop:0px;--_gs-zi-desktop:auto;--_gs-d-desktop:block;--_gs-mw-desktop:calc(100% - 0 - 0);--_gs-gap-tablet:0px 60px;--_gs-m-tablet:20px 0 60px 0;--_gs-p-tablet:0 0 0 0;--_gs-bg-tablet:transparent none;--_gs-bg-xp-tablet:0px;--_gs-zi-tablet:auto;--_gs-d-tablet:block;--_gs-mw-tablet:calc(100% - 0 - 0);--_gs-gap-mobile:0px 60px;--_gs-m-mobile:20px 0 60px 0;--_gs-p-mobile:0 0 0 0;--_gs-bg-mobile:transparent none;--_gs-bg-xp-mobile:0px;--_gs-zi-mobile:auto;--_gs-d-mobile:block;--_gs-mw-mobile:calc(100% - 0 - 0);--_gs-columns:12;--_gs-rows:6\"><div class=\"grids-s-w_i\">\n<div class=\"grids-area\" style=\"--_ga-column:1\/13;--_ga-row:1\/3;--_ga-m-desktop:0 0 0 0;--_ga-p-desktop:0 0 0 0;--_ga-bg-desktop:transparent none;--_ga-zi-desktop:auto;--_ga-d-desktop:flex;--_ga-mw-desktop:calc(100% - 0 - 0);--_ga-m-tablet:0 0 0 0;--_ga-p-tablet:0 0 0 0;--_ga-bg-tablet:transparent none;--_ga-zi-tablet:auto;--_ga-d-tablet:flex;--_ga-mw-tablet:calc(100% - 0 - 0);--_ga-m-mobile:0 0 0 0;--_ga-p-mobile:0 0 0 0;--_ga-bg-mobile:transparent none;--_ga-zi-mobile:auto;--_ga-d-mobile:flex;--_ga-mw-mobile:calc(100% - 0 - 0)\">\n\n<p>Der Bachelor-Studiengang Informations- und Datenmanagement an der FH Potsdam umfasst <strong>f\u00fcnf grundlegende Themenbereiche,<\/strong> welche hier einsehbar sind. Klicken Sie auf die Bilder oder Links, um sich die Beschreibungen zu den jeweilen Bereichen anzeigen zu lassen. <strong>Hinweis:<\/strong> Mit Hilfe des fachbereichseigenen Modulhandbuchs k\u00f6nnen Sie sich \u00fcber die einzelnen Lehrmodule und ihre Inhalte umf\u00e4nglicher informieren.<\/p>\n\n\n\n<p class=\"has-background\" style=\"background-color:#f0f4f9\"><a href=\"https:\/\/www.fh-potsdam.de\/sites\/default\/files\/2023-12\/455-modulhandbuch-ba-fb5-abk-fhpotsdam-23-06-26.pdf\" target=\"_blank\" rel=\"noreferrer noopener\">Modulhandbuch des Fachbereichs Informationswissenschaften (PDF<a href=\"https:\/\/www.fh-potsdam.de\/sites\/default\/files\/2023-12\/455-modulhandbuch-ba-fb5-abk-fhpotsdam-23-06-26.pdf\" target=\"_blank\" rel=\"noreferrer noopener\">)\u00a0\u2794<\/a><\/a><\/p>\n\n\n\n<div style=\"height:20px\" aria-hidden=\"true\" class=\"wp-block-spacer\"><\/div>\n\n\n\n<div class=\"wp-block-group\"><div class=\"wp-block-group__inner-container is-layout-constrained wp-block-group-is-layout-constrained\">\n<hr class=\"wp-block-separator has-alpha-channel-opacity\"\/>\n<\/div><\/div>\n\n<\/div>\n\n<div class=\"grids-area\" style=\"--_ga-column:1\/5;--_ga-row:3\/5;--_ga-m-desktop:0 0 0 0;--_ga-p-desktop:0 0 0 0;--_ga-bg-desktop:transparent none;--_ga-zi-desktop:auto;--_ga-d-desktop:flex;--_ga-mw-desktop:calc(100% - 0 - 0);--_ga-m-tablet:0 0 0 0;--_ga-p-tablet:0 0 0 0;--_ga-bg-tablet:transparent none;--_ga-zi-tablet:auto;--_ga-d-tablet:flex;--_ga-mw-tablet:calc(100% - 0 - 0);--_ga-m-mobile:0 0 0 0;--_ga-p-mobile:0 0 0 0;--_ga-bg-mobile:transparent none;--_ga-zi-mobile:auto;--_ga-d-mobile:flex;--_ga-mw-mobile:calc(100% - 0 - 0)\">\n\n<div class=\"wp-block-group\"><div class=\"wp-block-group__inner-container is-layout-constrained wp-block-group-is-layout-constrained\"><div class=\"wp-block-image\">\n<figure class=\"aligncenter size-large\"><a href=\"https:\/\/osa.fh-potsdam.de\/informations-u-datenmanagement\/studium\/informations-und-wissensmanagement\/\"><img loading=\"lazy\" decoding=\"async\" width=\"1024\" height=\"827\" src=\"https:\/\/osa.fh-potsdam.de\/informations-u-datenmanagement\/wp-content\/uploads\/sites\/8\/2024\/06\/2_1_Wissensmanagement_IuD-1024x827.webp\" alt=\"\" class=\"wp-image-1106\" style=\"aspect-ratio:1;object-fit:cover\" srcset=\"https:\/\/osa.fh-potsdam.de\/informations-u-datenmanagement\/wp-content\/uploads\/sites\/8\/2024\/06\/2_1_Wissensmanagement_IuD-1024x827.webp 1024w, https:\/\/osa.fh-potsdam.de\/informations-u-datenmanagement\/wp-content\/uploads\/sites\/8\/2024\/06\/2_1_Wissensmanagement_IuD-300x242.webp 300w, https:\/\/osa.fh-potsdam.de\/informations-u-datenmanagement\/wp-content\/uploads\/sites\/8\/2024\/06\/2_1_Wissensmanagement_IuD-768x620.webp 768w, https:\/\/osa.fh-potsdam.de\/informations-u-datenmanagement\/wp-content\/uploads\/sites\/8\/2024\/06\/2_1_Wissensmanagement_IuD-1536x1241.webp 1536w, https:\/\/osa.fh-potsdam.de\/informations-u-datenmanagement\/wp-content\/uploads\/sites\/8\/2024\/06\/2_1_Wissensmanagement_IuD-2048x1654.webp 2048w\" sizes=\"auto, (max-width: 1024px) 100vw, 1024px\" \/><\/a><\/figure>\n<\/div>\n\n\n<p class=\"has-text-align-center\"><a href=\"https:\/\/osa.fh-potsdam.de\/informations-u-datenmanagement\/studium\/informations-und-wissensmanagement\/\">Informations- und Wissens\u00admanagement, Dokumenten\u00adverwaltung&nbsp;\u2794<\/a><\/p>\n<\/div><\/div>\n\n<\/div>\n\n<div class=\"grids-area\" style=\"--_ga-column:5\/9;--_ga-row:3\/5;--_ga-m-desktop:0 0 0 0;--_ga-p-desktop:0 0 0 0;--_ga-bg-desktop:transparent none;--_ga-zi-desktop:auto;--_ga-d-desktop:flex;--_ga-mw-desktop:calc(100% - 0 - 0);--_ga-m-tablet:0 0 0 0;--_ga-p-tablet:0 0 0 0;--_ga-bg-tablet:transparent none;--_ga-zi-tablet:auto;--_ga-d-tablet:flex;--_ga-mw-tablet:calc(100% - 0 - 0);--_ga-m-mobile:0 0 0 0;--_ga-p-mobile:0 0 0 0;--_ga-bg-mobile:transparent none;--_ga-zi-mobile:auto;--_ga-d-mobile:flex;--_ga-mw-mobile:calc(100% - 0 - 0)\">\n\n<div class=\"wp-block-group\"><div class=\"wp-block-group__inner-container is-layout-constrained wp-block-group-is-layout-constrained\"><div class=\"wp-block-image\">\n<figure class=\"aligncenter size-large\"><a href=\"https:\/\/osa.fh-potsdam.de\/informations-u-datenmanagement\/studium\/datenmodellierung-und-datenmanagement\/\"><img loading=\"lazy\" decoding=\"async\" width=\"1024\" height=\"827\" src=\"https:\/\/osa.fh-potsdam.de\/informations-u-datenmanagement\/wp-content\/uploads\/sites\/8\/2024\/06\/2_2_Datenbank_IuD-1024x827.webp\" alt=\"\" class=\"wp-image-1107\" style=\"aspect-ratio:1;object-fit:cover\" srcset=\"https:\/\/osa.fh-potsdam.de\/informations-u-datenmanagement\/wp-content\/uploads\/sites\/8\/2024\/06\/2_2_Datenbank_IuD-1024x827.webp 1024w, https:\/\/osa.fh-potsdam.de\/informations-u-datenmanagement\/wp-content\/uploads\/sites\/8\/2024\/06\/2_2_Datenbank_IuD-300x242.webp 300w, https:\/\/osa.fh-potsdam.de\/informations-u-datenmanagement\/wp-content\/uploads\/sites\/8\/2024\/06\/2_2_Datenbank_IuD-768x620.webp 768w, https:\/\/osa.fh-potsdam.de\/informations-u-datenmanagement\/wp-content\/uploads\/sites\/8\/2024\/06\/2_2_Datenbank_IuD-1536x1241.webp 1536w, https:\/\/osa.fh-potsdam.de\/informations-u-datenmanagement\/wp-content\/uploads\/sites\/8\/2024\/06\/2_2_Datenbank_IuD-2048x1654.webp 2048w\" sizes=\"auto, (max-width: 1024px) 100vw, 1024px\" \/><\/a><\/figure>\n<\/div>\n\n\n<p class=\"has-text-align-center\"><a href=\"https:\/\/osa.fh-potsdam.de\/informations-u-datenmanagement\/studium\/datenmodellierung-und-datenmanagement\/\">Datenmodellierung und -management&nbsp;\u2794<\/a><\/p>\n<\/div><\/div>\n\n<\/div>\n\n<div class=\"grids-area\" style=\"--_ga-column:9\/13;--_ga-row:3\/5;--_ga-m-desktop:0 0 0 0;--_ga-p-desktop:0 0 0 0;--_ga-bg-desktop:transparent none;--_ga-zi-desktop:auto;--_ga-d-desktop:flex;--_ga-mw-desktop:calc(100% - 0 - 0);--_ga-m-tablet:0 0 0 0;--_ga-p-tablet:0 0 0 0;--_ga-bg-tablet:transparent none;--_ga-zi-tablet:auto;--_ga-d-tablet:flex;--_ga-mw-tablet:calc(100% - 0 - 0);--_ga-m-mobile:0 0 0 0;--_ga-p-mobile:0 0 0 0;--_ga-bg-mobile:transparent none;--_ga-zi-mobile:auto;--_ga-d-mobile:flex;--_ga-mw-mobile:calc(100% - 0 - 0)\">\n\n<div class=\"wp-block-group\"><div class=\"wp-block-group__inner-container is-layout-constrained wp-block-group-is-layout-constrained\"><div class=\"wp-block-image\">\n<figure class=\"aligncenter size-large\"><a href=\"https:\/\/osa.fh-potsdam.de\/informations-u-datenmanagement\/studium\/inhaltserschliessung\/\"><img loading=\"lazy\" decoding=\"async\" width=\"1024\" height=\"827\" src=\"https:\/\/osa.fh-potsdam.de\/informations-u-datenmanagement\/wp-content\/uploads\/sites\/8\/2024\/06\/2_3_Suchmaschine_IuD-1024x827.webp\" alt=\"\" class=\"wp-image-1108\" style=\"aspect-ratio:1;object-fit:cover\" srcset=\"https:\/\/osa.fh-potsdam.de\/informations-u-datenmanagement\/wp-content\/uploads\/sites\/8\/2024\/06\/2_3_Suchmaschine_IuD-1024x827.webp 1024w, https:\/\/osa.fh-potsdam.de\/informations-u-datenmanagement\/wp-content\/uploads\/sites\/8\/2024\/06\/2_3_Suchmaschine_IuD-300x242.webp 300w, https:\/\/osa.fh-potsdam.de\/informations-u-datenmanagement\/wp-content\/uploads\/sites\/8\/2024\/06\/2_3_Suchmaschine_IuD-768x620.webp 768w, https:\/\/osa.fh-potsdam.de\/informations-u-datenmanagement\/wp-content\/uploads\/sites\/8\/2024\/06\/2_3_Suchmaschine_IuD-1536x1241.webp 1536w, https:\/\/osa.fh-potsdam.de\/informations-u-datenmanagement\/wp-content\/uploads\/sites\/8\/2024\/06\/2_3_Suchmaschine_IuD-2048x1654.webp 2048w\" sizes=\"auto, (max-width: 1024px) 100vw, 1024px\" \/><\/a><\/figure>\n<\/div>\n\n\n<p class=\"has-text-align-center\"><a href=\"https:\/\/osa.fh-potsdam.de\/informations-u-datenmanagement\/studium\/inhaltserschliessung\/\">Information-Retrieval, Data- und Text-Mining, Inhaltserschlie\u00dfung&nbsp;\u2794<\/a><\/p>\n<\/div><\/div>\n\n<\/div>\n\n<div class=\"grids-area\" style=\"--_ga-column:1\/5;--_ga-row:5\/7;--_ga-m-desktop:0 0 0 0;--_ga-p-desktop:0 0 0 0;--_ga-bg-desktop:transparent none;--_ga-zi-desktop:auto;--_ga-d-desktop:flex;--_ga-mw-desktop:calc(100% - 0 - 0);--_ga-m-tablet:0 0 0 0;--_ga-p-tablet:0 0 0 0;--_ga-bg-tablet:transparent none;--_ga-zi-tablet:auto;--_ga-d-tablet:flex;--_ga-mw-tablet:calc(100% - 0 - 0);--_ga-m-mobile:0 0 0 0;--_ga-p-mobile:0 0 0 0;--_ga-bg-mobile:transparent none;--_ga-zi-mobile:auto;--_ga-d-mobile:flex;--_ga-mw-mobile:calc(100% - 0 - 0)\">\n\n<div class=\"wp-block-group\"><div class=\"wp-block-group__inner-container is-layout-constrained wp-block-group-is-layout-constrained\"><div class=\"wp-block-image\">\n<figure class=\"aligncenter size-large\"><a href=\"https:\/\/osa.fh-potsdam.de\/informations-u-datenmanagement\/studium\/querschnittsthema-informationstechnologien\/\"><img loading=\"lazy\" decoding=\"async\" width=\"1024\" height=\"827\" src=\"https:\/\/osa.fh-potsdam.de\/informations-u-datenmanagement\/wp-content\/uploads\/sites\/8\/2024\/06\/2_4_Informationstechnologie_IuD-1024x827.webp\" alt=\"\" class=\"wp-image-1109\" style=\"aspect-ratio:1;object-fit:cover\" srcset=\"https:\/\/osa.fh-potsdam.de\/informations-u-datenmanagement\/wp-content\/uploads\/sites\/8\/2024\/06\/2_4_Informationstechnologie_IuD-1024x827.webp 1024w, https:\/\/osa.fh-potsdam.de\/informations-u-datenmanagement\/wp-content\/uploads\/sites\/8\/2024\/06\/2_4_Informationstechnologie_IuD-300x242.webp 300w, https:\/\/osa.fh-potsdam.de\/informations-u-datenmanagement\/wp-content\/uploads\/sites\/8\/2024\/06\/2_4_Informationstechnologie_IuD-768x620.webp 768w, https:\/\/osa.fh-potsdam.de\/informations-u-datenmanagement\/wp-content\/uploads\/sites\/8\/2024\/06\/2_4_Informationstechnologie_IuD-1536x1241.webp 1536w, https:\/\/osa.fh-potsdam.de\/informations-u-datenmanagement\/wp-content\/uploads\/sites\/8\/2024\/06\/2_4_Informationstechnologie_IuD-2048x1654.webp 2048w\" sizes=\"auto, (max-width: 1024px) 100vw, 1024px\" \/><\/a><\/figure>\n<\/div>\n\n\n<p class=\"has-text-align-center\"><a href=\"https:\/\/osa.fh-potsdam.de\/informations-u-datenmanagement\/studium\/querschnittsthema-informationstechnologien\/\">Querschnittsthema: Informations-, Web- und Internettechnologien&nbsp;\u2794<\/a><\/p>\n<\/div><\/div>\n\n<\/div>\n\n<div class=\"grids-area\" style=\"--_ga-column:5\/9;--_ga-row:5\/7;--_ga-m-desktop:0 0 0 0;--_ga-p-desktop:0 0 0 0;--_ga-bg-desktop:transparent none;--_ga-zi-desktop:auto;--_ga-d-desktop:flex;--_ga-mw-desktop:calc(100% - 0 - 0);--_ga-m-tablet:0 0 0 0;--_ga-p-tablet:0 0 0 0;--_ga-bg-tablet:transparent none;--_ga-zi-tablet:auto;--_ga-d-tablet:flex;--_ga-mw-tablet:calc(100% - 0 - 0);--_ga-m-mobile:0 0 0 0;--_ga-p-mobile:0 0 0 0;--_ga-bg-mobile:transparent none;--_ga-zi-mobile:auto;--_ga-d-mobile:flex;--_ga-mw-mobile:calc(100% - 0 - 0)\">\n\n<div class=\"wp-block-group\"><div class=\"wp-block-group__inner-container is-layout-constrained wp-block-group-is-layout-constrained\"><div class=\"wp-block-image\">\n<figure class=\"aligncenter size-large\"><a href=\"https:\/\/osa.fh-potsdam.de\/informations-u-datenmanagement\/studium\/querschnittsthema-digitale-gesellschaft\/\"><img loading=\"lazy\" decoding=\"async\" width=\"1024\" height=\"958\" src=\"https:\/\/osa.fh-potsdam.de\/informations-u-datenmanagement\/wp-content\/uploads\/sites\/8\/2024\/06\/2_5_digiGesellschaft_IuD-1024x958.webp\" alt=\"\" class=\"wp-image-1110\" style=\"aspect-ratio:1;object-fit:contain\" srcset=\"https:\/\/osa.fh-potsdam.de\/informations-u-datenmanagement\/wp-content\/uploads\/sites\/8\/2024\/06\/2_5_digiGesellschaft_IuD-1024x958.webp 1024w, https:\/\/osa.fh-potsdam.de\/informations-u-datenmanagement\/wp-content\/uploads\/sites\/8\/2024\/06\/2_5_digiGesellschaft_IuD-300x281.webp 300w, https:\/\/osa.fh-potsdam.de\/informations-u-datenmanagement\/wp-content\/uploads\/sites\/8\/2024\/06\/2_5_digiGesellschaft_IuD-768x718.webp 768w, https:\/\/osa.fh-potsdam.de\/informations-u-datenmanagement\/wp-content\/uploads\/sites\/8\/2024\/06\/2_5_digiGesellschaft_IuD-1536x1437.webp 1536w, https:\/\/osa.fh-potsdam.de\/informations-u-datenmanagement\/wp-content\/uploads\/sites\/8\/2024\/06\/2_5_digiGesellschaft_IuD-2048x1916.webp 2048w\" sizes=\"auto, (max-width: 1024px) 100vw, 1024px\" \/><\/a><\/figure>\n<\/div>\n\n\n<p class=\"has-text-align-center\"><a href=\"https:\/\/osa.fh-potsdam.de\/informations-u-datenmanagement\/studium\/querschnittsthema-digitale-gesellschaft\/\">Querschnittsthema: digitale Gesellschaft&nbsp;\u2794<\/a><\/p>\n<\/div><\/div>\n\n<\/div>\n\n<div class=\"grids-area\" style=\"--_ga-column:9\/13;--_ga-row:5\/7;--_ga-m-desktop:0 0 0 0;--_ga-p-desktop:0 0 0 0;--_ga-bg-desktop:transparent none;--_ga-zi-desktop:auto;--_ga-d-desktop:flex;--_ga-mw-desktop:calc(100% - 0 - 0);--_ga-m-tablet:0 0 0 0;--_ga-p-tablet:0 0 0 0;--_ga-bg-tablet:transparent none;--_ga-zi-tablet:auto;--_ga-d-tablet:flex;--_ga-mw-tablet:calc(100% - 0 - 0);--_ga-m-mobile:0 0 0 0;--_ga-p-mobile:0 0 0 0;--_ga-bg-mobile:transparent none;--_ga-zi-mobile:auto;--_ga-d-mobile:flex;--_ga-mw-mobile:calc(100% - 0 - 0)\"><\/div>\n<\/div><\/div>\n\n\n<div class=\"wp-block-buttons floating-buttons-group is-content-justification-space-between is-nowrap is-layout-flex wp-container-core-buttons-is-layout-5a589469 wp-block-buttons-is-layout-flex\">\n<div class=\"wp-block-button has-custom-width wp-block-button__width-50\"><a class=\"wp-block-button__link has-white-color has-text-color has-background has-link-color has-text-align-center wp-element-button\" href=\"https:\/\/osa.fh-potsdam.de\/informations-u-datenmanagement\/studium\/videointerviews\/\" style=\"background-color:#192841\">Zur\u00fcck<\/a><\/div>\n\n\n\n<div class=\"wp-block-button has-custom-width wp-block-button__width-50 floating-button\"><a class=\"wp-block-button__link has-white-color has-text-color has-background has-link-color has-text-align-center wp-element-button\" href=\"https:\/\/osa.fh-potsdam.de\/informations-u-datenmanagement\/studium\/studienverlauf\/\" style=\"background-color:#e41729\">Weiter<\/a><\/div>\n<\/div>\n","protected":false},"excerpt":{"rendered":"<p>Hauptstudienbereiche<\/p>\n","protected":false},"author":1,"featured_media":0,"parent":390,"menu_order":1,"comment_status":"closed","ping_status":"closed","template":"","meta":{"powered_cache_disable_cache":false,"footnotes":""},"class_list":["post-607","page","type-page","status-publish","hentry"],"yoast_head":"<!-- This site is optimized with the Yoast SEO plugin v27.5 - https:\/\/yoast.com\/product\/yoast-seo-wordpress\/ -->\n<title>Hauptstudienbereiche - OSA Informations- und Datenmanagement der FH Potsdam<\/title>\n<meta name=\"robots\" content=\"index, follow, max-snippet:-1, max-image-preview:large, max-video-preview:-1\" \/>\n<link rel=\"canonical\" href=\"https:\/\/osa.fh-potsdam.de\/informations-u-datenmanagement\/studium\/studienbereiche\/\" \/>\n<meta property=\"og:locale\" content=\"de_DE\" \/>\n<meta property=\"og:type\" content=\"article\" \/>\n<meta property=\"og:title\" content=\"Hauptstudienbereiche - OSA Informations- und Datenmanagement der FH Potsdam\" \/>\n<meta property=\"og:description\" content=\"Hauptstudienbereiche\" \/>\n<meta property=\"og:url\" content=\"https:\/\/osa.fh-potsdam.de\/informations-u-datenmanagement\/studium\/studienbereiche\/\" \/>\n<meta property=\"og:site_name\" content=\"OSA Informations- und Datenmanagement der FH Potsdam\" \/>\n<meta property=\"article:modified_time\" content=\"2025-08-04T12:53:36+00:00\" \/>\n<meta property=\"og:image\" content=\"https:\/\/osa.fh-potsdam.de\/informations-u-datenmanagement\/wp-content\/uploads\/sites\/8\/2024\/06\/2_1_Wissensmanagement_IuD-scaled.webp\" \/>\n\t<meta property=\"og:image:width\" content=\"2560\" \/>\n\t<meta property=\"og:image:height\" content=\"2068\" \/>\n\t<meta property=\"og:image:type\" content=\"image\/webp\" \/>\n<meta name=\"twitter:card\" content=\"summary_large_image\" \/>\n<meta name=\"twitter:label1\" content=\"Gesch\u00e4tzte Lesezeit\" \/>\n\t<meta name=\"twitter:data1\" content=\"2\u00a0Minuten\" \/>\n<script type=\"application\/ld+json\" class=\"yoast-schema-graph\">{\"@context\":\"https:\\\/\\\/schema.org\",\"@graph\":[{\"@type\":\"WebPage\",\"@id\":\"https:\\\/\\\/osa.fh-potsdam.de\\\/informations-u-datenmanagement\\\/studium\\\/studienbereiche\\\/\",\"url\":\"https:\\\/\\\/osa.fh-potsdam.de\\\/informations-u-datenmanagement\\\/studium\\\/studienbereiche\\\/\",\"name\":\"Hauptstudienbereiche - OSA Informations- und Datenmanagement der FH Potsdam\",\"isPartOf\":{\"@id\":\"https:\\\/\\\/osa.fh-potsdam.de\\\/informations-u-datenmanagement\\\/#website\"},\"primaryImageOfPage\":{\"@id\":\"https:\\\/\\\/osa.fh-potsdam.de\\\/informations-u-datenmanagement\\\/studium\\\/studienbereiche\\\/#primaryimage\"},\"image\":{\"@id\":\"https:\\\/\\\/osa.fh-potsdam.de\\\/informations-u-datenmanagement\\\/studium\\\/studienbereiche\\\/#primaryimage\"},\"thumbnailUrl\":\"https:\\\/\\\/osa.fh-potsdam.de\\\/informations-u-datenmanagement\\\/wp-content\\\/uploads\\\/sites\\\/8\\\/2024\\\/06\\\/2_1_Wissensmanagement_IuD-1024x827.webp\",\"datePublished\":\"2024-06-04T20:20:41+00:00\",\"dateModified\":\"2025-08-04T12:53:36+00:00\",\"breadcrumb\":{\"@id\":\"https:\\\/\\\/osa.fh-potsdam.de\\\/informations-u-datenmanagement\\\/studium\\\/studienbereiche\\\/#breadcrumb\"},\"inLanguage\":\"de\",\"potentialAction\":[{\"@type\":\"ReadAction\",\"target\":[\"https:\\\/\\\/osa.fh-potsdam.de\\\/informations-u-datenmanagement\\\/studium\\\/studienbereiche\\\/\"]}]},{\"@type\":\"ImageObject\",\"inLanguage\":\"de\",\"@id\":\"https:\\\/\\\/osa.fh-potsdam.de\\\/informations-u-datenmanagement\\\/studium\\\/studienbereiche\\\/#primaryimage\",\"url\":\"https:\\\/\\\/osa.fh-potsdam.de\\\/informations-u-datenmanagement\\\/wp-content\\\/uploads\\\/sites\\\/8\\\/2024\\\/06\\\/2_1_Wissensmanagement_IuD-scaled.webp\",\"contentUrl\":\"https:\\\/\\\/osa.fh-potsdam.de\\\/informations-u-datenmanagement\\\/wp-content\\\/uploads\\\/sites\\\/8\\\/2024\\\/06\\\/2_1_Wissensmanagement_IuD-scaled.webp\",\"width\":2560,\"height\":2068},{\"@type\":\"BreadcrumbList\",\"@id\":\"https:\\\/\\\/osa.fh-potsdam.de\\\/informations-u-datenmanagement\\\/studium\\\/studienbereiche\\\/#breadcrumb\",\"itemListElement\":[{\"@type\":\"ListItem\",\"position\":1,\"name\":\"Startseite\",\"item\":\"https:\\\/\\\/osa.fh-potsdam.de\\\/informations-u-datenmanagement\\\/\"},{\"@type\":\"ListItem\",\"position\":2,\"name\":\"Studium\",\"item\":\"https:\\\/\\\/osa.fh-potsdam.de\\\/informations-u-datenmanagement\\\/studium\\\/\"},{\"@type\":\"ListItem\",\"position\":3,\"name\":\"Hauptstudienbereiche\"}]},{\"@type\":\"WebSite\",\"@id\":\"https:\\\/\\\/osa.fh-potsdam.de\\\/informations-u-datenmanagement\\\/#website\",\"url\":\"https:\\\/\\\/osa.fh-potsdam.de\\\/informations-u-datenmanagement\\\/\",\"name\":\"OSA Informations- & Datenmanagement\",\"description\":\"Studienwahl-Assistent f\u00fcr den Studiengang Informations- und Datenmanagement\",\"publisher\":{\"@id\":\"https:\\\/\\\/osa.fh-potsdam.de\\\/informations-u-datenmanagement\\\/#organization\"},\"potentialAction\":[{\"@type\":\"SearchAction\",\"target\":{\"@type\":\"EntryPoint\",\"urlTemplate\":\"https:\\\/\\\/osa.fh-potsdam.de\\\/informations-u-datenmanagement\\\/?s={search_term_string}\"},\"query-input\":{\"@type\":\"PropertyValueSpecification\",\"valueRequired\":true,\"valueName\":\"search_term_string\"}}],\"inLanguage\":\"de\"},{\"@type\":\"Organization\",\"@id\":\"https:\\\/\\\/osa.fh-potsdam.de\\\/informations-u-datenmanagement\\\/#organization\",\"name\":\"OSA Informations- & Datenmanagement\",\"url\":\"https:\\\/\\\/osa.fh-potsdam.de\\\/informations-u-datenmanagement\\\/\",\"logo\":{\"@type\":\"ImageObject\",\"inLanguage\":\"de\",\"@id\":\"https:\\\/\\\/osa.fh-potsdam.de\\\/informations-u-datenmanagement\\\/#\\\/schema\\\/logo\\\/image\\\/\",\"url\":\"\",\"contentUrl\":\"\",\"caption\":\"OSA Informations- & Datenmanagement\"},\"image\":{\"@id\":\"https:\\\/\\\/osa.fh-potsdam.de\\\/informations-u-datenmanagement\\\/#\\\/schema\\\/logo\\\/image\\\/\"}}]}<\/script>\n<!-- \/ Yoast SEO plugin. -->","yoast_head_json":{"title":"Hauptstudienbereiche - OSA Informations- und Datenmanagement der FH Potsdam","robots":{"index":"index","follow":"follow","max-snippet":"max-snippet:-1","max-image-preview":"max-image-preview:large","max-video-preview":"max-video-preview:-1"},"canonical":"https:\/\/osa.fh-potsdam.de\/informations-u-datenmanagement\/studium\/studienbereiche\/","og_locale":"de_DE","og_type":"article","og_title":"Hauptstudienbereiche - OSA Informations- und Datenmanagement der FH Potsdam","og_description":"Hauptstudienbereiche","og_url":"https:\/\/osa.fh-potsdam.de\/informations-u-datenmanagement\/studium\/studienbereiche\/","og_site_name":"OSA Informations- und Datenmanagement der FH Potsdam","article_modified_time":"2025-08-04T12:53:36+00:00","og_image":[{"width":2560,"height":2068,"url":"https:\/\/osa.fh-potsdam.de\/informations-u-datenmanagement\/wp-content\/uploads\/sites\/8\/2024\/06\/2_1_Wissensmanagement_IuD-scaled.webp","type":"image\/webp"}],"twitter_card":"summary_large_image","twitter_misc":{"Gesch\u00e4tzte Lesezeit":"2\u00a0Minuten"},"schema":{"@context":"https:\/\/schema.org","@graph":[{"@type":"WebPage","@id":"https:\/\/osa.fh-potsdam.de\/informations-u-datenmanagement\/studium\/studienbereiche\/","url":"https:\/\/osa.fh-potsdam.de\/informations-u-datenmanagement\/studium\/studienbereiche\/","name":"Hauptstudienbereiche - OSA Informations- und Datenmanagement der FH Potsdam","isPartOf":{"@id":"https:\/\/osa.fh-potsdam.de\/informations-u-datenmanagement\/#website"},"primaryImageOfPage":{"@id":"https:\/\/osa.fh-potsdam.de\/informations-u-datenmanagement\/studium\/studienbereiche\/#primaryimage"},"image":{"@id":"https:\/\/osa.fh-potsdam.de\/informations-u-datenmanagement\/studium\/studienbereiche\/#primaryimage"},"thumbnailUrl":"https:\/\/osa.fh-potsdam.de\/informations-u-datenmanagement\/wp-content\/uploads\/sites\/8\/2024\/06\/2_1_Wissensmanagement_IuD-1024x827.webp","datePublished":"2024-06-04T20:20:41+00:00","dateModified":"2025-08-04T12:53:36+00:00","breadcrumb":{"@id":"https:\/\/osa.fh-potsdam.de\/informations-u-datenmanagement\/studium\/studienbereiche\/#breadcrumb"},"inLanguage":"de","potentialAction":[{"@type":"ReadAction","target":["https:\/\/osa.fh-potsdam.de\/informations-u-datenmanagement\/studium\/studienbereiche\/"]}]},{"@type":"ImageObject","inLanguage":"de","@id":"https:\/\/osa.fh-potsdam.de\/informations-u-datenmanagement\/studium\/studienbereiche\/#primaryimage","url":"https:\/\/osa.fh-potsdam.de\/informations-u-datenmanagement\/wp-content\/uploads\/sites\/8\/2024\/06\/2_1_Wissensmanagement_IuD-scaled.webp","contentUrl":"https:\/\/osa.fh-potsdam.de\/informations-u-datenmanagement\/wp-content\/uploads\/sites\/8\/2024\/06\/2_1_Wissensmanagement_IuD-scaled.webp","width":2560,"height":2068},{"@type":"BreadcrumbList","@id":"https:\/\/osa.fh-potsdam.de\/informations-u-datenmanagement\/studium\/studienbereiche\/#breadcrumb","itemListElement":[{"@type":"ListItem","position":1,"name":"Startseite","item":"https:\/\/osa.fh-potsdam.de\/informations-u-datenmanagement\/"},{"@type":"ListItem","position":2,"name":"Studium","item":"https:\/\/osa.fh-potsdam.de\/informations-u-datenmanagement\/studium\/"},{"@type":"ListItem","position":3,"name":"Hauptstudienbereiche"}]},{"@type":"WebSite","@id":"https:\/\/osa.fh-potsdam.de\/informations-u-datenmanagement\/#website","url":"https:\/\/osa.fh-potsdam.de\/informations-u-datenmanagement\/","name":"OSA Informations- & Datenmanagement","description":"Studienwahl-Assistent f\u00fcr den Studiengang Informations- und Datenmanagement","publisher":{"@id":"https:\/\/osa.fh-potsdam.de\/informations-u-datenmanagement\/#organization"},"potentialAction":[{"@type":"SearchAction","target":{"@type":"EntryPoint","urlTemplate":"https:\/\/osa.fh-potsdam.de\/informations-u-datenmanagement\/?s={search_term_string}"},"query-input":{"@type":"PropertyValueSpecification","valueRequired":true,"valueName":"search_term_string"}}],"inLanguage":"de"},{"@type":"Organization","@id":"https:\/\/osa.fh-potsdam.de\/informations-u-datenmanagement\/#organization","name":"OSA Informations- & Datenmanagement","url":"https:\/\/osa.fh-potsdam.de\/informations-u-datenmanagement\/","logo":{"@type":"ImageObject","inLanguage":"de","@id":"https:\/\/osa.fh-potsdam.de\/informations-u-datenmanagement\/#\/schema\/logo\/image\/","url":"","contentUrl":"","caption":"OSA Informations- & Datenmanagement"},"image":{"@id":"https:\/\/osa.fh-potsdam.de\/informations-u-datenmanagement\/#\/schema\/logo\/image\/"}}]}},"_links":{"self":[{"href":"https:\/\/osa.fh-potsdam.de\/informations-u-datenmanagement\/wp-json\/wp\/v2\/pages\/607","targetHints":{"allow":["GET"]}}],"collection":[{"href":"https:\/\/osa.fh-potsdam.de\/informations-u-datenmanagement\/wp-json\/wp\/v2\/pages"}],"about":[{"href":"https:\/\/osa.fh-potsdam.de\/informations-u-datenmanagement\/wp-json\/wp\/v2\/types\/page"}],"author":[{"embeddable":true,"href":"https:\/\/osa.fh-potsdam.de\/informations-u-datenmanagement\/wp-json\/wp\/v2\/users\/1"}],"replies":[{"embeddable":true,"href":"https:\/\/osa.fh-potsdam.de\/informations-u-datenmanagement\/wp-json\/wp\/v2\/comments?post=607"}],"version-history":[{"count":18,"href":"https:\/\/osa.fh-potsdam.de\/informations-u-datenmanagement\/wp-json\/wp\/v2\/pages\/607\/revisions"}],"predecessor-version":[{"id":1710,"href":"https:\/\/osa.fh-potsdam.de\/informations-u-datenmanagement\/wp-json\/wp\/v2\/pages\/607\/revisions\/1710"}],"up":[{"embeddable":true,"href":"https:\/\/osa.fh-potsdam.de\/informations-u-datenmanagement\/wp-json\/wp\/v2\/pages\/390"}],"wp:attachment":[{"href":"https:\/\/osa.fh-potsdam.de\/informations-u-datenmanagement\/wp-json\/wp\/v2\/media?parent=607"}],"curies":[{"name":"wp","href":"https:\/\/api.w.org\/{rel}","templated":true}]}}