{"id":737,"date":"2024-06-06T13:29:04","date_gmt":"2024-06-06T11:29:04","guid":{"rendered":"https:\/\/osa.fh-potsdam.de\/bibliothekswissenschaft\/?page_id=737"},"modified":"2025-07-25T11:38:29","modified_gmt":"2025-07-25T09:38:29","slug":"wissenschaftliche-praxis","status":"publish","type":"page","link":"https:\/\/osa.fh-potsdam.de\/bibliothekswissenschaft\/aufgaben\/wissenschaftliche-praxis\/","title":{"rendered":"gute wissenschaftliche Praxis"},"content":{"rendered":"\n<h2 class=\"wp-block-heading\"><strong>Gute Wissenschaftliche Praxis (GWP)<\/strong><\/h2>\n\n\n<div  class=\"grids-section grids-is-stretch\" style=\"--_gs-gap-desktop:0px 0px;--_gs-m-desktop:20px 0 20px 0;--_gs-p-desktop:0 0 0 0;--_gs-bg-desktop:transparent url(https:\/\/osa.fh-potsdam.de\/bibliothekswissenschaft\/wp-content\/uploads\/sites\/10\/2024\/06\/fb5_symbol_light-300x300.png) no-repeat 0% 50%;--_gs-bg-xp-desktop:0px;--_gs-zi-desktop:auto;--_gs-d-desktop:block;--_gs-mw-desktop:calc(100% - 0 - 0);--_gs-gap-tablet:0px 0px;--_gs-m-tablet:20px 0 20px 0;--_gs-p-tablet:0 0 0 0;--_gs-bg-tablet:transparent url(https:\/\/osa.fh-potsdam.de\/bibliothekswissenschaft\/wp-content\/uploads\/sites\/10\/2024\/06\/fb5_symbol_light-300x300.png) no-repeat 0% 50%;--_gs-bg-xp-tablet:0px;--_gs-zi-tablet:auto;--_gs-d-tablet:block;--_gs-mw-tablet:calc(100% - 0 - 0);--_gs-gap-mobile:0px 0px;--_gs-m-mobile:20px 0 20px 0;--_gs-p-mobile:0 0 0 0;--_gs-bg-mobile:transparent url(https:\/\/osa.fh-potsdam.de\/bibliothekswissenschaft\/wp-content\/uploads\/sites\/10\/2024\/06\/fb5_symbol_light-300x300.png) no-repeat 0% 50%;--_gs-bg-xp-mobile:0px;--_gs-zi-mobile:auto;--_gs-d-mobile:block;--_gs-mw-mobile:calc(100% - 0 - 0);--_gs-columns:1;--_gs-rows:1\"><div class=\"grids-s-w_i\">\n<div class=\"grids-area\" style=\"--_ga-column:1\/2;--_ga-row:1\/2;--_ga-m-desktop:0 0 0 0;--_ga-p-desktop:0 0 0 0;--_ga-bg-desktop:transparent none;--_ga-zi-desktop:auto;--_ga-d-desktop:flex;--_ga-mw-desktop:calc(100% - 0 - 0);--_ga-m-tablet:0 0 0 0;--_ga-p-tablet:0 0 0 0;--_ga-bg-tablet:transparent none;--_ga-zi-tablet:auto;--_ga-d-tablet:flex;--_ga-mw-tablet:calc(100% - 0 - 0);--_ga-m-mobile:0 0 0 0;--_ga-p-mobile:0 0 0 0;--_ga-bg-mobile:transparent none;--_ga-zi-mobile:auto;--_ga-d-mobile:flex;--_ga-mw-mobile:calc(100% - 0 - 0)\">\n\n<p>Einer der wichtigsten Forschungs\u00adf\u00f6rderer in Deutsch\u00adland, die <em>Deutsche Forschungs\u00adgemeinschaft<\/em> (DFG), hat zur selbst\u00adbezeich\u00adneten \u201eSelbst\u00adkontrolle\u201c und \u201eSelbst\u00adverpflichtung\u201c in der Wissen\u00adschaft eine Sammlung von Redlichkeits\u00adempfehlungen in Form von <strong>Leit\u00adlinien zur \u201eSicherung guter wissen\u00adschaftlicher Praxis\u201c<\/strong> formuliert (vgl. <a href=\"https:\/\/zenodo.org\/records\/14281892\">https:\/\/zenodo.org\/records\/14281892<\/a>):<\/p>\n\n\n\n<a href=\"https:\/\/doi.org\/10.5281\/zenodo.14281892\"><img decoding=\"async\" src=\"https:\/\/zenodo.org\/badge\/DOI\/10.5281\/zenodo.14281892.svg\" alt=\"DOI\"><\/a>\n\n\n\n<p>Bei Leitlinie 17 (<em>\u201eArchivierung\u201c<\/em>)&nbsp;steht dort geschrieben:<\/p>\n\n\n\n<blockquote class=\"wp-block-quote is-layout-flow wp-block-quote-is-layout-flow\">\n<blockquote class=\"wp-block-quote is-layout-flow wp-block-quote-is-layout-flow\">\n<p class=\"has-background\" style=\"background-color:#f0f4f9\"><em>\u201eWenn wissen\u00adschaftliche Erkennt\u00adnisse \u00f6ffent\u00adlich zug\u00e4ng\u00adlich gemacht werden, werden die zugrunde liegenden Forschungs\u00addaten (in der Regel Roh\u00addaten) \u2013 ab\u00adh\u00e4ngig vom je\u00adweiligen Fach\u00adgebiet \u2013 in der Regel f\u00fcr einen Zeit\u00adraum von zehn Jahren zu\u00adg\u00e4ng\u00adlich und nach\u00advoll\u00adziehbar in der Ein\u00adrichtung, wo sie ent\u00adstanden sind, oder in standort\u00ad\u00fcber\u00adgreifenden Reposi\u00adtorien auf\u00adbewahrt.\u201c<\/em><\/p>\n<\/blockquote>\n<\/blockquote>\n\n\n\n<p>Ein Gedanken\u00adspiel dazu: Das Untersuchungs\u00adpapier <em>\u201eEnt\u00adwicklung der Haushalts\u00adeinkommen in den Jahren 2015 bis 2016 in Deutsch\u00adland\u201c<\/em> bei einer gro\u00dfen informations\u00adwissen\u00adschaftlichen Ein\u00adrichtung stellt Forschungs\u00adergebnisse einer gro\u00dfen Haushalts\u00adumfrage dar. Au\u00dfer dem Familien\u00adeinkommen ent\u00adh\u00e4lt sie weitere Para\u00admeter (wie z.B. Wohnungs\u00adgr\u00f6\u00dfe, Anzahl Urlaubs\u00adreisen, Anzahl Kinder etc.). Sind die folgenden Daten im Rahmen einer Ver\u00ad\u00f6ffent\u00adlichung des Forschungs\u00adpapiers 10 Jahre lang auf\u00adzu\u00adbe\u00adwahren?<\/p>\n\n\n\n<div style=\"height:20px\" aria-hidden=\"true\" class=\"wp-block-spacer\"><\/div>\n\n\n\n<div class=\"wp-block-group\"><div class=\"wp-block-group__inner-container is-layout-constrained wp-block-group-is-layout-constrained\">\n<hr class=\"wp-block-separator has-alpha-channel-opacity\"\/>\n<\/div><\/div>\n\n\n\n<div style=\"height:20px\" aria-hidden=\"true\" class=\"wp-block-spacer\"><\/div>\n\n\n\n<script type=\"text\/javascript\" >\ndocument.addEventListener(\"DOMContentLoaded\", function(event) { \nif(!window.jQuery) alert(\"The important jQuery library is not properly loaded in your site. Your WordPress theme is probably missing the essential wp_head() call. You can switch to another theme and you will see that the plugin works fine and this notice disappears. If you are still not sure what to do you can contact us for help.\");\n});\n<\/script>  \n  \n<div  id=\"watupro_quiz\" class=\"quiz-area single-page-quiz\">\n<p id=\"submittingExam11\" style=\"display:none;text-align:center;\"><img loading=\"lazy\" decoding=\"async\" src=\"https:\/\/osa.fh-potsdam.de\/bibliothekswissenschaft\/wp-content\/plugins\/watupro\/img\/loading.gif\" width=\"16\" height=\"16\"><\/p>\n\n\n\n<form action=\"\" method=\"post\" class=\"quiz-form\" id=\"quiz-11\"  enctype=\"multipart\/form-data\" >\n<div class='watu-question ' id='question-1' style=';'><div id='questionWrap-1'  class='   watupro-question-id-64'>\n\t\t\t<div class='question-content'><div><p><b>Aufgabe:<\/b> W\u00e4hlen Sie bitte die richtige(n) Antwort(en) aus.<\/p><\/div><input type='hidden' name='question_id[]' id='qID_1' value='64' class='watupro-question-id'\/><input type='hidden' id='answerType64' class='answerTypeCnt1' value='checkbox'><!-- end question-content--><\/div><div class='question-choices watupro-choices-columns '  id='questionChoices64'><div class='watupro-question-choice  ' dir='auto' ><input type='checkbox' name='answer-64[]' id='answer-id-223' class='answer   answerof-64  ' value='223'   \/><label for='answer-id-223' id='answer-label-223' class=' answer'><span>Interviewfragebogen f\u00fcr die Durchf\u00fchrung der Umfrage<\/span><\/label><\/div><div class='watupro-question-choice  ' dir='auto' ><input type='checkbox' name='answer-64[]' id='answer-id-224' class='answer   answerof-64  ' value='224'   \/><label for='answer-id-224' id='answer-label-224' class=' answer'><span>Anzahl der beteiligten Projektmitarbeiter und Gr\u00f6\u00dfe der Forschungseinrichtung (Anzahl Vollbesch\u00e4ftigte, Anzahl Teilzeitbesch\u00e4ftige, Lohn-Eingruppierung etc.)<\/span><\/label><\/div><div class='watupro-question-choice  ' dir='auto' ><input type='checkbox' name='answer-64[]' id='answer-id-225' class='answer   answerof-64  ' value='225'   \/><label for='answer-id-225' id='answer-label-225' class=' answer'><span>Ergebnisse der Umfrage in anonymisierter Form (Personen- bzw. Datenschutz)<\/span><\/label><\/div><div class='watupro-question-choice  ' dir='auto' ><input type='checkbox' name='answer-64[]' id='answer-id-226' class='answer   answerof-64  ' value='226'   \/><label for='answer-id-226' id='answer-label-226' class=' answer'><span>Entwicklung der akademischen Karriere der beteiligten Forscher an der Umfrage<\/span><\/label><\/div><!-- end question-choices--><\/div><!-- end questionWrap--><\/div><\/div><div style='display:none' id='question-2'>\n\t<div class='question-content'>\n\t\t<img loading=\"lazy\" decoding=\"async\" src=\"https:\/\/osa.fh-potsdam.de\/bibliothekswissenschaft\/wp-content\/plugins\/watupro\/img\/loading.gif\" width=\"16\" height=\"16\" alt=\"Loading...\" title=\"Loading...\" \/>&nbsp;Loading...\t<\/div>\n<\/div>\n\n<br \/>\n\t\n\t\t\t<div class=\"watupro_buttons flex \" id=\"watuPROButtons11\" >\n\t\t  <div id=\"prev-question\" style=\"display:none;\"><input type=\"button\" value=\"&lt; Zur\u00fcck\" onclick=\"WatuPRO.nextQuestion(event, 'previous');\"\/><\/div>\t\t  \t\t  \t\t   \n\t\t   \t  \t\t<div><input type=\"button\" name=\"action\" class=\"watupro-submit-button\" onclick=\"WatuPRO.submitResult(event)\" id=\"action-button\" value=\"Antwort pr\u00fcfen\"  \/>\n\t\t<\/div>\n\t\t<\/div>\n\t\t\n\t<input type=\"hidden\" name=\"quiz_id\" value=\"11\" id=\"watuPROExamID\"\/>\n\t<input type=\"hidden\" name=\"start_time\" id=\"startTime\" value=\"2026-05-13 21:43:47\" \/>\n\t<input type=\"hidden\" name=\"start_timestamp\" id=\"startTimeStamp\" value=\"1778708627\" \/>\n\t<input type=\"hidden\" name=\"question_ids\" value=\"\" \/>\n\t<input type=\"hidden\" name=\"watupro_questions\" value=\"64:223,224,225,226\" \/>\n\t<input type=\"hidden\" name=\"no_ajax\" value=\"0\">\t\t\t<\/form>\n\t<p>&nbsp;<\/p>\n<\/div>\n\n<script type=\"text\/javascript\">\n\/\/jQuery(document).ready(function(){\ndocument.addEventListener(\"DOMContentLoaded\", function(event) { \t\nvar question_ids = \"64\";\nWatuPROSettings[11] = {};\nWatuPRO.qArr = question_ids.split(',');\nWatuPRO.exam_id = 11;\t    \nWatuPRO.post_id = 737;\nWatuPRO.store_progress = 0;\nWatuPRO.curCatPage = 1;\nWatuPRO.requiredIDs=\"0\".split(\",\");\nWatuPRO.hAppID = \"0.06114500 1778701427\";\nvar url = \"https:\/\/osa.fh-potsdam.de\/bibliothekswissenschaft\/wp-content\/plugins\/watupro\/show_exam.php\";\nWatuPRO.examMode = 1;\nWatuPRO.siteURL=\"https:\/\/osa.fh-potsdam.de\/bibliothekswissenschaft\/wp-admin\/admin-ajax.php\";\nWatuPRO.emailIsNotRequired = 0;\nWatuPRO.perDecade = 10;\nWatuPROIntel.init(11);\nWatuPRO.inCategoryPages=1;});    \t \n<\/script>\n\n\n<\/div>\n<\/div><\/div>\n\n\n<div class=\"wp-block-buttons floating-buttons-group is-content-justification-space-between is-layout-flex wp-container-core-buttons-is-layout-3d213aab wp-block-buttons-is-layout-flex\">\n<div class=\"wp-block-button has-custom-width wp-block-button__width-50\"><a class=\"wp-block-button__link has-white-color has-text-color has-background has-link-color has-text-align-center wp-element-button\" href=\"https:\/\/osa.fh-potsdam.de\/bibliothekswissenschaft\/aufgaben\/\" style=\"background-color:#192841\">Zur \u00dcbersicht<\/a><\/div>\n\n\n\n<div class=\"wp-block-button has-custom-width wp-block-button__width-50\"><a class=\"wp-block-button__link has-white-color has-text-color has-background has-link-color has-text-align-center wp-element-button\" href=\"https:\/\/osa.fh-potsdam.de\/bibliothekswissenschaft\/aufgaben\/plagiate\/\" style=\"background-color:#b5c52c\">N\u00e4chste Aufgabe<\/a><\/div>\n<\/div>\n","protected":false},"excerpt":{"rendered":"<p>Gute Wissenschaftliche Praxis (GWP)<\/p>\n","protected":false},"author":1,"featured_media":0,"parent":244,"menu_order":8,"comment_status":"closed","ping_status":"closed","template":"","meta":{"powered_cache_disable_cache":false,"footnotes":""},"class_list":["post-737","page","type-page","status-publish","hentry"],"yoast_head":"<!-- This site is optimized with the Yoast SEO plugin v27.5 - https:\/\/yoast.com\/product\/yoast-seo-wordpress\/ -->\n<title>gute wissenschaftliche Praxis - OSA Bibliothekswissenschaft der FH Potsdam<\/title>\n<meta name=\"robots\" content=\"index, follow, max-snippet:-1, max-image-preview:large, max-video-preview:-1\" \/>\n<link rel=\"canonical\" href=\"https:\/\/osa.fh-potsdam.de\/bibliothekswissenschaft\/aufgaben\/wissenschaftliche-praxis\/\" \/>\n<meta property=\"og:locale\" content=\"de_DE\" \/>\n<meta property=\"og:type\" content=\"article\" \/>\n<meta property=\"og:title\" content=\"gute wissenschaftliche Praxis - OSA Bibliothekswissenschaft der FH Potsdam\" \/>\n<meta property=\"og:description\" content=\"Gute Wissenschaftliche Praxis (GWP)\" \/>\n<meta property=\"og:url\" content=\"https:\/\/osa.fh-potsdam.de\/bibliothekswissenschaft\/aufgaben\/wissenschaftliche-praxis\/\" \/>\n<meta property=\"og:site_name\" content=\"OSA Bibliothekswissenschaft der FH Potsdam\" \/>\n<meta property=\"article:modified_time\" content=\"2025-07-25T09:38:29+00:00\" \/>\n<meta property=\"og:image\" content=\"https:\/\/zenodo.org\/badge\/DOI\/10.5281\/zenodo.14281892.svg\" \/>\n<meta name=\"twitter:card\" content=\"summary_large_image\" \/>\n<meta name=\"twitter:label1\" content=\"Gesch\u00e4tzte Lesezeit\" \/>\n\t<meta name=\"twitter:data1\" content=\"1\u00a0Minute\" \/>\n<script type=\"application\/ld+json\" class=\"yoast-schema-graph\">{\"@context\":\"https:\\\/\\\/schema.org\",\"@graph\":[{\"@type\":\"WebPage\",\"@id\":\"https:\\\/\\\/osa.fh-potsdam.de\\\/bibliothekswissenschaft\\\/aufgaben\\\/wissenschaftliche-praxis\\\/\",\"url\":\"https:\\\/\\\/osa.fh-potsdam.de\\\/bibliothekswissenschaft\\\/aufgaben\\\/wissenschaftliche-praxis\\\/\",\"name\":\"gute wissenschaftliche Praxis - OSA Bibliothekswissenschaft der FH Potsdam\",\"isPartOf\":{\"@id\":\"https:\\\/\\\/osa.fh-potsdam.de\\\/bibliothekswissenschaft\\\/#website\"},\"primaryImageOfPage\":{\"@id\":\"https:\\\/\\\/osa.fh-potsdam.de\\\/bibliothekswissenschaft\\\/aufgaben\\\/wissenschaftliche-praxis\\\/#primaryimage\"},\"image\":{\"@id\":\"https:\\\/\\\/osa.fh-potsdam.de\\\/bibliothekswissenschaft\\\/aufgaben\\\/wissenschaftliche-praxis\\\/#primaryimage\"},\"thumbnailUrl\":\"https:\\\/\\\/zenodo.org\\\/badge\\\/DOI\\\/10.5281\\\/zenodo.14281892.svg\",\"datePublished\":\"2024-06-06T11:29:04+00:00\",\"dateModified\":\"2025-07-25T09:38:29+00:00\",\"breadcrumb\":{\"@id\":\"https:\\\/\\\/osa.fh-potsdam.de\\\/bibliothekswissenschaft\\\/aufgaben\\\/wissenschaftliche-praxis\\\/#breadcrumb\"},\"inLanguage\":\"de\",\"potentialAction\":[{\"@type\":\"ReadAction\",\"target\":[\"https:\\\/\\\/osa.fh-potsdam.de\\\/bibliothekswissenschaft\\\/aufgaben\\\/wissenschaftliche-praxis\\\/\"]}]},{\"@type\":\"ImageObject\",\"inLanguage\":\"de\",\"@id\":\"https:\\\/\\\/osa.fh-potsdam.de\\\/bibliothekswissenschaft\\\/aufgaben\\\/wissenschaftliche-praxis\\\/#primaryimage\",\"url\":\"https:\\\/\\\/zenodo.org\\\/badge\\\/DOI\\\/10.5281\\\/zenodo.14281892.svg\",\"contentUrl\":\"https:\\\/\\\/zenodo.org\\\/badge\\\/DOI\\\/10.5281\\\/zenodo.14281892.svg\"},{\"@type\":\"BreadcrumbList\",\"@id\":\"https:\\\/\\\/osa.fh-potsdam.de\\\/bibliothekswissenschaft\\\/aufgaben\\\/wissenschaftliche-praxis\\\/#breadcrumb\",\"itemListElement\":[{\"@type\":\"ListItem\",\"position\":1,\"name\":\"Startseite\",\"item\":\"https:\\\/\\\/osa.fh-potsdam.de\\\/bibliothekswissenschaft\\\/\"},{\"@type\":\"ListItem\",\"position\":2,\"name\":\"Aufgaben\",\"item\":\"https:\\\/\\\/osa.fh-potsdam.de\\\/bibliothekswissenschaft\\\/aufgaben\\\/\"},{\"@type\":\"ListItem\",\"position\":3,\"name\":\"gute wissenschaftliche Praxis\"}]},{\"@type\":\"WebSite\",\"@id\":\"https:\\\/\\\/osa.fh-potsdam.de\\\/bibliothekswissenschaft\\\/#website\",\"url\":\"https:\\\/\\\/osa.fh-potsdam.de\\\/bibliothekswissenschaft\\\/\",\"name\":\"OSA Bibliothekswissenschaft\",\"description\":\"Studienwahl-Assistent f\u00fcr den Studiengang Bibliothekswissenschaft\",\"publisher\":{\"@id\":\"https:\\\/\\\/osa.fh-potsdam.de\\\/bibliothekswissenschaft\\\/#organization\"},\"potentialAction\":[{\"@type\":\"SearchAction\",\"target\":{\"@type\":\"EntryPoint\",\"urlTemplate\":\"https:\\\/\\\/osa.fh-potsdam.de\\\/bibliothekswissenschaft\\\/?s={search_term_string}\"},\"query-input\":{\"@type\":\"PropertyValueSpecification\",\"valueRequired\":true,\"valueName\":\"search_term_string\"}}],\"inLanguage\":\"de\"},{\"@type\":\"Organization\",\"@id\":\"https:\\\/\\\/osa.fh-potsdam.de\\\/bibliothekswissenschaft\\\/#organization\",\"name\":\"OSA Bibliothekswissenschaft\",\"url\":\"https:\\\/\\\/osa.fh-potsdam.de\\\/bibliothekswissenschaft\\\/\",\"logo\":{\"@type\":\"ImageObject\",\"inLanguage\":\"de\",\"@id\":\"https:\\\/\\\/osa.fh-potsdam.de\\\/bibliothekswissenschaft\\\/#\\\/schema\\\/logo\\\/image\\\/\",\"url\":\"\",\"contentUrl\":\"\",\"caption\":\"OSA Bibliothekswissenschaft\"},\"image\":{\"@id\":\"https:\\\/\\\/osa.fh-potsdam.de\\\/bibliothekswissenschaft\\\/#\\\/schema\\\/logo\\\/image\\\/\"}}]}<\/script>\n<!-- \/ Yoast SEO plugin. -->","yoast_head_json":{"title":"gute wissenschaftliche Praxis - OSA Bibliothekswissenschaft der FH Potsdam","robots":{"index":"index","follow":"follow","max-snippet":"max-snippet:-1","max-image-preview":"max-image-preview:large","max-video-preview":"max-video-preview:-1"},"canonical":"https:\/\/osa.fh-potsdam.de\/bibliothekswissenschaft\/aufgaben\/wissenschaftliche-praxis\/","og_locale":"de_DE","og_type":"article","og_title":"gute wissenschaftliche Praxis - OSA Bibliothekswissenschaft der FH Potsdam","og_description":"Gute Wissenschaftliche Praxis (GWP)","og_url":"https:\/\/osa.fh-potsdam.de\/bibliothekswissenschaft\/aufgaben\/wissenschaftliche-praxis\/","og_site_name":"OSA Bibliothekswissenschaft der FH Potsdam","article_modified_time":"2025-07-25T09:38:29+00:00","og_image":[{"url":"https:\/\/zenodo.org\/badge\/DOI\/10.5281\/zenodo.14281892.svg","type":"","width":"","height":""}],"twitter_card":"summary_large_image","twitter_misc":{"Gesch\u00e4tzte Lesezeit":"1\u00a0Minute"},"schema":{"@context":"https:\/\/schema.org","@graph":[{"@type":"WebPage","@id":"https:\/\/osa.fh-potsdam.de\/bibliothekswissenschaft\/aufgaben\/wissenschaftliche-praxis\/","url":"https:\/\/osa.fh-potsdam.de\/bibliothekswissenschaft\/aufgaben\/wissenschaftliche-praxis\/","name":"gute wissenschaftliche Praxis - OSA Bibliothekswissenschaft der FH Potsdam","isPartOf":{"@id":"https:\/\/osa.fh-potsdam.de\/bibliothekswissenschaft\/#website"},"primaryImageOfPage":{"@id":"https:\/\/osa.fh-potsdam.de\/bibliothekswissenschaft\/aufgaben\/wissenschaftliche-praxis\/#primaryimage"},"image":{"@id":"https:\/\/osa.fh-potsdam.de\/bibliothekswissenschaft\/aufgaben\/wissenschaftliche-praxis\/#primaryimage"},"thumbnailUrl":"https:\/\/zenodo.org\/badge\/DOI\/10.5281\/zenodo.14281892.svg","datePublished":"2024-06-06T11:29:04+00:00","dateModified":"2025-07-25T09:38:29+00:00","breadcrumb":{"@id":"https:\/\/osa.fh-potsdam.de\/bibliothekswissenschaft\/aufgaben\/wissenschaftliche-praxis\/#breadcrumb"},"inLanguage":"de","potentialAction":[{"@type":"ReadAction","target":["https:\/\/osa.fh-potsdam.de\/bibliothekswissenschaft\/aufgaben\/wissenschaftliche-praxis\/"]}]},{"@type":"ImageObject","inLanguage":"de","@id":"https:\/\/osa.fh-potsdam.de\/bibliothekswissenschaft\/aufgaben\/wissenschaftliche-praxis\/#primaryimage","url":"https:\/\/zenodo.org\/badge\/DOI\/10.5281\/zenodo.14281892.svg","contentUrl":"https:\/\/zenodo.org\/badge\/DOI\/10.5281\/zenodo.14281892.svg"},{"@type":"BreadcrumbList","@id":"https:\/\/osa.fh-potsdam.de\/bibliothekswissenschaft\/aufgaben\/wissenschaftliche-praxis\/#breadcrumb","itemListElement":[{"@type":"ListItem","position":1,"name":"Startseite","item":"https:\/\/osa.fh-potsdam.de\/bibliothekswissenschaft\/"},{"@type":"ListItem","position":2,"name":"Aufgaben","item":"https:\/\/osa.fh-potsdam.de\/bibliothekswissenschaft\/aufgaben\/"},{"@type":"ListItem","position":3,"name":"gute wissenschaftliche Praxis"}]},{"@type":"WebSite","@id":"https:\/\/osa.fh-potsdam.de\/bibliothekswissenschaft\/#website","url":"https:\/\/osa.fh-potsdam.de\/bibliothekswissenschaft\/","name":"OSA Bibliothekswissenschaft","description":"Studienwahl-Assistent f\u00fcr den Studiengang Bibliothekswissenschaft","publisher":{"@id":"https:\/\/osa.fh-potsdam.de\/bibliothekswissenschaft\/#organization"},"potentialAction":[{"@type":"SearchAction","target":{"@type":"EntryPoint","urlTemplate":"https:\/\/osa.fh-potsdam.de\/bibliothekswissenschaft\/?s={search_term_string}"},"query-input":{"@type":"PropertyValueSpecification","valueRequired":true,"valueName":"search_term_string"}}],"inLanguage":"de"},{"@type":"Organization","@id":"https:\/\/osa.fh-potsdam.de\/bibliothekswissenschaft\/#organization","name":"OSA Bibliothekswissenschaft","url":"https:\/\/osa.fh-potsdam.de\/bibliothekswissenschaft\/","logo":{"@type":"ImageObject","inLanguage":"de","@id":"https:\/\/osa.fh-potsdam.de\/bibliothekswissenschaft\/#\/schema\/logo\/image\/","url":"","contentUrl":"","caption":"OSA Bibliothekswissenschaft"},"image":{"@id":"https:\/\/osa.fh-potsdam.de\/bibliothekswissenschaft\/#\/schema\/logo\/image\/"}}]}},"_links":{"self":[{"href":"https:\/\/osa.fh-potsdam.de\/bibliothekswissenschaft\/wp-json\/wp\/v2\/pages\/737","targetHints":{"allow":["GET"]}}],"collection":[{"href":"https:\/\/osa.fh-potsdam.de\/bibliothekswissenschaft\/wp-json\/wp\/v2\/pages"}],"about":[{"href":"https:\/\/osa.fh-potsdam.de\/bibliothekswissenschaft\/wp-json\/wp\/v2\/types\/page"}],"author":[{"embeddable":true,"href":"https:\/\/osa.fh-potsdam.de\/bibliothekswissenschaft\/wp-json\/wp\/v2\/users\/1"}],"replies":[{"embeddable":true,"href":"https:\/\/osa.fh-potsdam.de\/bibliothekswissenschaft\/wp-json\/wp\/v2\/comments?post=737"}],"version-history":[{"count":15,"href":"https:\/\/osa.fh-potsdam.de\/bibliothekswissenschaft\/wp-json\/wp\/v2\/pages\/737\/revisions"}],"predecessor-version":[{"id":1778,"href":"https:\/\/osa.fh-potsdam.de\/bibliothekswissenschaft\/wp-json\/wp\/v2\/pages\/737\/revisions\/1778"}],"up":[{"embeddable":true,"href":"https:\/\/osa.fh-potsdam.de\/bibliothekswissenschaft\/wp-json\/wp\/v2\/pages\/244"}],"wp:attachment":[{"href":"https:\/\/osa.fh-potsdam.de\/bibliothekswissenschaft\/wp-json\/wp\/v2\/media?parent=737"}],"curies":[{"name":"wp","href":"https:\/\/api.w.org\/{rel}","templated":true}]}}