{"id":729,"date":"2024-06-06T13:27:36","date_gmt":"2024-06-06T11:27:36","guid":{"rendered":"https:\/\/osa.fh-potsdam.de\/bibliothekswissenschaft\/?page_id=729"},"modified":"2025-07-25T11:37:44","modified_gmt":"2025-07-25T09:37:44","slug":"digitale-arbeitsumgebung","status":"publish","type":"page","link":"https:\/\/osa.fh-potsdam.de\/bibliothekswissenschaft\/aufgaben\/digitale-arbeitsumgebung\/","title":{"rendered":"digitale Arbeitsumgebung"},"content":{"rendered":"\n<h2 class=\"wp-block-heading\"><strong>Digitale Arbeitsumgebung<\/strong><\/h2>\n\n\n<div  class=\"grids-section grids-is-stretch\" style=\"--_gs-gap-desktop:0px 0px;--_gs-m-desktop:20px 0 20px 0;--_gs-p-desktop:0 0 0 0;--_gs-bg-desktop:transparent url(https:\/\/osa.fh-potsdam.de\/bibliothekswissenschaft\/wp-content\/uploads\/sites\/10\/2024\/06\/fb5_symbol_light-300x300.png) no-repeat 100% 50%;--_gs-bg-xp-desktop:0px;--_gs-zi-desktop:auto;--_gs-d-desktop:block;--_gs-mw-desktop:calc(100% - 0 - 0);--_gs-gap-tablet:0px 0px;--_gs-m-tablet:20px 0 20px 0;--_gs-p-tablet:0 0 0 0;--_gs-bg-tablet:transparent url(https:\/\/osa.fh-potsdam.de\/bibliothekswissenschaft\/wp-content\/uploads\/sites\/10\/2024\/06\/fb5_symbol_light-300x300.png) no-repeat 100% 50%;--_gs-bg-xp-tablet:0px;--_gs-zi-tablet:auto;--_gs-d-tablet:block;--_gs-mw-tablet:calc(100% - 0 - 0);--_gs-gap-mobile:0px 0px;--_gs-m-mobile:20px 0 20px 0;--_gs-p-mobile:0 0 0 0;--_gs-bg-mobile:transparent url(https:\/\/osa.fh-potsdam.de\/bibliothekswissenschaft\/wp-content\/uploads\/sites\/10\/2024\/06\/fb5_symbol_light-300x300.png) no-repeat 100% 50%;--_gs-bg-xp-mobile:0px;--_gs-zi-mobile:auto;--_gs-d-mobile:block;--_gs-mw-mobile:calc(100% - 0 - 0);--_gs-columns:1;--_gs-rows:1\"><div class=\"grids-s-w_i\">\n<div class=\"grids-area\" style=\"--_ga-column:1\/2;--_ga-row:1\/2;--_ga-m-desktop:0 0 0 0;--_ga-p-desktop:0 0 0 0;--_ga-bg-desktop:transparent none;--_ga-zi-desktop:auto;--_ga-d-desktop:flex;--_ga-mw-desktop:calc(100% - 0 - 0);--_ga-m-tablet:0 0 0 0;--_ga-p-tablet:0 0 0 0;--_ga-bg-tablet:transparent none;--_ga-zi-tablet:auto;--_ga-d-tablet:flex;--_ga-mw-tablet:calc(100% - 0 - 0);--_ga-m-mobile:0 0 0 0;--_ga-p-mobile:0 0 0 0;--_ga-bg-mobile:transparent none;--_ga-zi-mobile:auto;--_ga-d-mobile:flex;--_ga-mw-mobile:calc(100% - 0 - 0)\">\n\n<p>Ein Gedankenspiel: Eine neue Kollegin \/ ein neuer Kollege in der Forschung bittet Sie \u2013 in der Leitungsposition der Abteilung \u201edigitale Dienste\u201c in einer Bibliothek \u2013 um Unterst\u00fctzung beim Aufbau ihrer \/ seiner&nbsp;<strong>digitalen Arbeitsumgebung<\/strong>.<\/p>\n\n\n\n<div style=\"height:20px\" aria-hidden=\"true\" class=\"wp-block-spacer\"><\/div>\n\n\n\n<div class=\"wp-block-group\"><div class=\"wp-block-group__inner-container is-layout-constrained wp-block-group-is-layout-constrained\">\n<hr class=\"wp-block-separator has-alpha-channel-opacity\"\/>\n<\/div><\/div>\n\n\n\n<div style=\"height:20px\" aria-hidden=\"true\" class=\"wp-block-spacer\"><\/div>\n\n\n\n<script type=\"text\/javascript\" >\ndocument.addEventListener(\"DOMContentLoaded\", function(event) { \nif(!window.jQuery) alert(\"The important jQuery library is not properly loaded in your site. Your WordPress theme is probably missing the essential wp_head() call. You can switch to another theme and you will see that the plugin works fine and this notice disappears. If you are still not sure what to do you can contact us for help.\");\n});\n<\/script>  \n  \n<div  id=\"watupro_quiz\" class=\"quiz-area single-page-quiz\">\n<p id=\"submittingExam7\" style=\"display:none;text-align:center;\"><img loading=\"lazy\" decoding=\"async\" src=\"https:\/\/osa.fh-potsdam.de\/bibliothekswissenschaft\/wp-content\/plugins\/watupro\/img\/loading.gif\" width=\"16\" height=\"16\"><\/p>\n\n\n\n<form action=\"\" method=\"post\" class=\"quiz-form\" id=\"quiz-7\"  enctype=\"multipart\/form-data\" >\n<div class='watu-question ' id='question-1' style=';'><div id='questionWrap-1'  class='   watupro-question-id-57'>\n\t\t\t<div class='question-content'><div><p><b>Frage:<\/b> Welche Bausteine aus der folgenden Liste bieten Sie ihr \/ ihm an bzw. schlagen Sie zur Nutzung vor?<\/p><\/div><input type='hidden' name='question_id[]' id='qID_1' value='57' class='watupro-question-id'\/><input type='hidden' id='answerType57' class='answerTypeCnt1' value='checkbox'><!-- end question-content--><\/div><div class='question-choices watupro-choices-columns '  id='questionChoices57'><div class='watupro-question-choice  ' dir='auto' ><input type='checkbox' name='answer-57[]' id='answer-id-202' class='answer   answerof-57  ' value='202'   \/><label for='answer-id-202' id='answer-label-202' class=' answer'><span>Software zum kooperativen Bearbeiten vom Dokumenten, wie z.B. ein Wiki<\/span><\/label><\/div><div class='watupro-question-choice  ' dir='auto' ><input type='checkbox' name='answer-57[]' id='answer-id-203' class='answer   answerof-57  ' value='203'   \/><label for='answer-id-203' id='answer-label-203' class=' answer'><span>Schreibtisch, B\u00fcrostuhl, Tischlampe<\/span><\/label><\/div><div class='watupro-question-choice  ' dir='auto' ><input type='checkbox' name='answer-57[]' id='answer-id-255' class='answer   answerof-57  ' value='255'   \/><label for='answer-id-255' id='answer-label-255' class=' answer'><span>Cloud-Umgebung zum Speichern von Daten \/ Informationen \/ Dokumenten<\/span><\/label><\/div><div class='watupro-question-choice  ' dir='auto' ><input type='checkbox' name='answer-57[]' id='answer-id-256' class='answer   answerof-57  ' value='256'   \/><label for='answer-id-256' id='answer-label-256' class=' answer'><span>Nutzung eines Digitalisierungslabors<\/span><\/label><\/div><div class='watupro-question-choice  ' dir='auto' ><input type='checkbox' name='answer-57[]' id='answer-id-257' class='answer   answerof-57  ' value='257'   \/><label for='answer-id-257' id='answer-label-257' class=' answer'><span>grundlegende B\u00fcro-Utensilien wie B\u00fcroklammern, Briefumschl\u00e4ge, Tacker, Locher, Schere etc.<\/span><\/label><\/div><div class='watupro-question-choice  ' dir='auto' ><input type='checkbox' name='answer-57[]' id='answer-id-258' class='answer   answerof-57  ' value='258'   \/><label for='answer-id-258' id='answer-label-258' class=' answer'><span>Software f\u00fcr die M\u00f6glichkeit von Gruppenchats, Telefonkonferenzen und Videokonferenzen<\/span><\/label><\/div><div class='watupro-question-choice  ' dir='auto' ><input type='checkbox' name='answer-57[]' id='answer-id-259' class='answer   answerof-57  ' value='259'   \/><label for='answer-id-259' id='answer-label-259' class=' answer'><span>Etherpad (einfacher Texteditor zur gemeinsamen Bearbeitung in Echtzeit)<\/span><\/label><\/div><!-- end question-choices--><\/div><!-- end questionWrap--><\/div><\/div><div style='display:none' id='question-2'>\n\t<div class='question-content'>\n\t\t<img loading=\"lazy\" decoding=\"async\" src=\"https:\/\/osa.fh-potsdam.de\/bibliothekswissenschaft\/wp-content\/plugins\/watupro\/img\/loading.gif\" width=\"16\" height=\"16\" alt=\"Loading...\" title=\"Loading...\" \/>&nbsp;Loading...\t<\/div>\n<\/div>\n\n<br \/>\n\t\n\t\t\t<div class=\"watupro_buttons flex \" id=\"watuPROButtons7\" >\n\t\t  <div id=\"prev-question\" style=\"display:none;\"><input type=\"button\" value=\"&lt; Zur\u00fcck\" onclick=\"WatuPRO.nextQuestion(event, 'previous');\"\/><\/div>\t\t  \t\t  \t\t   \n\t\t   \t  \t\t<div><input type=\"button\" name=\"action\" class=\"watupro-submit-button\" onclick=\"WatuPRO.submitResult(event)\" id=\"action-button\" value=\"Antwort pr\u00fcfen\"  \/>\n\t\t<\/div>\n\t\t<\/div>\n\t\t\n\t<input type=\"hidden\" name=\"quiz_id\" value=\"7\" id=\"watuPROExamID\"\/>\n\t<input type=\"hidden\" name=\"start_time\" id=\"startTime\" value=\"2026-05-13 22:41:57\" \/>\n\t<input type=\"hidden\" name=\"start_timestamp\" id=\"startTimeStamp\" value=\"1778712117\" \/>\n\t<input type=\"hidden\" name=\"question_ids\" value=\"\" \/>\n\t<input type=\"hidden\" name=\"watupro_questions\" value=\"57:202,203,255,256,257,258,259\" \/>\n\t<input type=\"hidden\" name=\"no_ajax\" value=\"0\">\t\t\t<\/form>\n\t<p>&nbsp;<\/p>\n<\/div>\n\n<script type=\"text\/javascript\">\n\/\/jQuery(document).ready(function(){\ndocument.addEventListener(\"DOMContentLoaded\", function(event) { \t\nvar question_ids = \"57\";\nWatuPROSettings[7] = {};\nWatuPRO.qArr = question_ids.split(',');\nWatuPRO.exam_id = 7;\t    \nWatuPRO.post_id = 729;\nWatuPRO.store_progress = 0;\nWatuPRO.curCatPage = 1;\nWatuPRO.requiredIDs=\"0\".split(\",\");\nWatuPRO.hAppID = \"0.55359300 1778704917\";\nvar url = \"https:\/\/osa.fh-potsdam.de\/bibliothekswissenschaft\/wp-content\/plugins\/watupro\/show_exam.php\";\nWatuPRO.examMode = 1;\nWatuPRO.siteURL=\"https:\/\/osa.fh-potsdam.de\/bibliothekswissenschaft\/wp-admin\/admin-ajax.php\";\nWatuPRO.emailIsNotRequired = 0;\nWatuPRO.perDecade = 10;\nWatuPROIntel.init(7);\nWatuPRO.inCategoryPages=1;});    \t \n<\/script>\n\n\n<\/div>\n<\/div><\/div>\n\n\n<div class=\"wp-block-buttons floating-buttons-group is-content-justification-space-between is-layout-flex wp-container-core-buttons-is-layout-3d213aab wp-block-buttons-is-layout-flex\">\n<div class=\"wp-block-button has-custom-width wp-block-button__width-50\"><a class=\"wp-block-button__link has-white-color has-text-color has-background has-link-color has-text-align-center wp-element-button\" href=\"https:\/\/osa.fh-potsdam.de\/bibliothekswissenschaft\/aufgaben\/\" style=\"background-color:#192841\">Zur \u00dcbersicht<\/a><\/div>\n\n\n\n<div class=\"wp-block-button has-custom-width wp-block-button__width-50\"><a class=\"wp-block-button__link has-white-color has-text-color has-background has-link-color has-text-align-center wp-element-button\" href=\"https:\/\/osa.fh-potsdam.de\/bibliothekswissenschaft\/aufgaben\/digitalisierungslabor\/\" style=\"background-color:#b5c52c\">N\u00e4chste Aufgabe<\/a><\/div>\n<\/div>\n","protected":false},"excerpt":{"rendered":"<p>Digitale Arbeitsumgebung<\/p>\n","protected":false},"author":1,"featured_media":0,"parent":244,"menu_order":4,"comment_status":"closed","ping_status":"closed","template":"","meta":{"powered_cache_disable_cache":false,"footnotes":""},"class_list":["post-729","page","type-page","status-publish","hentry"],"yoast_head":"<!-- This site is optimized with the Yoast SEO plugin v27.5 - https:\/\/yoast.com\/product\/yoast-seo-wordpress\/ -->\n<title>digitale Arbeitsumgebung - OSA Bibliothekswissenschaft der FH Potsdam<\/title>\n<meta name=\"robots\" content=\"index, follow, max-snippet:-1, max-image-preview:large, max-video-preview:-1\" \/>\n<link rel=\"canonical\" href=\"https:\/\/osa.fh-potsdam.de\/bibliothekswissenschaft\/aufgaben\/digitale-arbeitsumgebung\/\" \/>\n<meta property=\"og:locale\" content=\"de_DE\" \/>\n<meta property=\"og:type\" content=\"article\" \/>\n<meta property=\"og:title\" content=\"digitale Arbeitsumgebung - OSA Bibliothekswissenschaft der FH Potsdam\" \/>\n<meta property=\"og:description\" content=\"Digitale Arbeitsumgebung\" \/>\n<meta property=\"og:url\" content=\"https:\/\/osa.fh-potsdam.de\/bibliothekswissenschaft\/aufgaben\/digitale-arbeitsumgebung\/\" \/>\n<meta property=\"og:site_name\" content=\"OSA Bibliothekswissenschaft der FH Potsdam\" \/>\n<meta property=\"article:modified_time\" content=\"2025-07-25T09:37:44+00:00\" \/>\n<meta name=\"twitter:card\" content=\"summary_large_image\" \/>\n<meta name=\"twitter:label1\" content=\"Gesch\u00e4tzte Lesezeit\" \/>\n\t<meta name=\"twitter:data1\" content=\"1\u00a0Minute\" \/>\n<script type=\"application\/ld+json\" class=\"yoast-schema-graph\">{\"@context\":\"https:\\\/\\\/schema.org\",\"@graph\":[{\"@type\":\"WebPage\",\"@id\":\"https:\\\/\\\/osa.fh-potsdam.de\\\/bibliothekswissenschaft\\\/aufgaben\\\/digitale-arbeitsumgebung\\\/\",\"url\":\"https:\\\/\\\/osa.fh-potsdam.de\\\/bibliothekswissenschaft\\\/aufgaben\\\/digitale-arbeitsumgebung\\\/\",\"name\":\"digitale Arbeitsumgebung - OSA Bibliothekswissenschaft der FH Potsdam\",\"isPartOf\":{\"@id\":\"https:\\\/\\\/osa.fh-potsdam.de\\\/bibliothekswissenschaft\\\/#website\"},\"datePublished\":\"2024-06-06T11:27:36+00:00\",\"dateModified\":\"2025-07-25T09:37:44+00:00\",\"breadcrumb\":{\"@id\":\"https:\\\/\\\/osa.fh-potsdam.de\\\/bibliothekswissenschaft\\\/aufgaben\\\/digitale-arbeitsumgebung\\\/#breadcrumb\"},\"inLanguage\":\"de\",\"potentialAction\":[{\"@type\":\"ReadAction\",\"target\":[\"https:\\\/\\\/osa.fh-potsdam.de\\\/bibliothekswissenschaft\\\/aufgaben\\\/digitale-arbeitsumgebung\\\/\"]}]},{\"@type\":\"BreadcrumbList\",\"@id\":\"https:\\\/\\\/osa.fh-potsdam.de\\\/bibliothekswissenschaft\\\/aufgaben\\\/digitale-arbeitsumgebung\\\/#breadcrumb\",\"itemListElement\":[{\"@type\":\"ListItem\",\"position\":1,\"name\":\"Startseite\",\"item\":\"https:\\\/\\\/osa.fh-potsdam.de\\\/bibliothekswissenschaft\\\/\"},{\"@type\":\"ListItem\",\"position\":2,\"name\":\"Aufgaben\",\"item\":\"https:\\\/\\\/osa.fh-potsdam.de\\\/bibliothekswissenschaft\\\/aufgaben\\\/\"},{\"@type\":\"ListItem\",\"position\":3,\"name\":\"digitale Arbeitsumgebung\"}]},{\"@type\":\"WebSite\",\"@id\":\"https:\\\/\\\/osa.fh-potsdam.de\\\/bibliothekswissenschaft\\\/#website\",\"url\":\"https:\\\/\\\/osa.fh-potsdam.de\\\/bibliothekswissenschaft\\\/\",\"name\":\"OSA Bibliothekswissenschaft\",\"description\":\"Studienwahl-Assistent f\u00fcr den Studiengang Bibliothekswissenschaft\",\"publisher\":{\"@id\":\"https:\\\/\\\/osa.fh-potsdam.de\\\/bibliothekswissenschaft\\\/#organization\"},\"potentialAction\":[{\"@type\":\"SearchAction\",\"target\":{\"@type\":\"EntryPoint\",\"urlTemplate\":\"https:\\\/\\\/osa.fh-potsdam.de\\\/bibliothekswissenschaft\\\/?s={search_term_string}\"},\"query-input\":{\"@type\":\"PropertyValueSpecification\",\"valueRequired\":true,\"valueName\":\"search_term_string\"}}],\"inLanguage\":\"de\"},{\"@type\":\"Organization\",\"@id\":\"https:\\\/\\\/osa.fh-potsdam.de\\\/bibliothekswissenschaft\\\/#organization\",\"name\":\"OSA Bibliothekswissenschaft\",\"url\":\"https:\\\/\\\/osa.fh-potsdam.de\\\/bibliothekswissenschaft\\\/\",\"logo\":{\"@type\":\"ImageObject\",\"inLanguage\":\"de\",\"@id\":\"https:\\\/\\\/osa.fh-potsdam.de\\\/bibliothekswissenschaft\\\/#\\\/schema\\\/logo\\\/image\\\/\",\"url\":\"\",\"contentUrl\":\"\",\"caption\":\"OSA Bibliothekswissenschaft\"},\"image\":{\"@id\":\"https:\\\/\\\/osa.fh-potsdam.de\\\/bibliothekswissenschaft\\\/#\\\/schema\\\/logo\\\/image\\\/\"}}]}<\/script>\n<!-- \/ Yoast SEO plugin. -->","yoast_head_json":{"title":"digitale Arbeitsumgebung - OSA Bibliothekswissenschaft der FH Potsdam","robots":{"index":"index","follow":"follow","max-snippet":"max-snippet:-1","max-image-preview":"max-image-preview:large","max-video-preview":"max-video-preview:-1"},"canonical":"https:\/\/osa.fh-potsdam.de\/bibliothekswissenschaft\/aufgaben\/digitale-arbeitsumgebung\/","og_locale":"de_DE","og_type":"article","og_title":"digitale Arbeitsumgebung - OSA Bibliothekswissenschaft der FH Potsdam","og_description":"Digitale Arbeitsumgebung","og_url":"https:\/\/osa.fh-potsdam.de\/bibliothekswissenschaft\/aufgaben\/digitale-arbeitsumgebung\/","og_site_name":"OSA Bibliothekswissenschaft der FH Potsdam","article_modified_time":"2025-07-25T09:37:44+00:00","twitter_card":"summary_large_image","twitter_misc":{"Gesch\u00e4tzte Lesezeit":"1\u00a0Minute"},"schema":{"@context":"https:\/\/schema.org","@graph":[{"@type":"WebPage","@id":"https:\/\/osa.fh-potsdam.de\/bibliothekswissenschaft\/aufgaben\/digitale-arbeitsumgebung\/","url":"https:\/\/osa.fh-potsdam.de\/bibliothekswissenschaft\/aufgaben\/digitale-arbeitsumgebung\/","name":"digitale Arbeitsumgebung - OSA Bibliothekswissenschaft der FH Potsdam","isPartOf":{"@id":"https:\/\/osa.fh-potsdam.de\/bibliothekswissenschaft\/#website"},"datePublished":"2024-06-06T11:27:36+00:00","dateModified":"2025-07-25T09:37:44+00:00","breadcrumb":{"@id":"https:\/\/osa.fh-potsdam.de\/bibliothekswissenschaft\/aufgaben\/digitale-arbeitsumgebung\/#breadcrumb"},"inLanguage":"de","potentialAction":[{"@type":"ReadAction","target":["https:\/\/osa.fh-potsdam.de\/bibliothekswissenschaft\/aufgaben\/digitale-arbeitsumgebung\/"]}]},{"@type":"BreadcrumbList","@id":"https:\/\/osa.fh-potsdam.de\/bibliothekswissenschaft\/aufgaben\/digitale-arbeitsumgebung\/#breadcrumb","itemListElement":[{"@type":"ListItem","position":1,"name":"Startseite","item":"https:\/\/osa.fh-potsdam.de\/bibliothekswissenschaft\/"},{"@type":"ListItem","position":2,"name":"Aufgaben","item":"https:\/\/osa.fh-potsdam.de\/bibliothekswissenschaft\/aufgaben\/"},{"@type":"ListItem","position":3,"name":"digitale Arbeitsumgebung"}]},{"@type":"WebSite","@id":"https:\/\/osa.fh-potsdam.de\/bibliothekswissenschaft\/#website","url":"https:\/\/osa.fh-potsdam.de\/bibliothekswissenschaft\/","name":"OSA Bibliothekswissenschaft","description":"Studienwahl-Assistent f\u00fcr den Studiengang Bibliothekswissenschaft","publisher":{"@id":"https:\/\/osa.fh-potsdam.de\/bibliothekswissenschaft\/#organization"},"potentialAction":[{"@type":"SearchAction","target":{"@type":"EntryPoint","urlTemplate":"https:\/\/osa.fh-potsdam.de\/bibliothekswissenschaft\/?s={search_term_string}"},"query-input":{"@type":"PropertyValueSpecification","valueRequired":true,"valueName":"search_term_string"}}],"inLanguage":"de"},{"@type":"Organization","@id":"https:\/\/osa.fh-potsdam.de\/bibliothekswissenschaft\/#organization","name":"OSA Bibliothekswissenschaft","url":"https:\/\/osa.fh-potsdam.de\/bibliothekswissenschaft\/","logo":{"@type":"ImageObject","inLanguage":"de","@id":"https:\/\/osa.fh-potsdam.de\/bibliothekswissenschaft\/#\/schema\/logo\/image\/","url":"","contentUrl":"","caption":"OSA Bibliothekswissenschaft"},"image":{"@id":"https:\/\/osa.fh-potsdam.de\/bibliothekswissenschaft\/#\/schema\/logo\/image\/"}}]}},"_links":{"self":[{"href":"https:\/\/osa.fh-potsdam.de\/bibliothekswissenschaft\/wp-json\/wp\/v2\/pages\/729","targetHints":{"allow":["GET"]}}],"collection":[{"href":"https:\/\/osa.fh-potsdam.de\/bibliothekswissenschaft\/wp-json\/wp\/v2\/pages"}],"about":[{"href":"https:\/\/osa.fh-potsdam.de\/bibliothekswissenschaft\/wp-json\/wp\/v2\/types\/page"}],"author":[{"embeddable":true,"href":"https:\/\/osa.fh-potsdam.de\/bibliothekswissenschaft\/wp-json\/wp\/v2\/users\/1"}],"replies":[{"embeddable":true,"href":"https:\/\/osa.fh-potsdam.de\/bibliothekswissenschaft\/wp-json\/wp\/v2\/comments?post=729"}],"version-history":[{"count":8,"href":"https:\/\/osa.fh-potsdam.de\/bibliothekswissenschaft\/wp-json\/wp\/v2\/pages\/729\/revisions"}],"predecessor-version":[{"id":1774,"href":"https:\/\/osa.fh-potsdam.de\/bibliothekswissenschaft\/wp-json\/wp\/v2\/pages\/729\/revisions\/1774"}],"up":[{"embeddable":true,"href":"https:\/\/osa.fh-potsdam.de\/bibliothekswissenschaft\/wp-json\/wp\/v2\/pages\/244"}],"wp:attachment":[{"href":"https:\/\/osa.fh-potsdam.de\/bibliothekswissenschaft\/wp-json\/wp\/v2\/media?parent=729"}],"curies":[{"name":"wp","href":"https:\/\/api.w.org\/{rel}","templated":true}]}}