{"id":727,"date":"2024-06-06T13:27:28","date_gmt":"2024-06-06T11:27:28","guid":{"rendered":"https:\/\/osa.fh-potsdam.de\/bibliothekswissenschaft\/?page_id=727"},"modified":"2025-07-25T11:37:27","modified_gmt":"2025-07-25T09:37:27","slug":"informationsverhalten","status":"publish","type":"page","link":"https:\/\/osa.fh-potsdam.de\/bibliothekswissenschaft\/aufgaben\/informationsverhalten\/","title":{"rendered":"Informationsverhalten"},"content":{"rendered":"\n<h2 class=\"wp-block-heading\"><strong>Informationsverhalten<\/strong><\/h2>\n\n\n<div  class=\"grids-section grids-is-stretch\" style=\"--_gs-gap-desktop:0px 0px;--_gs-m-desktop:0 0 0 0;--_gs-p-desktop:0 0 20px 0;--_gs-bg-desktop:transparent url(https:\/\/osa.fh-potsdam.de\/bibliothekswissenschaft\/wp-content\/uploads\/sites\/10\/2024\/06\/fb5_symbol_light-300x300.png) no-repeat 50% 50%;--_gs-bg-xp-desktop:0px;--_gs-zi-desktop:auto;--_gs-d-desktop:block;--_gs-mw-desktop:calc(100% - 0 - 0);--_gs-gap-tablet:0px 0px;--_gs-m-tablet:0 0 0 0;--_gs-p-tablet:0 0 20px 0;--_gs-bg-tablet:transparent url(https:\/\/osa.fh-potsdam.de\/bibliothekswissenschaft\/wp-content\/uploads\/sites\/10\/2024\/06\/fb5_symbol_light-300x300.png) no-repeat 50% 50%;--_gs-bg-xp-tablet:0px;--_gs-zi-tablet:auto;--_gs-d-tablet:block;--_gs-mw-tablet:calc(100% - 0 - 0);--_gs-gap-mobile:0px 0px;--_gs-m-mobile:0 0 0 0;--_gs-p-mobile:0 0 20px 0;--_gs-bg-mobile:transparent url(https:\/\/osa.fh-potsdam.de\/bibliothekswissenschaft\/wp-content\/uploads\/sites\/10\/2024\/06\/fb5_symbol_light-300x300.png) no-repeat 50% 50%;--_gs-bg-xp-mobile:0px;--_gs-zi-mobile:auto;--_gs-d-mobile:block;--_gs-mw-mobile:calc(100% - 0 - 0);--_gs-columns:1;--_gs-rows:1\"><div class=\"grids-s-w_i\">\n<div class=\"grids-area\" style=\"--_ga-column:1\/2;--_ga-row:1\/2;--_ga-m-desktop:20px 0 20px 0;--_ga-p-desktop:0 0 0 0;--_ga-bg-desktop:transparent none;--_ga-zi-desktop:auto;--_ga-d-desktop:flex;--_ga-mw-desktop:calc(100% - 0 - 0);--_ga-m-tablet:20px 0 20px 0;--_ga-p-tablet:0 0 0 0;--_ga-bg-tablet:transparent none;--_ga-zi-tablet:auto;--_ga-d-tablet:flex;--_ga-mw-tablet:calc(100% - 0 - 0);--_ga-m-mobile:20px 0 20px 0;--_ga-p-mobile:0 0 0 0;--_ga-bg-mobile:transparent none;--_ga-zi-mobile:auto;--_ga-d-mobile:flex;--_ga-mw-mobile:calc(100% - 0 - 0)\">\n\n<p class=\"has-background\" style=\"background-color:#f0f4f9\">Das Informations\u00adverhalten des Menschen wird schon lange er\u00adforscht. Das ist wichtig, um genau vorher\u00adsagen zu k\u00f6nnen, welche <strong>Informations\u00adbed\u00fcrfnisse und Informations\u00adkompetenzen<\/strong> Nutze\u00adrinnen und Nutzer in einer Biblio\u00adthek haben k\u00f6nnten. \u00dcber\u00adlegen Sie gerne mal: Wo werden wohl die meisten Menschen als aller\u00aderstes Informa\u00adtionen ein\u00adholen, wenn sie in einer Situa\u00adtion einmal ganz schnell zu etwas Wichtigem not\u00adwendiges Wissen be\u00adn\u00f6tigen?<\/p>\n\n\n\n<div style=\"height:20px\" aria-hidden=\"true\" class=\"wp-block-spacer\"><\/div>\n\n\n\n<script type=\"text\/javascript\" >\ndocument.addEventListener(\"DOMContentLoaded\", function(event) { \nif(!window.jQuery) alert(\"The important jQuery library is not properly loaded in your site. Your WordPress theme is probably missing the essential wp_head() call. You can switch to another theme and you will see that the plugin works fine and this notice disappears. If you are still not sure what to do you can contact us for help.\");\n});\n<\/script>  \n  \n<div  id=\"watupro_quiz\" class=\"quiz-area single-page-quiz\">\n<p id=\"submittingExam6\" style=\"display:none;text-align:center;\"><img loading=\"lazy\" decoding=\"async\" src=\"https:\/\/osa.fh-potsdam.de\/bibliothekswissenschaft\/wp-content\/plugins\/watupro\/img\/loading.gif\" width=\"16\" height=\"16\"><\/p>\n\n\n\n<form action=\"\" method=\"post\" class=\"quiz-form\" id=\"quiz-6\"  enctype=\"multipart\/form-data\" >\n<div class='watu-question ' id='question-1' style=';'><div id='questionWrap-1'  class='   watupro-question-id-56'>\n\t\t\t<div class='question-content'><p><b>Aufgabe:<\/b> Ordnen Sie in der Liste die auf&shy;ge&shy;f\u00fchrten Informations&shy;quellen per \u201eDrag and Drop\u201c nach gesellschaftlich \u00fcblicher Priorit\u00e4t (h\u00e4ufigste oben).<\/p><!-- end question-content--><\/div><div class='question-choices watupro-sortable-choices'><ul id='watuPROSortable56' class='watupro-sortable '>\t\t\t\t\t\t<li id=\"watuPROSortable56_1\">Freundinnen \/ Freunde \/ Kolleginnen \/ Kollegen<!--|||Freundinnen+%2F+Freunde+%2F+Kolleginnen+%2F+Kollegen--><\/li>\r\n\t\t\t\t\t\t\t\t\t\t\r\n\t\t\t\t\t\t\t\t\t\t\t<li id=\"watuPROSortable56_2\">meine eigenen Notizen<!--|||meine+eigenen+Notizen--><\/li>\r\n\t\t\t\t\t\t\t\t\t\t\r\n\t\t\t\t\t\t\t\t\t\t\t<li id=\"watuPROSortable56_3\">Bibliotheken<!--|||Bibliotheken--><\/li>\r\n\t\t\t\t\t\t\t\t\t\t\r\n\t\t\t\t\t\t\t\t\t\t\t<li id=\"watuPROSortable56_4\">Datenbanken<!--|||Datenbanken--><\/li>\r\n\t\t\t\t\t\t\t\t\t\t\r\n\t\t\t\t\t\t\t\t\t\t\t<li id=\"watuPROSortable56_5\">Expertinnen \/ Experten im pers\u00f6nlichen Kontakt<!--|||Expertinnen+%2F+Experten+im+pers%C3%B6nlichen+Kontakt--><\/li>\r\n\t\t\t\t\t\t\t\t\t\t\r\n\t\t\t\t\t\t\t\t\t\t\t<li id=\"watuPROSortable56_6\">Google<!--|||Google--><\/li>\r\n\t\t\t\t\t\t\t\t\t\t\r\n\t\t\t\t\t<\/ul><input type=\"hidden\" name=\"answer-56[]\" id=\"watuPROSortableValue56\" value=\"Freundinnen+%2F+Freunde+%2F+Kolleginnen+%2F+Kollegen%7Cmeine+eigenen+Notizen%7CBibliotheken%7CDatenbanken%7CExpertinnen+%2F+Experten+im+pers%C3%B6nlichen+Kontakt%7CGoogle%7C\" class=\"answer answerof-56\">\t\t\t\t\t\r\n\t\t\t\t\t<script type=\"text\/javascript\">\r\n\t\t\t\t\tdocument.addEventListener('DOMContentLoaded', function(event) {\r\n\t\t\t\t\t    jQuery( \"#watuPROSortable56\" ).sortable({\t\t\t\t\t\t\t\t\r\n\t\t\t\t\t\t\t\tstop: function(event, ui) { WatuPROSort.sortable(event, ui) }\t\t\t\t    \t\r\n\t\t\t\t\t    \t});\t\t\t\t\t    \r\n\t\t\t\t\t  });\r\n\t\t\t\t\t<\/script><\/div><!-- end question-choices--><input type='hidden' name='question_id[]' id='qID_1' value='56' class='watupro-question-id'\/><input type='hidden' id='answerType56' class='answerTypeCnt1' value='sort'><!-- end questionWrap--><\/div><\/div><div style='display:none' id='question-2'>\n\t<div class='question-content'>\n\t\t<img loading=\"lazy\" decoding=\"async\" src=\"https:\/\/osa.fh-potsdam.de\/bibliothekswissenschaft\/wp-content\/plugins\/watupro\/img\/loading.gif\" width=\"16\" height=\"16\" alt=\"Loading...\" title=\"Loading...\" \/>&nbsp;Loading...\t<\/div>\n<\/div>\n\n<br \/>\n\t\n\t\t\t<div class=\"watupro_buttons flex \" id=\"watuPROButtons6\" >\n\t\t  <div id=\"prev-question\" style=\"display:none;\"><input type=\"button\" value=\"&lt; Zur\u00fcck\" onclick=\"WatuPRO.nextQuestion(event, 'previous');\"\/><\/div>\t\t  \t\t  \t\t   \n\t\t   \t  \t\t<div><input type=\"button\" name=\"action\" class=\"watupro-submit-button\" onclick=\"WatuPRO.submitResult(event)\" id=\"action-button\" value=\"Antwort pr\u00fcfen\"  \/>\n\t\t<\/div>\n\t\t<\/div>\n\t\t\n\t<input type=\"hidden\" name=\"quiz_id\" value=\"6\" id=\"watuPROExamID\"\/>\n\t<input type=\"hidden\" name=\"start_time\" id=\"startTime\" value=\"2026-05-13 21:28:39\" \/>\n\t<input type=\"hidden\" name=\"start_timestamp\" id=\"startTimeStamp\" value=\"1778707719\" \/>\n\t<input type=\"hidden\" name=\"question_ids\" value=\"\" \/>\n\t<input type=\"hidden\" name=\"watupro_questions\" value=\"56:199,200,201\" \/>\n\t<input type=\"hidden\" name=\"no_ajax\" value=\"0\">\t\t\t<\/form>\n\t<p>&nbsp;<\/p>\n<\/div>\n\n<script type=\"text\/javascript\">\n\/\/jQuery(document).ready(function(){\ndocument.addEventListener(\"DOMContentLoaded\", function(event) { \t\nvar question_ids = \"56\";\nWatuPROSettings[6] = {};\nWatuPRO.qArr = question_ids.split(',');\nWatuPRO.exam_id = 6;\t    \nWatuPRO.post_id = 727;\nWatuPRO.store_progress = 0;\nWatuPRO.curCatPage = 1;\nWatuPRO.requiredIDs=\"0\".split(\",\");\nWatuPRO.hAppID = \"0.41277800 1778700519\";\nvar url = \"https:\/\/osa.fh-potsdam.de\/bibliothekswissenschaft\/wp-content\/plugins\/watupro\/show_exam.php\";\nWatuPRO.examMode = 1;\nWatuPRO.siteURL=\"https:\/\/osa.fh-potsdam.de\/bibliothekswissenschaft\/wp-admin\/admin-ajax.php\";\nWatuPRO.emailIsNotRequired = 0;\nWatuPRO.perDecade = 10;\nWatuPROIntel.init(6);\nWatuPRO.inCategoryPages=1;});    \t \n<\/script>\n\n\n<\/div>\n<\/div><\/div>\n\n\n<div class=\"wp-block-buttons floating-buttons-group is-content-justification-space-between is-layout-flex wp-container-core-buttons-is-layout-3d213aab wp-block-buttons-is-layout-flex\">\n<div class=\"wp-block-button has-custom-width wp-block-button__width-50\"><a class=\"wp-block-button__link has-white-color has-text-color has-background has-link-color has-text-align-center wp-element-button\" href=\"https:\/\/osa.fh-potsdam.de\/bibliothekswissenschaft\/aufgaben\/\" style=\"background-color:#192841\">Zur \u00dcbersicht<\/a><\/div>\n\n\n\n<div class=\"wp-block-button has-custom-width wp-block-button__width-50\"><a class=\"wp-block-button__link has-white-color has-text-color has-background has-link-color has-text-align-center wp-element-button\" href=\"https:\/\/osa.fh-potsdam.de\/bibliothekswissenschaft\/aufgaben\/digitale-arbeitsumgebung\/\" style=\"background-color:#b5c52c\">N\u00e4chste Aufgabe<\/a><\/div>\n<\/div>\n","protected":false},"excerpt":{"rendered":"<p>Informationsverhalten<\/p>\n","protected":false},"author":1,"featured_media":0,"parent":244,"menu_order":3,"comment_status":"closed","ping_status":"closed","template":"","meta":{"powered_cache_disable_cache":false,"footnotes":""},"class_list":["post-727","page","type-page","status-publish","hentry"],"yoast_head":"<!-- This site is optimized with the Yoast SEO plugin v27.5 - https:\/\/yoast.com\/product\/yoast-seo-wordpress\/ -->\n<title>Informationsverhalten - OSA Bibliothekswissenschaft der FH Potsdam<\/title>\n<meta name=\"robots\" content=\"index, follow, max-snippet:-1, max-image-preview:large, max-video-preview:-1\" \/>\n<link rel=\"canonical\" href=\"https:\/\/osa.fh-potsdam.de\/bibliothekswissenschaft\/aufgaben\/informationsverhalten\/\" \/>\n<meta property=\"og:locale\" content=\"de_DE\" \/>\n<meta property=\"og:type\" content=\"article\" \/>\n<meta property=\"og:title\" content=\"Informationsverhalten - OSA Bibliothekswissenschaft der FH Potsdam\" \/>\n<meta property=\"og:description\" content=\"Informationsverhalten\" \/>\n<meta property=\"og:url\" content=\"https:\/\/osa.fh-potsdam.de\/bibliothekswissenschaft\/aufgaben\/informationsverhalten\/\" \/>\n<meta property=\"og:site_name\" content=\"OSA Bibliothekswissenschaft der FH Potsdam\" \/>\n<meta property=\"article:modified_time\" content=\"2025-07-25T09:37:27+00:00\" \/>\n<meta name=\"twitter:card\" content=\"summary_large_image\" \/>\n<meta name=\"twitter:label1\" content=\"Gesch\u00e4tzte Lesezeit\" \/>\n\t<meta name=\"twitter:data1\" content=\"1\u00a0Minute\" \/>\n<script type=\"application\/ld+json\" class=\"yoast-schema-graph\">{\"@context\":\"https:\\\/\\\/schema.org\",\"@graph\":[{\"@type\":\"WebPage\",\"@id\":\"https:\\\/\\\/osa.fh-potsdam.de\\\/bibliothekswissenschaft\\\/aufgaben\\\/informationsverhalten\\\/\",\"url\":\"https:\\\/\\\/osa.fh-potsdam.de\\\/bibliothekswissenschaft\\\/aufgaben\\\/informationsverhalten\\\/\",\"name\":\"Informationsverhalten - OSA Bibliothekswissenschaft der FH Potsdam\",\"isPartOf\":{\"@id\":\"https:\\\/\\\/osa.fh-potsdam.de\\\/bibliothekswissenschaft\\\/#website\"},\"datePublished\":\"2024-06-06T11:27:28+00:00\",\"dateModified\":\"2025-07-25T09:37:27+00:00\",\"breadcrumb\":{\"@id\":\"https:\\\/\\\/osa.fh-potsdam.de\\\/bibliothekswissenschaft\\\/aufgaben\\\/informationsverhalten\\\/#breadcrumb\"},\"inLanguage\":\"de\",\"potentialAction\":[{\"@type\":\"ReadAction\",\"target\":[\"https:\\\/\\\/osa.fh-potsdam.de\\\/bibliothekswissenschaft\\\/aufgaben\\\/informationsverhalten\\\/\"]}]},{\"@type\":\"BreadcrumbList\",\"@id\":\"https:\\\/\\\/osa.fh-potsdam.de\\\/bibliothekswissenschaft\\\/aufgaben\\\/informationsverhalten\\\/#breadcrumb\",\"itemListElement\":[{\"@type\":\"ListItem\",\"position\":1,\"name\":\"Startseite\",\"item\":\"https:\\\/\\\/osa.fh-potsdam.de\\\/bibliothekswissenschaft\\\/\"},{\"@type\":\"ListItem\",\"position\":2,\"name\":\"Aufgaben\",\"item\":\"https:\\\/\\\/osa.fh-potsdam.de\\\/bibliothekswissenschaft\\\/aufgaben\\\/\"},{\"@type\":\"ListItem\",\"position\":3,\"name\":\"Informationsverhalten\"}]},{\"@type\":\"WebSite\",\"@id\":\"https:\\\/\\\/osa.fh-potsdam.de\\\/bibliothekswissenschaft\\\/#website\",\"url\":\"https:\\\/\\\/osa.fh-potsdam.de\\\/bibliothekswissenschaft\\\/\",\"name\":\"OSA Bibliothekswissenschaft\",\"description\":\"Studienwahl-Assistent f\u00fcr den Studiengang Bibliothekswissenschaft\",\"publisher\":{\"@id\":\"https:\\\/\\\/osa.fh-potsdam.de\\\/bibliothekswissenschaft\\\/#organization\"},\"potentialAction\":[{\"@type\":\"SearchAction\",\"target\":{\"@type\":\"EntryPoint\",\"urlTemplate\":\"https:\\\/\\\/osa.fh-potsdam.de\\\/bibliothekswissenschaft\\\/?s={search_term_string}\"},\"query-input\":{\"@type\":\"PropertyValueSpecification\",\"valueRequired\":true,\"valueName\":\"search_term_string\"}}],\"inLanguage\":\"de\"},{\"@type\":\"Organization\",\"@id\":\"https:\\\/\\\/osa.fh-potsdam.de\\\/bibliothekswissenschaft\\\/#organization\",\"name\":\"OSA Bibliothekswissenschaft\",\"url\":\"https:\\\/\\\/osa.fh-potsdam.de\\\/bibliothekswissenschaft\\\/\",\"logo\":{\"@type\":\"ImageObject\",\"inLanguage\":\"de\",\"@id\":\"https:\\\/\\\/osa.fh-potsdam.de\\\/bibliothekswissenschaft\\\/#\\\/schema\\\/logo\\\/image\\\/\",\"url\":\"\",\"contentUrl\":\"\",\"caption\":\"OSA Bibliothekswissenschaft\"},\"image\":{\"@id\":\"https:\\\/\\\/osa.fh-potsdam.de\\\/bibliothekswissenschaft\\\/#\\\/schema\\\/logo\\\/image\\\/\"}}]}<\/script>\n<!-- \/ Yoast SEO plugin. -->","yoast_head_json":{"title":"Informationsverhalten - OSA Bibliothekswissenschaft der FH Potsdam","robots":{"index":"index","follow":"follow","max-snippet":"max-snippet:-1","max-image-preview":"max-image-preview:large","max-video-preview":"max-video-preview:-1"},"canonical":"https:\/\/osa.fh-potsdam.de\/bibliothekswissenschaft\/aufgaben\/informationsverhalten\/","og_locale":"de_DE","og_type":"article","og_title":"Informationsverhalten - OSA Bibliothekswissenschaft der FH Potsdam","og_description":"Informationsverhalten","og_url":"https:\/\/osa.fh-potsdam.de\/bibliothekswissenschaft\/aufgaben\/informationsverhalten\/","og_site_name":"OSA Bibliothekswissenschaft der FH Potsdam","article_modified_time":"2025-07-25T09:37:27+00:00","twitter_card":"summary_large_image","twitter_misc":{"Gesch\u00e4tzte Lesezeit":"1\u00a0Minute"},"schema":{"@context":"https:\/\/schema.org","@graph":[{"@type":"WebPage","@id":"https:\/\/osa.fh-potsdam.de\/bibliothekswissenschaft\/aufgaben\/informationsverhalten\/","url":"https:\/\/osa.fh-potsdam.de\/bibliothekswissenschaft\/aufgaben\/informationsverhalten\/","name":"Informationsverhalten - OSA Bibliothekswissenschaft der FH Potsdam","isPartOf":{"@id":"https:\/\/osa.fh-potsdam.de\/bibliothekswissenschaft\/#website"},"datePublished":"2024-06-06T11:27:28+00:00","dateModified":"2025-07-25T09:37:27+00:00","breadcrumb":{"@id":"https:\/\/osa.fh-potsdam.de\/bibliothekswissenschaft\/aufgaben\/informationsverhalten\/#breadcrumb"},"inLanguage":"de","potentialAction":[{"@type":"ReadAction","target":["https:\/\/osa.fh-potsdam.de\/bibliothekswissenschaft\/aufgaben\/informationsverhalten\/"]}]},{"@type":"BreadcrumbList","@id":"https:\/\/osa.fh-potsdam.de\/bibliothekswissenschaft\/aufgaben\/informationsverhalten\/#breadcrumb","itemListElement":[{"@type":"ListItem","position":1,"name":"Startseite","item":"https:\/\/osa.fh-potsdam.de\/bibliothekswissenschaft\/"},{"@type":"ListItem","position":2,"name":"Aufgaben","item":"https:\/\/osa.fh-potsdam.de\/bibliothekswissenschaft\/aufgaben\/"},{"@type":"ListItem","position":3,"name":"Informationsverhalten"}]},{"@type":"WebSite","@id":"https:\/\/osa.fh-potsdam.de\/bibliothekswissenschaft\/#website","url":"https:\/\/osa.fh-potsdam.de\/bibliothekswissenschaft\/","name":"OSA Bibliothekswissenschaft","description":"Studienwahl-Assistent f\u00fcr den Studiengang Bibliothekswissenschaft","publisher":{"@id":"https:\/\/osa.fh-potsdam.de\/bibliothekswissenschaft\/#organization"},"potentialAction":[{"@type":"SearchAction","target":{"@type":"EntryPoint","urlTemplate":"https:\/\/osa.fh-potsdam.de\/bibliothekswissenschaft\/?s={search_term_string}"},"query-input":{"@type":"PropertyValueSpecification","valueRequired":true,"valueName":"search_term_string"}}],"inLanguage":"de"},{"@type":"Organization","@id":"https:\/\/osa.fh-potsdam.de\/bibliothekswissenschaft\/#organization","name":"OSA Bibliothekswissenschaft","url":"https:\/\/osa.fh-potsdam.de\/bibliothekswissenschaft\/","logo":{"@type":"ImageObject","inLanguage":"de","@id":"https:\/\/osa.fh-potsdam.de\/bibliothekswissenschaft\/#\/schema\/logo\/image\/","url":"","contentUrl":"","caption":"OSA Bibliothekswissenschaft"},"image":{"@id":"https:\/\/osa.fh-potsdam.de\/bibliothekswissenschaft\/#\/schema\/logo\/image\/"}}]}},"_links":{"self":[{"href":"https:\/\/osa.fh-potsdam.de\/bibliothekswissenschaft\/wp-json\/wp\/v2\/pages\/727","targetHints":{"allow":["GET"]}}],"collection":[{"href":"https:\/\/osa.fh-potsdam.de\/bibliothekswissenschaft\/wp-json\/wp\/v2\/pages"}],"about":[{"href":"https:\/\/osa.fh-potsdam.de\/bibliothekswissenschaft\/wp-json\/wp\/v2\/types\/page"}],"author":[{"embeddable":true,"href":"https:\/\/osa.fh-potsdam.de\/bibliothekswissenschaft\/wp-json\/wp\/v2\/users\/1"}],"replies":[{"embeddable":true,"href":"https:\/\/osa.fh-potsdam.de\/bibliothekswissenschaft\/wp-json\/wp\/v2\/comments?post=727"}],"version-history":[{"count":8,"href":"https:\/\/osa.fh-potsdam.de\/bibliothekswissenschaft\/wp-json\/wp\/v2\/pages\/727\/revisions"}],"predecessor-version":[{"id":1773,"href":"https:\/\/osa.fh-potsdam.de\/bibliothekswissenschaft\/wp-json\/wp\/v2\/pages\/727\/revisions\/1773"}],"up":[{"embeddable":true,"href":"https:\/\/osa.fh-potsdam.de\/bibliothekswissenschaft\/wp-json\/wp\/v2\/pages\/244"}],"wp:attachment":[{"href":"https:\/\/osa.fh-potsdam.de\/bibliothekswissenschaft\/wp-json\/wp\/v2\/media?parent=727"}],"curies":[{"name":"wp","href":"https:\/\/api.w.org\/{rel}","templated":true}]}}