{"id":628,"date":"2024-06-04T23:13:56","date_gmt":"2024-06-04T21:13:56","guid":{"rendered":"https:\/\/osa.fh-potsdam.de\/bibliothekswissenschaft\/?page_id=628"},"modified":"2025-07-25T11:31:07","modified_gmt":"2025-07-25T09:31:07","slug":"digitale-informationsstruktur","status":"publish","type":"page","link":"https:\/\/osa.fh-potsdam.de\/bibliothekswissenschaft\/studium\/studienbereiche\/digitale-informationsstruktur\/","title":{"rendered":"Digitale Informationsstruktur"},"content":{"rendered":"\n<h2 class=\"wp-block-heading\"><strong>Digitale Informations\u00adinfrastruktur<\/strong><\/h2>\n\n\n\n<h3 class=\"wp-block-heading\">Informationsaufbereitung, Informationsvisualisierung, Informationsdienste<\/h3>\n\n\n\n<div style=\"height:30px\" aria-hidden=\"true\" class=\"wp-block-spacer\"><\/div>\n\n\n\n<p class=\"has-background\" style=\"background-color:#f0f4f9\">In diesem Studienbereich lernen Sie, <strong>Informations\u00addienste zu Informations- und Daten\u00adsammlungen nach ein\u00adheitlichen Standards selbst zu ent\u00adwickeln und diese konzep\u00adtionell, techno\u00adlogisch und zielgruppen\u00adkonform weiter\u00adzuf\u00fchren.<\/strong><\/p>\n\n\n<div  class=\"grids-section grids-is-advanced\" style=\"--_gs-gap-desktop:20px 60px;--_gs-m-desktop:40px 0 60px 0;--_gs-p-desktop:0 0 0 0;--_gs-bg-desktop:transparent none;--_gs-bg-xp-desktop:0px;--_gs-zi-desktop:auto;--_gs-d-desktop:block;--_gs-mw-desktop:calc(100% - 0 - 0);--_gs-gap-tablet:20px 60px;--_gs-m-tablet:40px 0 60px 0;--_gs-p-tablet:0 0 0 0;--_gs-bg-tablet:transparent none;--_gs-bg-xp-tablet:0px;--_gs-zi-tablet:auto;--_gs-d-tablet:block;--_gs-mw-tablet:calc(100% - 0 - 0);--_gs-gap-mobile:20px 60px;--_gs-m-mobile:40px 0 60px 0;--_gs-p-mobile:0 0 0 0;--_gs-bg-mobile:transparent none;--_gs-bg-xp-mobile:0px;--_gs-zi-mobile:auto;--_gs-d-mobile:block;--_gs-mw-mobile:calc(100% - 0 - 0);--_gs-columns:12;--_gs-rows:6\"><div class=\"grids-s-w_i\">\n<div class=\"grids-area\" style=\"--_ga-column:9\/13;--_ga-row:1\/7;--_ga-va:center;--_ga-m-desktop:0 0 0 0;--_ga-p-desktop:0 0 0 0;--_ga-bg-desktop:transparent none;--_ga-zi-desktop:auto;--_ga-d-desktop:flex;--_ga-mw-desktop:calc(100% - 0 - 0);--_ga-m-tablet:0 0 0 0;--_ga-p-tablet:0 0 0 0;--_ga-bg-tablet:transparent none;--_ga-zi-tablet:auto;--_ga-d-tablet:flex;--_ga-mw-tablet:calc(100% - 0 - 0);--_ga-m-mobile:0 0 0 0;--_ga-p-mobile:0 0 0 0;--_ga-bg-mobile:transparent none;--_ga-zi-mobile:auto;--_ga-d-mobile:flex;--_ga-mw-mobile:calc(100% - 0 - 0)\">\n<div class=\"wp-block-image\">\n<figure class=\"aligncenter size-full\"><img loading=\"lazy\" decoding=\"async\" width=\"2560\" height=\"2095\" src=\"https:\/\/osa.fh-potsdam.de\/bibliothekswissenschaft\/wp-content\/uploads\/sites\/10\/2024\/07\/2_3_Informationsinfrastruktur-scaled.webp\" alt=\"\" class=\"wp-image-1241\" srcset=\"https:\/\/osa.fh-potsdam.de\/bibliothekswissenschaft\/wp-content\/uploads\/sites\/10\/2024\/07\/2_3_Informationsinfrastruktur-scaled.webp 2560w, https:\/\/osa.fh-potsdam.de\/bibliothekswissenschaft\/wp-content\/uploads\/sites\/10\/2024\/07\/2_3_Informationsinfrastruktur-300x245.webp 300w, https:\/\/osa.fh-potsdam.de\/bibliothekswissenschaft\/wp-content\/uploads\/sites\/10\/2024\/07\/2_3_Informationsinfrastruktur-1024x838.webp 1024w, https:\/\/osa.fh-potsdam.de\/bibliothekswissenschaft\/wp-content\/uploads\/sites\/10\/2024\/07\/2_3_Informationsinfrastruktur-768x628.webp 768w, https:\/\/osa.fh-potsdam.de\/bibliothekswissenschaft\/wp-content\/uploads\/sites\/10\/2024\/07\/2_3_Informationsinfrastruktur-1536x1257.webp 1536w, https:\/\/osa.fh-potsdam.de\/bibliothekswissenschaft\/wp-content\/uploads\/sites\/10\/2024\/07\/2_3_Informationsinfrastruktur-2048x1676.webp 2048w\" sizes=\"auto, (max-width: 2560px) 100vw, 2560px\" \/><\/figure>\n<\/div>\n<\/div>\n\n<div class=\"grids-area\" style=\"--_ga-column:1\/9;--_ga-row:1\/7;--_ga-m-desktop:0 0 0 0;--_ga-p-desktop:0 0 0 0;--_ga-bg-desktop:transparent none;--_ga-zi-desktop:auto;--_ga-d-desktop:flex;--_ga-mw-desktop:calc(100% - 0 - 0);--_ga-m-tablet:0 0 0 0;--_ga-p-tablet:0 0 0 0;--_ga-bg-tablet:transparent none;--_ga-zi-tablet:auto;--_ga-d-tablet:flex;--_ga-mw-tablet:calc(100% - 0 - 0);--_ga-m-mobile:0 0 0 0;--_ga-p-mobile:0 0 0 0;--_ga-bg-mobile:transparent none;--_ga-zi-mobile:auto;--_ga-d-mobile:flex;--_ga-mw-mobile:calc(100% - 0 - 0)\">\n\n<p>Wie k\u00f6nnen Informa\u00adtionen und Daten optimal f\u00fcr einen bestimmten Kontext bereit\u00adgestellt werden? Wie lassen sich gro\u00dfe Informations- und Daten\u00admengen auf Dauer pflegen?<\/p>\n\n\n\n<p>Bei diesen Fragen muss ber\u00fcck\u00adsichtigt werden, dass ver\u00adschiedene Ziel\u00adgruppen mit unter\u00adschiedlichen Blick\u00adwinkeln auf immer gr\u00f6\u00dfer werdende digitalen Informations- oder Daten\u00adsammlungen schauen. Die Nutzenden er\u00adwarten <strong>spezifische Antworten<\/strong> \u2013 und das m\u00f6glichst schnell und qualitativ hoch\u00adwertig. Ein Nutzungs\u00adanliegen kann dabei in der&nbsp;Entwicklung bestimmter Such\u00admechanismen&nbsp;be\u00adstehen oder in einer speziell aus\u00adge\u00adrichteten&nbsp;Visualisierungs\u00adtechnologie; auch kann die&nbsp;Be\u00adschreibung der Daten\u00ads\u00e4tze in Form standardi\u00adsierter Meta\u00addaten&nbsp;er\u00adw\u00fcnscht sein.<\/p>\n\n\n\n<p>Die <strong>Auf\u00adbereitung der Information gem\u00e4\u00df der W\u00fcnsche der Ziel\u00adgruppen<\/strong> hat stets den Zweck, dass&nbsp;ziel\u00adgerichtete Recherchen inner\u00adhalb der Informations- und Daten\u00adsammlungen&nbsp;m\u00f6glich sind: die un\u00adge\u00adordneten Informa\u00adtionen sollen in be\u00adstehende Systeme \u00fcbersichtlich ein\u00adge\u00adordnet werden.<\/p>\n\n<\/div>\n<\/div><\/div>\n\n\n<div class=\"wp-block-group floating-buttons-group\"><div class=\"wp-block-group__inner-container is-layout-constrained wp-block-group-is-layout-constrained\">\n<div class=\"wp-block-buttons floating-buttons-group is-content-justification-space-between is-layout-flex wp-container-core-buttons-is-layout-3d213aab wp-block-buttons-is-layout-flex\">\n<div class=\"wp-block-button has-custom-width wp-block-button__width-50\"><a class=\"wp-block-button__link has-white-color has-text-color has-background has-link-color has-text-align-center wp-element-button\" href=\"https:\/\/osa.fh-potsdam.de\/bibliothekswissenschaft\/studium\/studienbereiche\/\" style=\"background-color:#192841\">Zur \u00dcbersicht<\/a><\/div>\n\n\n\n<div class=\"wp-block-button has-custom-width wp-block-button__width-50\"><a class=\"wp-block-button__link has-white-color has-text-color has-background has-link-color has-text-align-center wp-element-button\" href=\"https:\/\/osa.fh-potsdam.de\/bibliothekswissenschaft\/studium\/studienbereiche\/wahlpflichtbereich\/\" style=\"background-color:#b5c52c\">N\u00e4chster Bereich<\/a><\/div>\n<\/div>\n<\/div><\/div>\n","protected":false},"excerpt":{"rendered":"<p>Digitale Informations\u00adinfrastruktur Informationsaufbereitung, Informationsvisualisierung, Informationsdienste In diesem Studienbereich lernen Sie, Informations\u00addienste zu Informations- und Daten\u00adsammlungen nach ein\u00adheitlichen Standards selbst zu ent\u00adwickeln und diese konzep\u00adtionell, techno\u00adlogisch und zielgruppen\u00adkonform weiter\u00adzuf\u00fchren.<\/p>\n","protected":false},"author":1,"featured_media":0,"parent":607,"menu_order":4,"comment_status":"closed","ping_status":"closed","template":"","meta":{"powered_cache_disable_cache":false,"footnotes":""},"class_list":["post-628","page","type-page","status-publish","hentry"],"yoast_head":"<!-- This site is optimized with the Yoast SEO plugin v27.5 - https:\/\/yoast.com\/product\/yoast-seo-wordpress\/ -->\n<title>Digitale Informationsstruktur - OSA Bibliothekswissenschaft der FH Potsdam<\/title>\n<meta name=\"robots\" content=\"index, follow, max-snippet:-1, max-image-preview:large, max-video-preview:-1\" \/>\n<link rel=\"canonical\" href=\"https:\/\/osa.fh-potsdam.de\/bibliothekswissenschaft\/studium\/studienbereiche\/digitale-informationsstruktur\/\" \/>\n<meta property=\"og:locale\" content=\"de_DE\" \/>\n<meta property=\"og:type\" content=\"article\" \/>\n<meta property=\"og:title\" content=\"Digitale Informationsstruktur - OSA Bibliothekswissenschaft der FH Potsdam\" \/>\n<meta property=\"og:description\" content=\"Digitale Informations\u00adinfrastruktur Informationsaufbereitung, Informationsvisualisierung, Informationsdienste In diesem Studienbereich lernen Sie, Informations\u00addienste zu Informations- und Daten\u00adsammlungen nach ein\u00adheitlichen Standards selbst zu ent\u00adwickeln und diese konzep\u00adtionell, techno\u00adlogisch und zielgruppen\u00adkonform weiter\u00adzuf\u00fchren.\" \/>\n<meta property=\"og:url\" content=\"https:\/\/osa.fh-potsdam.de\/bibliothekswissenschaft\/studium\/studienbereiche\/digitale-informationsstruktur\/\" \/>\n<meta property=\"og:site_name\" content=\"OSA Bibliothekswissenschaft der FH Potsdam\" \/>\n<meta property=\"article:modified_time\" content=\"2025-07-25T09:31:07+00:00\" \/>\n<meta property=\"og:image\" content=\"https:\/\/osa.fh-potsdam.de\/bibliothekswissenschaft\/wp-content\/uploads\/sites\/10\/2024\/07\/2_3_Informationsinfrastruktur-scaled.webp\" \/>\n\t<meta property=\"og:image:width\" content=\"2560\" \/>\n\t<meta property=\"og:image:height\" content=\"2095\" \/>\n\t<meta property=\"og:image:type\" content=\"image\/webp\" \/>\n<meta name=\"twitter:card\" content=\"summary_large_image\" \/>\n<meta name=\"twitter:label1\" content=\"Gesch\u00e4tzte Lesezeit\" \/>\n\t<meta name=\"twitter:data1\" content=\"2\u00a0Minuten\" \/>\n<script type=\"application\/ld+json\" class=\"yoast-schema-graph\">{\"@context\":\"https:\\\/\\\/schema.org\",\"@graph\":[{\"@type\":\"WebPage\",\"@id\":\"https:\\\/\\\/osa.fh-potsdam.de\\\/bibliothekswissenschaft\\\/studium\\\/studienbereiche\\\/digitale-informationsstruktur\\\/\",\"url\":\"https:\\\/\\\/osa.fh-potsdam.de\\\/bibliothekswissenschaft\\\/studium\\\/studienbereiche\\\/digitale-informationsstruktur\\\/\",\"name\":\"Digitale Informationsstruktur - OSA Bibliothekswissenschaft der FH Potsdam\",\"isPartOf\":{\"@id\":\"https:\\\/\\\/osa.fh-potsdam.de\\\/bibliothekswissenschaft\\\/#website\"},\"primaryImageOfPage\":{\"@id\":\"https:\\\/\\\/osa.fh-potsdam.de\\\/bibliothekswissenschaft\\\/studium\\\/studienbereiche\\\/digitale-informationsstruktur\\\/#primaryimage\"},\"image\":{\"@id\":\"https:\\\/\\\/osa.fh-potsdam.de\\\/bibliothekswissenschaft\\\/studium\\\/studienbereiche\\\/digitale-informationsstruktur\\\/#primaryimage\"},\"thumbnailUrl\":\"https:\\\/\\\/osa.fh-potsdam.de\\\/bibliothekswissenschaft\\\/wp-content\\\/uploads\\\/sites\\\/10\\\/2024\\\/07\\\/2_3_Informationsinfrastruktur-scaled.webp\",\"datePublished\":\"2024-06-04T21:13:56+00:00\",\"dateModified\":\"2025-07-25T09:31:07+00:00\",\"breadcrumb\":{\"@id\":\"https:\\\/\\\/osa.fh-potsdam.de\\\/bibliothekswissenschaft\\\/studium\\\/studienbereiche\\\/digitale-informationsstruktur\\\/#breadcrumb\"},\"inLanguage\":\"de\",\"potentialAction\":[{\"@type\":\"ReadAction\",\"target\":[\"https:\\\/\\\/osa.fh-potsdam.de\\\/bibliothekswissenschaft\\\/studium\\\/studienbereiche\\\/digitale-informationsstruktur\\\/\"]}]},{\"@type\":\"ImageObject\",\"inLanguage\":\"de\",\"@id\":\"https:\\\/\\\/osa.fh-potsdam.de\\\/bibliothekswissenschaft\\\/studium\\\/studienbereiche\\\/digitale-informationsstruktur\\\/#primaryimage\",\"url\":\"https:\\\/\\\/osa.fh-potsdam.de\\\/bibliothekswissenschaft\\\/wp-content\\\/uploads\\\/sites\\\/10\\\/2024\\\/07\\\/2_3_Informationsinfrastruktur-scaled.webp\",\"contentUrl\":\"https:\\\/\\\/osa.fh-potsdam.de\\\/bibliothekswissenschaft\\\/wp-content\\\/uploads\\\/sites\\\/10\\\/2024\\\/07\\\/2_3_Informationsinfrastruktur-scaled.webp\",\"width\":2560,\"height\":2095},{\"@type\":\"BreadcrumbList\",\"@id\":\"https:\\\/\\\/osa.fh-potsdam.de\\\/bibliothekswissenschaft\\\/studium\\\/studienbereiche\\\/digitale-informationsstruktur\\\/#breadcrumb\",\"itemListElement\":[{\"@type\":\"ListItem\",\"position\":1,\"name\":\"Startseite\",\"item\":\"https:\\\/\\\/osa.fh-potsdam.de\\\/bibliothekswissenschaft\\\/\"},{\"@type\":\"ListItem\",\"position\":2,\"name\":\"Studium\",\"item\":\"https:\\\/\\\/osa.fh-potsdam.de\\\/bibliothekswissenschaft\\\/studium\\\/\"},{\"@type\":\"ListItem\",\"position\":3,\"name\":\"Hauptstudienbereiche\",\"item\":\"https:\\\/\\\/osa.fh-potsdam.de\\\/bibliothekswissenschaft\\\/studium\\\/studienbereiche\\\/\"},{\"@type\":\"ListItem\",\"position\":4,\"name\":\"Digitale Informationsstruktur\"}]},{\"@type\":\"WebSite\",\"@id\":\"https:\\\/\\\/osa.fh-potsdam.de\\\/bibliothekswissenschaft\\\/#website\",\"url\":\"https:\\\/\\\/osa.fh-potsdam.de\\\/bibliothekswissenschaft\\\/\",\"name\":\"OSA Bibliothekswissenschaft\",\"description\":\"Studienwahl-Assistent f\u00fcr den Studiengang Bibliothekswissenschaft\",\"publisher\":{\"@id\":\"https:\\\/\\\/osa.fh-potsdam.de\\\/bibliothekswissenschaft\\\/#organization\"},\"potentialAction\":[{\"@type\":\"SearchAction\",\"target\":{\"@type\":\"EntryPoint\",\"urlTemplate\":\"https:\\\/\\\/osa.fh-potsdam.de\\\/bibliothekswissenschaft\\\/?s={search_term_string}\"},\"query-input\":{\"@type\":\"PropertyValueSpecification\",\"valueRequired\":true,\"valueName\":\"search_term_string\"}}],\"inLanguage\":\"de\"},{\"@type\":\"Organization\",\"@id\":\"https:\\\/\\\/osa.fh-potsdam.de\\\/bibliothekswissenschaft\\\/#organization\",\"name\":\"OSA Bibliothekswissenschaft\",\"url\":\"https:\\\/\\\/osa.fh-potsdam.de\\\/bibliothekswissenschaft\\\/\",\"logo\":{\"@type\":\"ImageObject\",\"inLanguage\":\"de\",\"@id\":\"https:\\\/\\\/osa.fh-potsdam.de\\\/bibliothekswissenschaft\\\/#\\\/schema\\\/logo\\\/image\\\/\",\"url\":\"\",\"contentUrl\":\"\",\"caption\":\"OSA Bibliothekswissenschaft\"},\"image\":{\"@id\":\"https:\\\/\\\/osa.fh-potsdam.de\\\/bibliothekswissenschaft\\\/#\\\/schema\\\/logo\\\/image\\\/\"}}]}<\/script>\n<!-- \/ Yoast SEO plugin. -->","yoast_head_json":{"title":"Digitale Informationsstruktur - OSA Bibliothekswissenschaft der FH Potsdam","robots":{"index":"index","follow":"follow","max-snippet":"max-snippet:-1","max-image-preview":"max-image-preview:large","max-video-preview":"max-video-preview:-1"},"canonical":"https:\/\/osa.fh-potsdam.de\/bibliothekswissenschaft\/studium\/studienbereiche\/digitale-informationsstruktur\/","og_locale":"de_DE","og_type":"article","og_title":"Digitale Informationsstruktur - OSA Bibliothekswissenschaft der FH Potsdam","og_description":"Digitale Informations\u00adinfrastruktur Informationsaufbereitung, Informationsvisualisierung, Informationsdienste In diesem Studienbereich lernen Sie, Informations\u00addienste zu Informations- und Daten\u00adsammlungen nach ein\u00adheitlichen Standards selbst zu ent\u00adwickeln und diese konzep\u00adtionell, techno\u00adlogisch und zielgruppen\u00adkonform weiter\u00adzuf\u00fchren.","og_url":"https:\/\/osa.fh-potsdam.de\/bibliothekswissenschaft\/studium\/studienbereiche\/digitale-informationsstruktur\/","og_site_name":"OSA Bibliothekswissenschaft der FH Potsdam","article_modified_time":"2025-07-25T09:31:07+00:00","og_image":[{"width":2560,"height":2095,"url":"https:\/\/osa.fh-potsdam.de\/bibliothekswissenschaft\/wp-content\/uploads\/sites\/10\/2024\/07\/2_3_Informationsinfrastruktur-scaled.webp","type":"image\/webp"}],"twitter_card":"summary_large_image","twitter_misc":{"Gesch\u00e4tzte Lesezeit":"2\u00a0Minuten"},"schema":{"@context":"https:\/\/schema.org","@graph":[{"@type":"WebPage","@id":"https:\/\/osa.fh-potsdam.de\/bibliothekswissenschaft\/studium\/studienbereiche\/digitale-informationsstruktur\/","url":"https:\/\/osa.fh-potsdam.de\/bibliothekswissenschaft\/studium\/studienbereiche\/digitale-informationsstruktur\/","name":"Digitale Informationsstruktur - OSA Bibliothekswissenschaft der FH Potsdam","isPartOf":{"@id":"https:\/\/osa.fh-potsdam.de\/bibliothekswissenschaft\/#website"},"primaryImageOfPage":{"@id":"https:\/\/osa.fh-potsdam.de\/bibliothekswissenschaft\/studium\/studienbereiche\/digitale-informationsstruktur\/#primaryimage"},"image":{"@id":"https:\/\/osa.fh-potsdam.de\/bibliothekswissenschaft\/studium\/studienbereiche\/digitale-informationsstruktur\/#primaryimage"},"thumbnailUrl":"https:\/\/osa.fh-potsdam.de\/bibliothekswissenschaft\/wp-content\/uploads\/sites\/10\/2024\/07\/2_3_Informationsinfrastruktur-scaled.webp","datePublished":"2024-06-04T21:13:56+00:00","dateModified":"2025-07-25T09:31:07+00:00","breadcrumb":{"@id":"https:\/\/osa.fh-potsdam.de\/bibliothekswissenschaft\/studium\/studienbereiche\/digitale-informationsstruktur\/#breadcrumb"},"inLanguage":"de","potentialAction":[{"@type":"ReadAction","target":["https:\/\/osa.fh-potsdam.de\/bibliothekswissenschaft\/studium\/studienbereiche\/digitale-informationsstruktur\/"]}]},{"@type":"ImageObject","inLanguage":"de","@id":"https:\/\/osa.fh-potsdam.de\/bibliothekswissenschaft\/studium\/studienbereiche\/digitale-informationsstruktur\/#primaryimage","url":"https:\/\/osa.fh-potsdam.de\/bibliothekswissenschaft\/wp-content\/uploads\/sites\/10\/2024\/07\/2_3_Informationsinfrastruktur-scaled.webp","contentUrl":"https:\/\/osa.fh-potsdam.de\/bibliothekswissenschaft\/wp-content\/uploads\/sites\/10\/2024\/07\/2_3_Informationsinfrastruktur-scaled.webp","width":2560,"height":2095},{"@type":"BreadcrumbList","@id":"https:\/\/osa.fh-potsdam.de\/bibliothekswissenschaft\/studium\/studienbereiche\/digitale-informationsstruktur\/#breadcrumb","itemListElement":[{"@type":"ListItem","position":1,"name":"Startseite","item":"https:\/\/osa.fh-potsdam.de\/bibliothekswissenschaft\/"},{"@type":"ListItem","position":2,"name":"Studium","item":"https:\/\/osa.fh-potsdam.de\/bibliothekswissenschaft\/studium\/"},{"@type":"ListItem","position":3,"name":"Hauptstudienbereiche","item":"https:\/\/osa.fh-potsdam.de\/bibliothekswissenschaft\/studium\/studienbereiche\/"},{"@type":"ListItem","position":4,"name":"Digitale Informationsstruktur"}]},{"@type":"WebSite","@id":"https:\/\/osa.fh-potsdam.de\/bibliothekswissenschaft\/#website","url":"https:\/\/osa.fh-potsdam.de\/bibliothekswissenschaft\/","name":"OSA Bibliothekswissenschaft","description":"Studienwahl-Assistent f\u00fcr den Studiengang Bibliothekswissenschaft","publisher":{"@id":"https:\/\/osa.fh-potsdam.de\/bibliothekswissenschaft\/#organization"},"potentialAction":[{"@type":"SearchAction","target":{"@type":"EntryPoint","urlTemplate":"https:\/\/osa.fh-potsdam.de\/bibliothekswissenschaft\/?s={search_term_string}"},"query-input":{"@type":"PropertyValueSpecification","valueRequired":true,"valueName":"search_term_string"}}],"inLanguage":"de"},{"@type":"Organization","@id":"https:\/\/osa.fh-potsdam.de\/bibliothekswissenschaft\/#organization","name":"OSA Bibliothekswissenschaft","url":"https:\/\/osa.fh-potsdam.de\/bibliothekswissenschaft\/","logo":{"@type":"ImageObject","inLanguage":"de","@id":"https:\/\/osa.fh-potsdam.de\/bibliothekswissenschaft\/#\/schema\/logo\/image\/","url":"","contentUrl":"","caption":"OSA Bibliothekswissenschaft"},"image":{"@id":"https:\/\/osa.fh-potsdam.de\/bibliothekswissenschaft\/#\/schema\/logo\/image\/"}}]}},"_links":{"self":[{"href":"https:\/\/osa.fh-potsdam.de\/bibliothekswissenschaft\/wp-json\/wp\/v2\/pages\/628","targetHints":{"allow":["GET"]}}],"collection":[{"href":"https:\/\/osa.fh-potsdam.de\/bibliothekswissenschaft\/wp-json\/wp\/v2\/pages"}],"about":[{"href":"https:\/\/osa.fh-potsdam.de\/bibliothekswissenschaft\/wp-json\/wp\/v2\/types\/page"}],"author":[{"embeddable":true,"href":"https:\/\/osa.fh-potsdam.de\/bibliothekswissenschaft\/wp-json\/wp\/v2\/users\/1"}],"replies":[{"embeddable":true,"href":"https:\/\/osa.fh-potsdam.de\/bibliothekswissenschaft\/wp-json\/wp\/v2\/comments?post=628"}],"version-history":[{"count":9,"href":"https:\/\/osa.fh-potsdam.de\/bibliothekswissenschaft\/wp-json\/wp\/v2\/pages\/628\/revisions"}],"predecessor-version":[{"id":1749,"href":"https:\/\/osa.fh-potsdam.de\/bibliothekswissenschaft\/wp-json\/wp\/v2\/pages\/628\/revisions\/1749"}],"up":[{"embeddable":true,"href":"https:\/\/osa.fh-potsdam.de\/bibliothekswissenschaft\/wp-json\/wp\/v2\/pages\/607"}],"wp:attachment":[{"href":"https:\/\/osa.fh-potsdam.de\/bibliothekswissenschaft\/wp-json\/wp\/v2\/media?parent=628"}],"curies":[{"name":"wp","href":"https:\/\/api.w.org\/{rel}","templated":true}]}}