{"id":733,"date":"2024-06-06T13:28:19","date_gmt":"2024-06-06T11:28:19","guid":{"rendered":"https:\/\/osa.fh-potsdam.de\/archiv\/?page_id=733"},"modified":"2025-07-25T11:20:50","modified_gmt":"2025-07-25T09:20:50","slug":"digitale-datentraeger-2","status":"publish","type":"page","link":"https:\/\/osa.fh-potsdam.de\/archiv\/aufgaben\/digitale-datentraeger-2\/","title":{"rendered":"digitale Datentr\u00e4ger"},"content":{"rendered":"\n<h2 class=\"wp-block-heading\"><strong>Digitale Datentr\u00e4ger<\/strong><\/h2>\n\n\n<div  class=\"grids-section grids-is-stretch\" style=\"--_gs-gap-desktop:20px 40px;--_gs-m-desktop:20px 0 60px 0;--_gs-p-desktop:0 0 0 0;--_gs-bg-desktop:transparent none;--_gs-bg-xp-desktop:0px;--_gs-zi-desktop:auto;--_gs-d-desktop:block;--_gs-mw-desktop:calc(100% - 0 - 0);--_gs-gap-tablet:20px 40px;--_gs-m-tablet:20px 0 60px 0;--_gs-p-tablet:0 0 0 0;--_gs-bg-tablet:transparent none;--_gs-bg-xp-tablet:0px;--_gs-zi-tablet:auto;--_gs-d-tablet:block;--_gs-mw-tablet:calc(100% - 0 - 0);--_gs-gap-mobile:20px 40px;--_gs-m-mobile:20px 0 60px 0;--_gs-p-mobile:0 0 0 0;--_gs-bg-mobile:transparent none;--_gs-bg-xp-mobile:0px;--_gs-zi-mobile:auto;--_gs-d-mobile:block;--_gs-mw-mobile:calc(100% - 0 - 0);--_gs-columns:3;--_gs-rows:1\"><div class=\"grids-s-w_i\">\n<div class=\"grids-area\" style=\"--_ga-column:1\/2;--_ga-row:1\/2;--_ga-m-desktop:0 0 0 0;--_ga-p-desktop:0 0 0 0;--_ga-bg-desktop:transparent none;--_ga-zi-desktop:auto;--_ga-d-desktop:flex;--_ga-mw-desktop:calc(100% - 0 - 0);--_ga-m-tablet:0 0 0 0;--_ga-p-tablet:0 0 0 0;--_ga-bg-tablet:transparent none;--_ga-zi-tablet:auto;--_ga-d-tablet:flex;--_ga-mw-tablet:calc(100% - 0 - 0);--_ga-m-mobile:0 0 0 0;--_ga-p-mobile:0 0 0 0;--_ga-bg-mobile:transparent none;--_ga-zi-mobile:auto;--_ga-d-mobile:flex;--_ga-mw-mobile:calc(100% - 0 - 0)\">\n\n<p>Daten werden heutzutage <strong>bin\u00e4r-digital kodiert<\/strong> (<em>Abbildung 1<\/em>) und k\u00f6nnen dadurch in Rechnern verarbeitet, \u00fcber Netze transportiert und auf digitalen Datentr\u00e4gern gespeichert werden.<\/p>\n\n\n\n<p>Trotz der der vielen Vorteile bin\u00e4r-kodierter Daten gibt es ein gro\u00dfes Problem, das aber nicht erst mit dem Computerzeitalter entstanden ist, sondern seit der Erfindung der ersten <strong>Schriftzeichen<\/strong> (<em>Abbildung 2<\/em>) besteht.<\/p>\n\n\n\n<div style=\"height:30px\" aria-hidden=\"true\" class=\"wp-block-spacer\"><\/div>\n\n\n<div class=\"wp-block-image\">\n<figure class=\"aligncenter size-full\"><img loading=\"lazy\" decoding=\"async\" width=\"299\" height=\"187\" src=\"https:\/\/osa.fh-potsdam.de\/archiv\/wp-content\/uploads\/sites\/9\/2024\/07\/digital-datentraeger1.webp\" alt=\"\" class=\"wp-image-1311\"\/><figcaption class=\"wp-element-caption\">Abbildung 1<\/figcaption><\/figure>\n<\/div>\n\n<div class=\"wp-block-image\">\n<figure class=\"aligncenter size-full\"><img loading=\"lazy\" decoding=\"async\" width=\"299\" height=\"210\" src=\"https:\/\/osa.fh-potsdam.de\/archiv\/wp-content\/uploads\/sites\/9\/2024\/07\/digital-datentraeger2.webp\" alt=\"\" class=\"wp-image-1310\"\/><figcaption class=\"wp-element-caption\">Abbildung 2<\/figcaption><\/figure>\n<\/div>\n<\/div>\n\n<div class=\"grids-area\" style=\"--_ga-column:2\/4;--_ga-row:1\/2;--_ga-m-desktop:20px 0 0 0;--_ga-p-desktop:0 0 0 0;--_ga-bg-desktop:transparent none;--_ga-zi-desktop:auto;--_ga-d-desktop:flex;--_ga-mw-desktop:calc(100% - 0 - 0);--_ga-m-tablet:20px 0 0 0;--_ga-p-tablet:0 0 0 0;--_ga-bg-tablet:transparent none;--_ga-zi-tablet:auto;--_ga-d-tablet:flex;--_ga-mw-tablet:calc(100% - 0 - 0);--_ga-m-mobile:20px 0 0 0;--_ga-p-mobile:0 0 0 0;--_ga-bg-mobile:transparent none;--_ga-zi-mobile:auto;--_ga-d-mobile:flex;--_ga-mw-mobile:calc(100% - 0 - 0)\">\n\n<div class=\"wp-block-group\"><div class=\"wp-block-group__inner-container is-layout-constrained wp-block-group-is-layout-constrained\">\n<hr class=\"wp-block-separator has-alpha-channel-opacity\"\/>\n<\/div><\/div>\n\n\n\n<div style=\"height:30px\" aria-hidden=\"true\" class=\"wp-block-spacer\"><\/div>\n\n\n\n<script type=\"text\/javascript\" >\ndocument.addEventListener(\"DOMContentLoaded\", function(event) { \nif(!window.jQuery) alert(\"The important jQuery library is not properly loaded in your site. Your WordPress theme is probably missing the essential wp_head() call. You can switch to another theme and you will see that the plugin works fine and this notice disappears. If you are still not sure what to do you can contact us for help.\");\n});\n<\/script>  \n  \n<div  id=\"watupro_quiz\" class=\"quiz-area single-page-quiz\">\n<p id=\"submittingExam9\" style=\"display:none;text-align:center;\"><img loading=\"lazy\" decoding=\"async\" src=\"https:\/\/osa.fh-potsdam.de\/archiv\/wp-content\/plugins\/watupro\/img\/loading.gif\" width=\"16\" height=\"16\"><\/p>\n\n\n\n<form action=\"\" method=\"post\" class=\"quiz-form\" id=\"quiz-9\"  enctype=\"multipart\/form-data\" >\n<div class='watu-question ' id='question-1' style=';'><div id='questionWrap-1'  class='   watupro-question-id-63'>\n\t\t\t<div class='question-content'><div><p><strong>Frage:<\/strong> Um welches grundlegende Problem handelt es sich dabei?<\/p><\/div><input type='hidden' name='question_id[]' id='qID_1' value='63' class='watupro-question-id'\/><input type='hidden' id='answerType63' class='answerTypeCnt1' value='radio'><!-- end question-content--><\/div><div class='question-choices watupro-choices-columns '  id='questionChoices63'><div class='watupro-question-choice  ' dir='auto' ><input type='radio' name='answer-63[]' id='answer-id-222' class='answer   answerof-63  ' value='222'   \/><label for='answer-id-222' id='answer-label-222' class=' answer'><span>A) Die Kodierung der Daten und Informationen im Bin\u00e4rcode.<\/span><\/label><\/div><div class='watupro-question-choice  ' dir='auto' ><input type='radio' name='answer-63[]' id='answer-id-274' class='answer   answerof-63  ' value='274'   \/><label for='answer-id-274' id='answer-label-274' class=' answer'><span>B) Die begrenzte Haltbarkeit digitaler Datentr\u00e4ger (z.B. 5 Jahre bei einer Festplatte).<\/span><\/label><\/div><div class='watupro-question-choice  ' dir='auto' ><input type='radio' name='answer-63[]' id='answer-id-275' class='answer   answerof-63  ' value='275'   \/><label for='answer-id-275' id='answer-label-275' class=' answer'><span>C) Der schnelle technologische Wandel.<\/span><\/label><\/div><div class='watupro-question-choice  ' dir='auto' ><input type='radio' name='answer-63[]' id='answer-id-276' class='answer   answerof-63  ' value='276'   \/><label for='answer-id-276' id='answer-label-276' class=' answer'><span>D) Die Verwendung abstrakter Symbole, dessen Bedeutung bekannt sein muss.<\/span><\/label><\/div><div class='watupro-question-choice  ' dir='auto' ><input type='radio' name='answer-63[]' id='answer-id-277' class='answer   answerof-63  ' value='277'   \/><label for='answer-id-277' id='answer-label-277' class=' answer'><span>E) Der wachsende Speicherbedarf durch immer gr\u00f6\u00dfere Datenmengen.<\/span><\/label><\/div><!-- end question-choices--><\/div><!-- end questionWrap--><\/div><\/div><div style='display:none' id='question-2'>\n\t<div class='question-content'>\n\t\t<img loading=\"lazy\" decoding=\"async\" src=\"https:\/\/osa.fh-potsdam.de\/archiv\/wp-content\/plugins\/watupro\/img\/loading.gif\" width=\"16\" height=\"16\" alt=\"Loading...\" title=\"Loading...\" \/>&nbsp;Loading...\t<\/div>\n<\/div>\n\n<br \/>\n\t\n\t\t\t<div class=\"watupro_buttons flex \" id=\"watuPROButtons9\" >\n\t\t  <div id=\"prev-question\" style=\"display:none;\"><input type=\"button\" value=\"&lt; Zur\u00fcck\" onclick=\"WatuPRO.nextQuestion(event, 'previous');\"\/><\/div>\t\t  \t\t  \t\t   \n\t\t   \t  \t\t<div><input type=\"button\" name=\"action\" class=\"watupro-submit-button\" onclick=\"WatuPRO.submitResult(event)\" id=\"action-button\" value=\"Antwort pr\u00fcfen\"  \/>\n\t\t<\/div>\n\t\t<\/div>\n\t\t\n\t<input type=\"hidden\" name=\"quiz_id\" value=\"9\" id=\"watuPROExamID\"\/>\n\t<input type=\"hidden\" name=\"start_time\" id=\"startTime\" value=\"2026-05-06 10:22:58\" \/>\n\t<input type=\"hidden\" name=\"start_timestamp\" id=\"startTimeStamp\" value=\"1778062978\" \/>\n\t<input type=\"hidden\" name=\"question_ids\" value=\"\" \/>\n\t<input type=\"hidden\" name=\"watupro_questions\" value=\"63:222,274,275,276,277\" \/>\n\t<input type=\"hidden\" name=\"no_ajax\" value=\"0\">\t\t\t<\/form>\n\t<p>&nbsp;<\/p>\n<\/div>\n\n<script type=\"text\/javascript\">\n\/\/jQuery(document).ready(function(){\ndocument.addEventListener(\"DOMContentLoaded\", function(event) { \t\nvar question_ids = \"63\";\nWatuPROSettings[9] = {};\nWatuPRO.qArr = question_ids.split(',');\nWatuPRO.exam_id = 9;\t    \nWatuPRO.post_id = 733;\nWatuPRO.store_progress = 0;\nWatuPRO.curCatPage = 1;\nWatuPRO.requiredIDs=\"0\".split(\",\");\nWatuPRO.hAppID = \"0.08984600 1778055778\";\nvar url = \"https:\/\/osa.fh-potsdam.de\/archiv\/wp-content\/plugins\/watupro\/show_exam.php\";\nWatuPRO.examMode = 1;\nWatuPRO.siteURL=\"https:\/\/osa.fh-potsdam.de\/archiv\/wp-admin\/admin-ajax.php\";\nWatuPRO.emailIsNotRequired = 0;\nWatuPRO.perDecade = 10;\nWatuPROIntel.init(9);\nWatuPRO.inCategoryPages=1;});    \t \n<\/script>\n\n\n<\/div>\n<\/div><\/div>\n\n<div  class=\"grids-section grids-is-stretch\" style=\"--_gs-gap-desktop:40px 40px;--_gs-m-desktop:0 0 0 0;--_gs-p-desktop:0 0 20px 0;--_gs-bg-desktop:transparent none;--_gs-bg-xp-desktop:0px;--_gs-zi-desktop:auto;--_gs-d-desktop:block;--_gs-mw-desktop:calc(100% - 0 - 0);--_gs-gap-tablet:40px 40px;--_gs-m-tablet:0 0 0 0;--_gs-p-tablet:0 0 20px 0;--_gs-bg-tablet:transparent none;--_gs-bg-xp-tablet:0px;--_gs-zi-tablet:auto;--_gs-d-tablet:block;--_gs-mw-tablet:calc(100% - 0 - 0);--_gs-gap-mobile:40px 40px;--_gs-m-mobile:0 0 0 0;--_gs-p-mobile:0 0 20px 0;--_gs-bg-mobile:transparent none;--_gs-bg-xp-mobile:0px;--_gs-zi-mobile:auto;--_gs-d-mobile:block;--_gs-mw-mobile:calc(100% - 0 - 0);--_gs-columns:3;--_gs-rows:1\"><div class=\"grids-s-w_i\">\n<div class=\"grids-area\" style=\"--_ga-column:1\/3;--_ga-row:1\/2;--_ga-m-desktop:0 0 0 0;--_ga-p-desktop:0 0 0 0;--_ga-bg-desktop:transparent none;--_ga-zi-desktop:auto;--_ga-d-desktop:flex;--_ga-mw-desktop:calc(100% - 0 - 0);--_ga-m-tablet:0 0 0 0;--_ga-p-tablet:0 0 0 0;--_ga-bg-tablet:transparent none;--_ga-zi-tablet:auto;--_ga-d-tablet:flex;--_ga-mw-tablet:calc(100% - 0 - 0);--_ga-m-mobile:0 0 0 0;--_ga-p-mobile:0 0 0 0;--_ga-bg-mobile:transparent none;--_ga-zi-mobile:auto;--_ga-d-mobile:flex;--_ga-mw-mobile:calc(100% - 0 - 0)\"><\/div>\n\n<div class=\"grids-area\" style=\"--_ga-column:3\/4;--_ga-row:1\/2;--_ga-m-desktop:0 0 0 0;--_ga-p-desktop:0 0 0 0;--_ga-bg-desktop:transparent none;--_ga-zi-desktop:auto;--_ga-d-desktop:flex;--_ga-mw-desktop:calc(100% - 0 - 0);--_ga-m-tablet:0 0 0 0;--_ga-p-tablet:0 0 0 0;--_ga-bg-tablet:transparent none;--_ga-zi-tablet:auto;--_ga-d-tablet:flex;--_ga-mw-tablet:calc(100% - 0 - 0);--_ga-m-mobile:0 0 0 0;--_ga-p-mobile:0 0 0 0;--_ga-bg-mobile:transparent none;--_ga-zi-mobile:auto;--_ga-d-mobile:flex;--_ga-mw-mobile:calc(100% - 0 - 0)\">\n\n<div style=\"height:10px\" aria-hidden=\"true\" class=\"wp-block-spacer\"><\/div>\n\n<\/div>\n<\/div><\/div>\n\n\n<div class=\"wp-block-buttons floating-buttons-group is-content-justification-space-between is-layout-flex wp-container-core-buttons-is-layout-3d213aab wp-block-buttons-is-layout-flex\">\n<div class=\"wp-block-button has-custom-width wp-block-button__width-50\"><a class=\"wp-block-button__link has-white-color has-text-color has-background has-link-color has-text-align-center wp-element-button\" href=\"https:\/\/osa.fh-potsdam.de\/archiv\/aufgaben\/\" style=\"background-color:#192841\">Zur \u00dcbersicht<\/a><\/div>\n\n\n\n<div class=\"wp-block-button has-custom-width wp-block-button__width-50\"><a class=\"wp-block-button__link has-white-color has-text-color has-background has-link-color has-text-align-center wp-element-button\" href=\"https:\/\/osa.fh-potsdam.de\/archiv\/aufgaben\/geschichte\/\" style=\"background-color:#f29200\">N\u00e4chste Aufgabe<\/a><\/div>\n<\/div>\n","protected":false},"excerpt":{"rendered":"<p>Digitale Datentr\u00e4ger<\/p>\n","protected":false},"author":1,"featured_media":0,"parent":244,"menu_order":6,"comment_status":"closed","ping_status":"closed","template":"","meta":{"powered_cache_disable_cache":false,"footnotes":""},"class_list":["post-733","page","type-page","status-publish","hentry"],"yoast_head":"<!-- This site is optimized with the Yoast SEO plugin v27.2 - https:\/\/yoast.com\/product\/yoast-seo-wordpress\/ -->\n<title>digitale Datentr\u00e4ger - OSA Archiv der FH Potsdam<\/title>\n<meta name=\"robots\" content=\"index, follow, max-snippet:-1, max-image-preview:large, max-video-preview:-1\" \/>\n<link rel=\"canonical\" href=\"https:\/\/osa.fh-potsdam.de\/archiv\/aufgaben\/digitale-datentraeger-2\/\" \/>\n<meta property=\"og:locale\" content=\"de_DE\" \/>\n<meta property=\"og:type\" content=\"article\" \/>\n<meta property=\"og:title\" content=\"digitale Datentr\u00e4ger - OSA Archiv der FH Potsdam\" \/>\n<meta property=\"og:description\" content=\"Digitale Datentr\u00e4ger\" \/>\n<meta property=\"og:url\" content=\"https:\/\/osa.fh-potsdam.de\/archiv\/aufgaben\/digitale-datentraeger-2\/\" \/>\n<meta property=\"og:site_name\" content=\"OSA Archiv der FH Potsdam\" \/>\n<meta property=\"article:modified_time\" content=\"2025-07-25T09:20:50+00:00\" \/>\n<meta property=\"og:image\" content=\"https:\/\/osa.fh-potsdam.de\/archiv\/wp-content\/uploads\/sites\/9\/2024\/07\/digital-datentraeger1.webp\" \/>\n\t<meta property=\"og:image:width\" content=\"299\" \/>\n\t<meta property=\"og:image:height\" content=\"187\" \/>\n\t<meta property=\"og:image:type\" content=\"image\/webp\" \/>\n<meta name=\"twitter:card\" content=\"summary_large_image\" \/>\n<meta name=\"twitter:label1\" content=\"Gesch\u00e4tzte Lesezeit\" \/>\n\t<meta name=\"twitter:data1\" content=\"1\u00a0Minute\" \/>\n<script type=\"application\/ld+json\" class=\"yoast-schema-graph\">{\"@context\":\"https:\/\/schema.org\",\"@graph\":[{\"@type\":\"WebPage\",\"@id\":\"https:\/\/osa.fh-potsdam.de\/archiv\/aufgaben\/digitale-datentraeger-2\/\",\"url\":\"https:\/\/osa.fh-potsdam.de\/archiv\/aufgaben\/digitale-datentraeger-2\/\",\"name\":\"digitale Datentr\u00e4ger - OSA Archiv der FH Potsdam\",\"isPartOf\":{\"@id\":\"https:\/\/osa.fh-potsdam.de\/archiv\/#website\"},\"primaryImageOfPage\":{\"@id\":\"https:\/\/osa.fh-potsdam.de\/archiv\/aufgaben\/digitale-datentraeger-2\/#primaryimage\"},\"image\":{\"@id\":\"https:\/\/osa.fh-potsdam.de\/archiv\/aufgaben\/digitale-datentraeger-2\/#primaryimage\"},\"thumbnailUrl\":\"https:\/\/osa.fh-potsdam.de\/archiv\/wp-content\/uploads\/sites\/9\/2024\/07\/digital-datentraeger1.webp\",\"datePublished\":\"2024-06-06T11:28:19+00:00\",\"dateModified\":\"2025-07-25T09:20:50+00:00\",\"breadcrumb\":{\"@id\":\"https:\/\/osa.fh-potsdam.de\/archiv\/aufgaben\/digitale-datentraeger-2\/#breadcrumb\"},\"inLanguage\":\"de\",\"potentialAction\":[{\"@type\":\"ReadAction\",\"target\":[\"https:\/\/osa.fh-potsdam.de\/archiv\/aufgaben\/digitale-datentraeger-2\/\"]}]},{\"@type\":\"ImageObject\",\"inLanguage\":\"de\",\"@id\":\"https:\/\/osa.fh-potsdam.de\/archiv\/aufgaben\/digitale-datentraeger-2\/#primaryimage\",\"url\":\"https:\/\/osa.fh-potsdam.de\/archiv\/wp-content\/uploads\/sites\/9\/2024\/07\/digital-datentraeger1.webp\",\"contentUrl\":\"https:\/\/osa.fh-potsdam.de\/archiv\/wp-content\/uploads\/sites\/9\/2024\/07\/digital-datentraeger1.webp\",\"width\":299,\"height\":187},{\"@type\":\"BreadcrumbList\",\"@id\":\"https:\/\/osa.fh-potsdam.de\/archiv\/aufgaben\/digitale-datentraeger-2\/#breadcrumb\",\"itemListElement\":[{\"@type\":\"ListItem\",\"position\":1,\"name\":\"Startseite\",\"item\":\"https:\/\/osa.fh-potsdam.de\/archiv\/\"},{\"@type\":\"ListItem\",\"position\":2,\"name\":\"Aufgaben\",\"item\":\"https:\/\/osa.fh-potsdam.de\/archiv\/aufgaben\/\"},{\"@type\":\"ListItem\",\"position\":3,\"name\":\"digitale Datentr\u00e4ger\"}]},{\"@type\":\"WebSite\",\"@id\":\"https:\/\/osa.fh-potsdam.de\/archiv\/#website\",\"url\":\"https:\/\/osa.fh-potsdam.de\/archiv\/\",\"name\":\"OSA Archiv der FH Potsdam\",\"description\":\"Studienwahl-Assistent f\u00fcr den Studiengang Archiv\",\"publisher\":{\"@id\":\"https:\/\/osa.fh-potsdam.de\/archiv\/#organization\"},\"potentialAction\":[{\"@type\":\"SearchAction\",\"target\":{\"@type\":\"EntryPoint\",\"urlTemplate\":\"https:\/\/osa.fh-potsdam.de\/archiv\/?s={search_term_string}\"},\"query-input\":{\"@type\":\"PropertyValueSpecification\",\"valueRequired\":true,\"valueName\":\"search_term_string\"}}],\"inLanguage\":\"de\"},{\"@type\":\"Organization\",\"@id\":\"https:\/\/osa.fh-potsdam.de\/archiv\/#organization\",\"name\":\"OSA Archiv der FH Potsdam\",\"url\":\"https:\/\/osa.fh-potsdam.de\/archiv\/\",\"logo\":{\"@type\":\"ImageObject\",\"inLanguage\":\"de\",\"@id\":\"https:\/\/osa.fh-potsdam.de\/archiv\/#\/schema\/logo\/image\/\",\"url\":\"\",\"contentUrl\":\"\",\"caption\":\"OSA Archiv der FH Potsdam\"},\"image\":{\"@id\":\"https:\/\/osa.fh-potsdam.de\/archiv\/#\/schema\/logo\/image\/\"}}]}<\/script>\n<!-- \/ Yoast SEO plugin. -->","yoast_head_json":{"title":"digitale Datentr\u00e4ger - OSA Archiv der FH Potsdam","robots":{"index":"index","follow":"follow","max-snippet":"max-snippet:-1","max-image-preview":"max-image-preview:large","max-video-preview":"max-video-preview:-1"},"canonical":"https:\/\/osa.fh-potsdam.de\/archiv\/aufgaben\/digitale-datentraeger-2\/","og_locale":"de_DE","og_type":"article","og_title":"digitale Datentr\u00e4ger - OSA Archiv der FH Potsdam","og_description":"Digitale Datentr\u00e4ger","og_url":"https:\/\/osa.fh-potsdam.de\/archiv\/aufgaben\/digitale-datentraeger-2\/","og_site_name":"OSA Archiv der FH Potsdam","article_modified_time":"2025-07-25T09:20:50+00:00","og_image":[{"width":299,"height":187,"url":"https:\/\/osa.fh-potsdam.de\/archiv\/wp-content\/uploads\/sites\/9\/2024\/07\/digital-datentraeger1.webp","type":"image\/webp"}],"twitter_card":"summary_large_image","twitter_misc":{"Gesch\u00e4tzte Lesezeit":"1\u00a0Minute"},"schema":{"@context":"https:\/\/schema.org","@graph":[{"@type":"WebPage","@id":"https:\/\/osa.fh-potsdam.de\/archiv\/aufgaben\/digitale-datentraeger-2\/","url":"https:\/\/osa.fh-potsdam.de\/archiv\/aufgaben\/digitale-datentraeger-2\/","name":"digitale Datentr\u00e4ger - OSA Archiv der FH Potsdam","isPartOf":{"@id":"https:\/\/osa.fh-potsdam.de\/archiv\/#website"},"primaryImageOfPage":{"@id":"https:\/\/osa.fh-potsdam.de\/archiv\/aufgaben\/digitale-datentraeger-2\/#primaryimage"},"image":{"@id":"https:\/\/osa.fh-potsdam.de\/archiv\/aufgaben\/digitale-datentraeger-2\/#primaryimage"},"thumbnailUrl":"https:\/\/osa.fh-potsdam.de\/archiv\/wp-content\/uploads\/sites\/9\/2024\/07\/digital-datentraeger1.webp","datePublished":"2024-06-06T11:28:19+00:00","dateModified":"2025-07-25T09:20:50+00:00","breadcrumb":{"@id":"https:\/\/osa.fh-potsdam.de\/archiv\/aufgaben\/digitale-datentraeger-2\/#breadcrumb"},"inLanguage":"de","potentialAction":[{"@type":"ReadAction","target":["https:\/\/osa.fh-potsdam.de\/archiv\/aufgaben\/digitale-datentraeger-2\/"]}]},{"@type":"ImageObject","inLanguage":"de","@id":"https:\/\/osa.fh-potsdam.de\/archiv\/aufgaben\/digitale-datentraeger-2\/#primaryimage","url":"https:\/\/osa.fh-potsdam.de\/archiv\/wp-content\/uploads\/sites\/9\/2024\/07\/digital-datentraeger1.webp","contentUrl":"https:\/\/osa.fh-potsdam.de\/archiv\/wp-content\/uploads\/sites\/9\/2024\/07\/digital-datentraeger1.webp","width":299,"height":187},{"@type":"BreadcrumbList","@id":"https:\/\/osa.fh-potsdam.de\/archiv\/aufgaben\/digitale-datentraeger-2\/#breadcrumb","itemListElement":[{"@type":"ListItem","position":1,"name":"Startseite","item":"https:\/\/osa.fh-potsdam.de\/archiv\/"},{"@type":"ListItem","position":2,"name":"Aufgaben","item":"https:\/\/osa.fh-potsdam.de\/archiv\/aufgaben\/"},{"@type":"ListItem","position":3,"name":"digitale Datentr\u00e4ger"}]},{"@type":"WebSite","@id":"https:\/\/osa.fh-potsdam.de\/archiv\/#website","url":"https:\/\/osa.fh-potsdam.de\/archiv\/","name":"OSA Archiv der FH Potsdam","description":"Studienwahl-Assistent f\u00fcr den Studiengang Archiv","publisher":{"@id":"https:\/\/osa.fh-potsdam.de\/archiv\/#organization"},"potentialAction":[{"@type":"SearchAction","target":{"@type":"EntryPoint","urlTemplate":"https:\/\/osa.fh-potsdam.de\/archiv\/?s={search_term_string}"},"query-input":{"@type":"PropertyValueSpecification","valueRequired":true,"valueName":"search_term_string"}}],"inLanguage":"de"},{"@type":"Organization","@id":"https:\/\/osa.fh-potsdam.de\/archiv\/#organization","name":"OSA Archiv der FH Potsdam","url":"https:\/\/osa.fh-potsdam.de\/archiv\/","logo":{"@type":"ImageObject","inLanguage":"de","@id":"https:\/\/osa.fh-potsdam.de\/archiv\/#\/schema\/logo\/image\/","url":"","contentUrl":"","caption":"OSA Archiv der FH Potsdam"},"image":{"@id":"https:\/\/osa.fh-potsdam.de\/archiv\/#\/schema\/logo\/image\/"}}]}},"_links":{"self":[{"href":"https:\/\/osa.fh-potsdam.de\/archiv\/wp-json\/wp\/v2\/pages\/733","targetHints":{"allow":["GET"]}}],"collection":[{"href":"https:\/\/osa.fh-potsdam.de\/archiv\/wp-json\/wp\/v2\/pages"}],"about":[{"href":"https:\/\/osa.fh-potsdam.de\/archiv\/wp-json\/wp\/v2\/types\/page"}],"author":[{"embeddable":true,"href":"https:\/\/osa.fh-potsdam.de\/archiv\/wp-json\/wp\/v2\/users\/1"}],"replies":[{"embeddable":true,"href":"https:\/\/osa.fh-potsdam.de\/archiv\/wp-json\/wp\/v2\/comments?post=733"}],"version-history":[{"count":11,"href":"https:\/\/osa.fh-potsdam.de\/archiv\/wp-json\/wp\/v2\/pages\/733\/revisions"}],"predecessor-version":[{"id":2473,"href":"https:\/\/osa.fh-potsdam.de\/archiv\/wp-json\/wp\/v2\/pages\/733\/revisions\/2473"}],"up":[{"embeddable":true,"href":"https:\/\/osa.fh-potsdam.de\/archiv\/wp-json\/wp\/v2\/pages\/244"}],"wp:attachment":[{"href":"https:\/\/osa.fh-potsdam.de\/archiv\/wp-json\/wp\/v2\/media?parent=733"}],"curies":[{"name":"wp","href":"https:\/\/api.w.org\/{rel}","templated":true}]}}