{"id":731,"date":"2024-06-06T13:27:52","date_gmt":"2024-06-06T11:27:52","guid":{"rendered":"https:\/\/osa.fh-potsdam.de\/archiv\/?page_id=731"},"modified":"2025-07-25T11:20:33","modified_gmt":"2025-07-25T09:20:33","slug":"praesentation-u-vermittlung","status":"publish","type":"page","link":"https:\/\/osa.fh-potsdam.de\/archiv\/aufgaben\/praesentation-u-vermittlung\/","title":{"rendered":"Pr\u00e4sentation &#038; Vermittlung"},"content":{"rendered":"\n<h2 class=\"wp-block-heading\"><strong>Pr\u00e4sentation und Vermittlung historischer Quellen<\/strong><\/h2>\n\n\n<div  class=\"grids-section grids-is-stretch\" style=\"--_gs-gap-desktop:0px 60px;--_gs-m-desktop:40px 0 40px 0;--_gs-p-desktop:0 0 0 0;--_gs-bg-desktop:transparent none;--_gs-bg-xp-desktop:0px;--_gs-zi-desktop:auto;--_gs-d-desktop:block;--_gs-mw-desktop:calc(100% - 0 - 0);--_gs-gap-tablet:0px 60px;--_gs-m-tablet:40px 0 40px 0;--_gs-p-tablet:0 0 0 0;--_gs-bg-tablet:transparent none;--_gs-bg-xp-tablet:0px;--_gs-zi-tablet:auto;--_gs-d-tablet:block;--_gs-mw-tablet:calc(100% - 0 - 0);--_gs-gap-mobile:0px 60px;--_gs-m-mobile:40px 0 40px 0;--_gs-p-mobile:0 0 0 0;--_gs-bg-mobile:transparent none;--_gs-bg-xp-mobile:0px;--_gs-zi-mobile:auto;--_gs-d-mobile:block;--_gs-mw-mobile:calc(100% - 0 - 0);--_gs-columns:3;--_gs-rows:1\"><div class=\"grids-s-w_i\">\n<div class=\"grids-area\" style=\"--_ga-column:1\/2;--_ga-row:1\/2;--_ga-m-desktop:0 0 0 0;--_ga-p-desktop:0 0 0 0;--_ga-bg-desktop:transparent none;--_ga-zi-desktop:auto;--_ga-d-desktop:flex;--_ga-mw-desktop:calc(100% - 0 - 0);--_ga-m-tablet:0 0 0 0;--_ga-p-tablet:0 0 0 0;--_ga-bg-tablet:transparent none;--_ga-zi-tablet:auto;--_ga-d-tablet:flex;--_ga-mw-tablet:calc(100% - 0 - 0);--_ga-m-mobile:0 0 0 0;--_ga-p-mobile:0 0 0 0;--_ga-bg-mobile:transparent none;--_ga-zi-mobile:auto;--_ga-d-mobile:flex;--_ga-mw-mobile:calc(100% - 0 - 0)\">\n\n<p class=\"has-background\" style=\"background-color:#f0f4f9;font-size:18px\"><strong>Die Sch\u00e4tze eines Archivs sichtbar machen<\/strong> \u2013 das ist die Aufgabe von Archiva\u00adrinnen und Archivaren. Doch wie l\u00e4sst sich bei poten\u00adtiellen Besuchern das Interesse wecken? Wie k\u00f6nnen Kinder und Jugend\u00adliche f\u00fcr Archiv\u00adarbeit begeistert werden? Wie werden historische Quellen f\u00fcr alle zu\u00adg\u00e4nglich? <br><br>Diese Fragen k\u00f6nnen Sie am besten be\u00adantworten, wenn Sie die Perspektive wechseln und pr\u00fcfen, wie Archive dann in Ihrer Wahr\u00adnehmung pr\u00e4sent sind.<\/p>\n\n<\/div>\n\n<div class=\"grids-area\" style=\"--_ga-column:2\/4;--_ga-row:1\/2;--_ga-m-desktop:30px 0 0 0;--_ga-p-desktop:0 0 0 0;--_ga-bg-desktop:transparent none;--_ga-zi-desktop:auto;--_ga-d-desktop:flex;--_ga-mw-desktop:calc(100% - 0 - 0);--_ga-m-tablet:30px 0 0 0;--_ga-p-tablet:0 0 0 0;--_ga-bg-tablet:transparent none;--_ga-zi-tablet:auto;--_ga-d-tablet:flex;--_ga-mw-tablet:calc(100% - 0 - 0);--_ga-m-mobile:30px 0 0 0;--_ga-p-mobile:0 0 0 0;--_ga-bg-mobile:transparent none;--_ga-zi-mobile:auto;--_ga-d-mobile:flex;--_ga-mw-mobile:calc(100% - 0 - 0)\">\n\n<div class=\"wp-block-group\"><div class=\"wp-block-group__inner-container is-layout-constrained wp-block-group-is-layout-constrained\">\n<hr class=\"wp-block-separator has-alpha-channel-opacity\"\/>\n<\/div><\/div>\n\n\n\n<div style=\"height:20px\" aria-hidden=\"true\" class=\"wp-block-spacer\"><\/div>\n\n\n\n<script type=\"text\/javascript\" >\ndocument.addEventListener(\"DOMContentLoaded\", function(event) { \nif(!window.jQuery) alert(\"The important jQuery library is not properly loaded in your site. Your WordPress theme is probably missing the essential wp_head() call. You can switch to another theme and you will see that the plugin works fine and this notice disappears. If you are still not sure what to do you can contact us for help.\");\n});\n<\/script>  \n  \n<div  id=\"watupro_quiz\" class=\"quiz-area single-page-quiz\">\n<p id=\"submittingExam8\" style=\"display:none;text-align:center;\"><img loading=\"lazy\" decoding=\"async\" src=\"https:\/\/osa.fh-potsdam.de\/archiv\/wp-content\/plugins\/watupro\/img\/loading.gif\" width=\"16\" height=\"16\"><\/p>\n\n\n\n<form action=\"\" method=\"post\" class=\"quiz-form\" id=\"quiz-8\"  enctype=\"multipart\/form-data\" >\n<div class='watu-question  watu-question-compact ' id='question-1' style=';'><div id='questionWrap-1'  class=' watupro-compact watupro-compact2   watupro-question-id-59'>\n\t\t\t<div class='question-content'><div><strong>Aufgabe:<\/strong> Bitte w\u00e4hlen Sie aus der neben&shy;stehenden Liste vier (4) der h\u00e4ufigsten, von Archiven genutzten Optionen der historischen Bildungs- und \u00d6ffent&shy;lich&shy;keits&shy;arbeit aus.<\/div><input type='hidden' name='question_id[]' id='qID_1' value='59' class='watupro-question-id'\/><input type='hidden' id='answerType59' class='answerTypeCnt1' value='checkbox'><!-- end question-content--><\/div><div class='question-choices  '  id='questionChoices59'><div class='watupro-question-choice  ' dir='auto' ><input type='checkbox' name='answer-59[]' id='answer-id-206' class='answer   answerof-59  ' value='206'   \/><label for='answer-id-206' id='answer-label-206' class=' answer'><span>Ausstellungen<\/span><\/label><\/div><div class='watupro-question-choice  ' dir='auto' ><input type='checkbox' name='answer-59[]' id='answer-id-207' class='answer   answerof-59  ' value='207'   \/><label for='answer-id-207' id='answer-label-207' class=' answer'><span>Workshops<\/span><\/label><\/div><div class='watupro-question-choice  ' dir='auto' ><input type='checkbox' name='answer-59[]' id='answer-id-208' class='answer   answerof-59  ' value='208'   \/><label for='answer-id-208' id='answer-label-208' class=' answer'><span>Theaterauff\u00fchrungen<\/span><\/label><\/div><div class='watupro-question-choice  ' dir='auto' ><input type='checkbox' name='answer-59[]' id='answer-id-267' class='answer   answerof-59  ' value='267'   \/><label for='answer-id-267' id='answer-label-267' class=' answer'><span>F\u00fchrungen<\/span><\/label><\/div><div class='watupro-question-choice  ' dir='auto' ><input type='checkbox' name='answer-59[]' id='answer-id-268' class='answer   answerof-59  ' value='268'   \/><label for='answer-id-268' id='answer-label-268' class=' answer'><span>Publikationen<\/span><\/label><\/div><div class='watupro-question-choice  ' dir='auto' ><input type='checkbox' name='answer-59[]' id='answer-id-269' class='answer   answerof-59  ' value='269'   \/><label for='answer-id-269' id='answer-label-269' class=' answer'><span>Imagefilme<\/span><\/label><\/div><div class='watupro-question-choice  ' dir='auto' ><input type='checkbox' name='answer-59[]' id='answer-id-270' class='answer   answerof-59  ' value='270'   \/><label for='answer-id-270' id='answer-label-270' class=' answer'><span>Onlineportale<\/span><\/label><\/div><div class='watupro-question-choice  ' dir='auto' ><input type='checkbox' name='answer-59[]' id='answer-id-271' class='answer   answerof-59  ' value='271'   \/><label for='answer-id-271' id='answer-label-271' class=' answer'><span>Filmvorf\u00fchrungen<\/span><\/label><\/div><div class='watupro-question-choice  ' dir='auto' ><input type='checkbox' name='answer-59[]' id='answer-id-272' class='answer   answerof-59  ' value='272'   \/><label for='answer-id-272' id='answer-label-272' class=' answer'><span>Vortr\u00e4ge<\/span><\/label><\/div><div class='watupro-question-choice  ' dir='auto' ><input type='checkbox' name='answer-59[]' id='answer-id-273' class='answer   answerof-59  ' value='273'   \/><label for='answer-id-273' id='answer-label-273' class=' answer'><span>Zeitzeugeninterviews<\/span><\/label><\/div><!-- end question-choices--><\/div><!-- end questionWrap--><\/div><\/div><div style='display:none' id='question-2'>\n\t<div class='question-content'>\n\t\t<img loading=\"lazy\" decoding=\"async\" src=\"https:\/\/osa.fh-potsdam.de\/archiv\/wp-content\/plugins\/watupro\/img\/loading.gif\" width=\"16\" height=\"16\" alt=\"Loading...\" title=\"Loading...\" \/>&nbsp;Loading...\t<\/div>\n<\/div>\n\n<br \/>\n\t\n\t\t\t<div class=\"watupro_buttons flex \" id=\"watuPROButtons8\" >\n\t\t  <div id=\"prev-question\" style=\"display:none;\"><input type=\"button\" value=\"&lt; Zur\u00fcck\" onclick=\"WatuPRO.nextQuestion(event, 'previous');\"\/><\/div>\t\t  \t\t  \t\t   \n\t\t   \t  \t\t<div><input type=\"button\" name=\"action\" class=\"watupro-submit-button\" onclick=\"WatuPRO.submitResult(event)\" id=\"action-button\" value=\"Antwort pr\u00fcfen\"  \/>\n\t\t<\/div>\n\t\t<\/div>\n\t\t\n\t<input type=\"hidden\" name=\"quiz_id\" value=\"8\" id=\"watuPROExamID\"\/>\n\t<input type=\"hidden\" name=\"start_time\" id=\"startTime\" value=\"2026-05-06 10:23:25\" \/>\n\t<input type=\"hidden\" name=\"start_timestamp\" id=\"startTimeStamp\" value=\"1778063005\" \/>\n\t<input type=\"hidden\" name=\"question_ids\" value=\"\" \/>\n\t<input type=\"hidden\" name=\"watupro_questions\" value=\"59:206,207,208,267,268,269,270,271,272,273\" \/>\n\t<input type=\"hidden\" name=\"no_ajax\" value=\"0\">\t\t\t<\/form>\n\t<p>&nbsp;<\/p>\n<\/div>\n\n<script type=\"text\/javascript\">\n\/\/jQuery(document).ready(function(){\ndocument.addEventListener(\"DOMContentLoaded\", function(event) { \t\nvar question_ids = \"59\";\nWatuPROSettings[8] = {};\nWatuPRO.qArr = question_ids.split(',');\nWatuPRO.exam_id = 8;\t    \nWatuPRO.post_id = 731;\nWatuPRO.store_progress = 0;\nWatuPRO.curCatPage = 1;\nWatuPRO.requiredIDs=\"0\".split(\",\");\nWatuPRO.hAppID = \"0.60644000 1778055805\";\nvar url = \"https:\/\/osa.fh-potsdam.de\/archiv\/wp-content\/plugins\/watupro\/show_exam.php\";\nWatuPRO.examMode = 1;\nWatuPRO.siteURL=\"https:\/\/osa.fh-potsdam.de\/archiv\/wp-admin\/admin-ajax.php\";\nWatuPRO.emailIsNotRequired = 0;\nWatuPRO.perDecade = 10;\nWatuPROIntel.init(8);\nWatuPRO.inCategoryPages=1;});    \t \n<\/script>\n\n\n<\/div>\n<\/div><\/div>\n\n\n<div class=\"wp-block-buttons floating-buttons-group is-content-justification-space-between is-layout-flex wp-container-core-buttons-is-layout-3d213aab wp-block-buttons-is-layout-flex\">\n<div class=\"wp-block-button has-custom-width wp-block-button__width-50\"><a class=\"wp-block-button__link has-white-color has-text-color has-background has-link-color has-text-align-center wp-element-button\" href=\"https:\/\/osa.fh-potsdam.de\/archiv\/aufgaben\/\" style=\"background-color:#192841\">Zur \u00dcbersicht<\/a><\/div>\n\n\n\n<div class=\"wp-block-button has-custom-width wp-block-button__width-50\"><a class=\"wp-block-button__link has-white-color has-text-color has-background has-link-color has-text-align-center wp-element-button\" href=\"https:\/\/osa.fh-potsdam.de\/archiv\/aufgaben\/digitale-datentraeger-2\/\" style=\"background-color:#f29200\">N\u00e4chste Aufgabe<\/a><\/div>\n<\/div>\n","protected":false},"excerpt":{"rendered":"<p>Pr\u00e4sentation und Vermittlung historischer Quellen<\/p>\n","protected":false},"author":1,"featured_media":0,"parent":244,"menu_order":5,"comment_status":"closed","ping_status":"closed","template":"","meta":{"powered_cache_disable_cache":false,"footnotes":""},"class_list":["post-731","page","type-page","status-publish","hentry"],"yoast_head":"<!-- This site is optimized with the Yoast SEO plugin v27.2 - https:\/\/yoast.com\/product\/yoast-seo-wordpress\/ -->\n<title>Pr\u00e4sentation &amp; Vermittlung - OSA Archiv der FH Potsdam<\/title>\n<meta name=\"robots\" content=\"index, follow, max-snippet:-1, max-image-preview:large, max-video-preview:-1\" \/>\n<link rel=\"canonical\" href=\"https:\/\/osa.fh-potsdam.de\/archiv\/aufgaben\/praesentation-u-vermittlung\/\" \/>\n<meta property=\"og:locale\" content=\"de_DE\" \/>\n<meta property=\"og:type\" content=\"article\" \/>\n<meta property=\"og:title\" content=\"Pr\u00e4sentation &amp; Vermittlung - OSA Archiv der FH Potsdam\" \/>\n<meta property=\"og:description\" content=\"Pr\u00e4sentation und Vermittlung historischer Quellen\" \/>\n<meta property=\"og:url\" content=\"https:\/\/osa.fh-potsdam.de\/archiv\/aufgaben\/praesentation-u-vermittlung\/\" \/>\n<meta property=\"og:site_name\" content=\"OSA Archiv der FH Potsdam\" \/>\n<meta property=\"article:modified_time\" content=\"2025-07-25T09:20:33+00:00\" \/>\n<meta name=\"twitter:card\" content=\"summary_large_image\" \/>\n<meta name=\"twitter:label1\" content=\"Gesch\u00e4tzte Lesezeit\" \/>\n\t<meta name=\"twitter:data1\" content=\"1\u00a0Minute\" \/>\n<script type=\"application\/ld+json\" class=\"yoast-schema-graph\">{\"@context\":\"https:\/\/schema.org\",\"@graph\":[{\"@type\":\"WebPage\",\"@id\":\"https:\/\/osa.fh-potsdam.de\/archiv\/aufgaben\/praesentation-u-vermittlung\/\",\"url\":\"https:\/\/osa.fh-potsdam.de\/archiv\/aufgaben\/praesentation-u-vermittlung\/\",\"name\":\"Pr\u00e4sentation & Vermittlung - OSA Archiv der FH Potsdam\",\"isPartOf\":{\"@id\":\"https:\/\/osa.fh-potsdam.de\/archiv\/#website\"},\"datePublished\":\"2024-06-06T11:27:52+00:00\",\"dateModified\":\"2025-07-25T09:20:33+00:00\",\"breadcrumb\":{\"@id\":\"https:\/\/osa.fh-potsdam.de\/archiv\/aufgaben\/praesentation-u-vermittlung\/#breadcrumb\"},\"inLanguage\":\"de\",\"potentialAction\":[{\"@type\":\"ReadAction\",\"target\":[\"https:\/\/osa.fh-potsdam.de\/archiv\/aufgaben\/praesentation-u-vermittlung\/\"]}]},{\"@type\":\"BreadcrumbList\",\"@id\":\"https:\/\/osa.fh-potsdam.de\/archiv\/aufgaben\/praesentation-u-vermittlung\/#breadcrumb\",\"itemListElement\":[{\"@type\":\"ListItem\",\"position\":1,\"name\":\"Startseite\",\"item\":\"https:\/\/osa.fh-potsdam.de\/archiv\/\"},{\"@type\":\"ListItem\",\"position\":2,\"name\":\"Aufgaben\",\"item\":\"https:\/\/osa.fh-potsdam.de\/archiv\/aufgaben\/\"},{\"@type\":\"ListItem\",\"position\":3,\"name\":\"Pr\u00e4sentation &#038; Vermittlung\"}]},{\"@type\":\"WebSite\",\"@id\":\"https:\/\/osa.fh-potsdam.de\/archiv\/#website\",\"url\":\"https:\/\/osa.fh-potsdam.de\/archiv\/\",\"name\":\"OSA Archiv der FH Potsdam\",\"description\":\"Studienwahl-Assistent f\u00fcr den Studiengang Archiv\",\"publisher\":{\"@id\":\"https:\/\/osa.fh-potsdam.de\/archiv\/#organization\"},\"potentialAction\":[{\"@type\":\"SearchAction\",\"target\":{\"@type\":\"EntryPoint\",\"urlTemplate\":\"https:\/\/osa.fh-potsdam.de\/archiv\/?s={search_term_string}\"},\"query-input\":{\"@type\":\"PropertyValueSpecification\",\"valueRequired\":true,\"valueName\":\"search_term_string\"}}],\"inLanguage\":\"de\"},{\"@type\":\"Organization\",\"@id\":\"https:\/\/osa.fh-potsdam.de\/archiv\/#organization\",\"name\":\"OSA Archiv der FH Potsdam\",\"url\":\"https:\/\/osa.fh-potsdam.de\/archiv\/\",\"logo\":{\"@type\":\"ImageObject\",\"inLanguage\":\"de\",\"@id\":\"https:\/\/osa.fh-potsdam.de\/archiv\/#\/schema\/logo\/image\/\",\"url\":\"\",\"contentUrl\":\"\",\"caption\":\"OSA Archiv der FH Potsdam\"},\"image\":{\"@id\":\"https:\/\/osa.fh-potsdam.de\/archiv\/#\/schema\/logo\/image\/\"}}]}<\/script>\n<!-- \/ Yoast SEO plugin. -->","yoast_head_json":{"title":"Pr\u00e4sentation & Vermittlung - OSA Archiv der FH Potsdam","robots":{"index":"index","follow":"follow","max-snippet":"max-snippet:-1","max-image-preview":"max-image-preview:large","max-video-preview":"max-video-preview:-1"},"canonical":"https:\/\/osa.fh-potsdam.de\/archiv\/aufgaben\/praesentation-u-vermittlung\/","og_locale":"de_DE","og_type":"article","og_title":"Pr\u00e4sentation & Vermittlung - OSA Archiv der FH Potsdam","og_description":"Pr\u00e4sentation und Vermittlung historischer Quellen","og_url":"https:\/\/osa.fh-potsdam.de\/archiv\/aufgaben\/praesentation-u-vermittlung\/","og_site_name":"OSA Archiv der FH Potsdam","article_modified_time":"2025-07-25T09:20:33+00:00","twitter_card":"summary_large_image","twitter_misc":{"Gesch\u00e4tzte Lesezeit":"1\u00a0Minute"},"schema":{"@context":"https:\/\/schema.org","@graph":[{"@type":"WebPage","@id":"https:\/\/osa.fh-potsdam.de\/archiv\/aufgaben\/praesentation-u-vermittlung\/","url":"https:\/\/osa.fh-potsdam.de\/archiv\/aufgaben\/praesentation-u-vermittlung\/","name":"Pr\u00e4sentation & Vermittlung - OSA Archiv der FH Potsdam","isPartOf":{"@id":"https:\/\/osa.fh-potsdam.de\/archiv\/#website"},"datePublished":"2024-06-06T11:27:52+00:00","dateModified":"2025-07-25T09:20:33+00:00","breadcrumb":{"@id":"https:\/\/osa.fh-potsdam.de\/archiv\/aufgaben\/praesentation-u-vermittlung\/#breadcrumb"},"inLanguage":"de","potentialAction":[{"@type":"ReadAction","target":["https:\/\/osa.fh-potsdam.de\/archiv\/aufgaben\/praesentation-u-vermittlung\/"]}]},{"@type":"BreadcrumbList","@id":"https:\/\/osa.fh-potsdam.de\/archiv\/aufgaben\/praesentation-u-vermittlung\/#breadcrumb","itemListElement":[{"@type":"ListItem","position":1,"name":"Startseite","item":"https:\/\/osa.fh-potsdam.de\/archiv\/"},{"@type":"ListItem","position":2,"name":"Aufgaben","item":"https:\/\/osa.fh-potsdam.de\/archiv\/aufgaben\/"},{"@type":"ListItem","position":3,"name":"Pr\u00e4sentation &#038; Vermittlung"}]},{"@type":"WebSite","@id":"https:\/\/osa.fh-potsdam.de\/archiv\/#website","url":"https:\/\/osa.fh-potsdam.de\/archiv\/","name":"OSA Archiv der FH Potsdam","description":"Studienwahl-Assistent f\u00fcr den Studiengang Archiv","publisher":{"@id":"https:\/\/osa.fh-potsdam.de\/archiv\/#organization"},"potentialAction":[{"@type":"SearchAction","target":{"@type":"EntryPoint","urlTemplate":"https:\/\/osa.fh-potsdam.de\/archiv\/?s={search_term_string}"},"query-input":{"@type":"PropertyValueSpecification","valueRequired":true,"valueName":"search_term_string"}}],"inLanguage":"de"},{"@type":"Organization","@id":"https:\/\/osa.fh-potsdam.de\/archiv\/#organization","name":"OSA Archiv der FH Potsdam","url":"https:\/\/osa.fh-potsdam.de\/archiv\/","logo":{"@type":"ImageObject","inLanguage":"de","@id":"https:\/\/osa.fh-potsdam.de\/archiv\/#\/schema\/logo\/image\/","url":"","contentUrl":"","caption":"OSA Archiv der FH Potsdam"},"image":{"@id":"https:\/\/osa.fh-potsdam.de\/archiv\/#\/schema\/logo\/image\/"}}]}},"_links":{"self":[{"href":"https:\/\/osa.fh-potsdam.de\/archiv\/wp-json\/wp\/v2\/pages\/731","targetHints":{"allow":["GET"]}}],"collection":[{"href":"https:\/\/osa.fh-potsdam.de\/archiv\/wp-json\/wp\/v2\/pages"}],"about":[{"href":"https:\/\/osa.fh-potsdam.de\/archiv\/wp-json\/wp\/v2\/types\/page"}],"author":[{"embeddable":true,"href":"https:\/\/osa.fh-potsdam.de\/archiv\/wp-json\/wp\/v2\/users\/1"}],"replies":[{"embeddable":true,"href":"https:\/\/osa.fh-potsdam.de\/archiv\/wp-json\/wp\/v2\/comments?post=731"}],"version-history":[{"count":13,"href":"https:\/\/osa.fh-potsdam.de\/archiv\/wp-json\/wp\/v2\/pages\/731\/revisions"}],"predecessor-version":[{"id":2472,"href":"https:\/\/osa.fh-potsdam.de\/archiv\/wp-json\/wp\/v2\/pages\/731\/revisions\/2472"}],"up":[{"embeddable":true,"href":"https:\/\/osa.fh-potsdam.de\/archiv\/wp-json\/wp\/v2\/pages\/244"}],"wp:attachment":[{"href":"https:\/\/osa.fh-potsdam.de\/archiv\/wp-json\/wp\/v2\/media?parent=731"}],"curies":[{"name":"wp","href":"https:\/\/api.w.org\/{rel}","templated":true}]}}