{"id":622,"date":"2024-06-04T23:12:48","date_gmt":"2024-06-04T21:12:48","guid":{"rendered":"https:\/\/osa.fh-potsdam.de\/archiv\/?page_id=622"},"modified":"2025-07-25T11:16:50","modified_gmt":"2025-07-25T09:16:50","slug":"digitale-archivierung","status":"publish","type":"page","link":"https:\/\/osa.fh-potsdam.de\/archiv\/studium\/studienbereiche\/digitale-archivierung\/","title":{"rendered":"Digitale Archivierung"},"content":{"rendered":"\n<h2 class=\"wp-block-heading\"><strong>Digitale&nbsp;Archivierung und&nbsp;dauerhafte&nbsp;Erhaltung<\/strong><\/h2>\n\n\n\n<div style=\"height:20px\" aria-hidden=\"true\" class=\"wp-block-spacer\"><\/div>\n\n\n\n<p class=\"has-background\" style=\"background-color:#f0f4f9\">In diesem Studien\u00adabschnitt lernen Sie die unter\u00adschied\u00adlichen <strong>Instrumente und Methoden der Bestands\u00aderhaltung<\/strong> kennen und anzuwenden.<\/p>\n\n\n<div  class=\"grids-section grids-is-advanced\" style=\"--_gs-gap-desktop:20px 60px;--_gs-m-desktop:40px 0 40px 0;--_gs-p-desktop:0 0 0 0;--_gs-bg-desktop:transparent none;--_gs-bg-xp-desktop:0px;--_gs-zi-desktop:auto;--_gs-d-desktop:block;--_gs-mw-desktop:calc(100% - 0 - 0);--_gs-gap-tablet:20px 60px;--_gs-m-tablet:40px 0 40px 0;--_gs-p-tablet:0 0 0 0;--_gs-bg-tablet:transparent none;--_gs-bg-xp-tablet:0px;--_gs-zi-tablet:auto;--_gs-d-tablet:block;--_gs-mw-tablet:calc(100% - 0 - 0);--_gs-gap-mobile:20px 60px;--_gs-m-mobile:40px 0 40px 0;--_gs-p-mobile:0 0 0 0;--_gs-bg-mobile:transparent none;--_gs-bg-xp-mobile:0px;--_gs-zi-mobile:auto;--_gs-d-mobile:block;--_gs-mw-mobile:calc(100% - 0 - 0);--_gs-columns:12;--_gs-rows:6\"><div class=\"grids-s-w_i\">\n<div class=\"grids-area\" style=\"--_ga-column:9\/13;--_ga-row:1\/7;--_ga-va:center;--_ga-m-desktop:0 0 0 0;--_ga-p-desktop:0 0 0 0;--_ga-bg-desktop:transparent none;--_ga-zi-desktop:auto;--_ga-d-desktop:flex;--_ga-mw-desktop:calc(100% - 0 - 0);--_ga-m-tablet:0 0 0 0;--_ga-p-tablet:0 0 0 0;--_ga-bg-tablet:transparent none;--_ga-zi-tablet:auto;--_ga-d-tablet:flex;--_ga-mw-tablet:calc(100% - 0 - 0);--_ga-m-mobile:0 0 0 0;--_ga-p-mobile:0 0 0 0;--_ga-bg-mobile:transparent none;--_ga-zi-mobile:auto;--_ga-d-mobile:flex;--_ga-mw-mobile:calc(100% - 0 - 0)\">\n<div class=\"wp-block-image\">\n<figure class=\"aligncenter size-large\"><img loading=\"lazy\" decoding=\"async\" width=\"1024\" height=\"838\" src=\"https:\/\/osa.fh-potsdam.de\/archiv\/wp-content\/uploads\/sites\/9\/2024\/06\/2_2_Digitale_Archivierung-1024x838.webp\" alt=\"\" class=\"wp-image-1132\" style=\"aspect-ratio:4\/3;object-fit:contain\" srcset=\"https:\/\/osa.fh-potsdam.de\/archiv\/wp-content\/uploads\/sites\/9\/2024\/06\/2_2_Digitale_Archivierung-1024x838.webp 1024w, https:\/\/osa.fh-potsdam.de\/archiv\/wp-content\/uploads\/sites\/9\/2024\/06\/2_2_Digitale_Archivierung-300x245.webp 300w, https:\/\/osa.fh-potsdam.de\/archiv\/wp-content\/uploads\/sites\/9\/2024\/06\/2_2_Digitale_Archivierung-768x628.webp 768w, https:\/\/osa.fh-potsdam.de\/archiv\/wp-content\/uploads\/sites\/9\/2024\/06\/2_2_Digitale_Archivierung-1536x1257.webp 1536w, https:\/\/osa.fh-potsdam.de\/archiv\/wp-content\/uploads\/sites\/9\/2024\/06\/2_2_Digitale_Archivierung-2048x1676.webp 2048w\" sizes=\"auto, (max-width: 1024px) 100vw, 1024px\" \/><\/figure>\n<\/div>\n<\/div>\n\n<div class=\"grids-area\" style=\"--_ga-column:1\/9;--_ga-row:1\/7;--_ga-m-desktop:0 0 0 0;--_ga-p-desktop:0 0 0 0;--_ga-bg-desktop:transparent none;--_ga-zi-desktop:auto;--_ga-d-desktop:flex;--_ga-mw-desktop:calc(100% - 0 - 0);--_ga-m-tablet:0 0 0 0;--_ga-p-tablet:0 0 0 0;--_ga-bg-tablet:transparent none;--_ga-zi-tablet:auto;--_ga-d-tablet:flex;--_ga-mw-tablet:calc(100% - 0 - 0);--_ga-m-mobile:0 0 0 0;--_ga-p-mobile:0 0 0 0;--_ga-bg-mobile:transparent none;--_ga-zi-mobile:auto;--_ga-d-mobile:flex;--_ga-mw-mobile:calc(100% - 0 - 0)\">\n\n<p><em>\u201eEinmal archiviert, f\u00fcr immer archiviert!\u201c<\/em>: Dies ist eine Heraus\u00adforderung, weil analoge Daten\u00adtr\u00e4ger als physische Objekte verg\u00e4nglich sind und digitale Informationen durch Ver\u00e4nderungen in der System\u00adumgebung \u2013 bei Hardware und Software \u2013 unlesbar oder unbrauchbar werden k\u00f6nnen. <\/p>\n\n\n\n<p>Archivar\u00adinnen und Archivare beugen vor \u2013 f\u00fcr digitale Archivalien w\u00e4hlen sie die richtigen Datei\u00adformate und Meta\u00addaten aus und strukturieren sie. Bei den analogen Archivalien sind Verpackungs\u00admaterial und sch\u00fctzende Lagerungs\u00adbedingungen f\u00fcr die Erhaltung not\u00adwendig. Was schad\u00adhaft ist, wird in einer <strong>Restaurierungs\u00adwerkstatt<\/strong> restauriert; nur was in Ordnung ist, kann auch benutzt werden. <\/p>\n\n\n\n<p>Archivalien, die sehr viel benutzt werden, werden auch verviel\u00adf\u00e4ltigt. Damit sich das Original nicht so stark abnutzt, wird den Nutzerinnen und Nutzern statt\u00addessen ein Mikro\u00ad\u00adfilm oder eine digitale Kopie <strong>(Digitalisat)<\/strong> zur Verf\u00fcgung gestellt.<\/p>\n\n<\/div>\n<\/div><\/div>\n\n\n<div class=\"wp-block-group floating-buttons-group\"><div class=\"wp-block-group__inner-container is-layout-constrained wp-block-group-is-layout-constrained\">\n<div class=\"wp-block-buttons floating-buttons-group is-content-justification-space-between is-layout-flex wp-container-core-buttons-is-layout-3d213aab wp-block-buttons-is-layout-flex\">\n<div class=\"wp-block-button has-custom-width wp-block-button__width-50\"><a class=\"wp-block-button__link has-white-color has-text-color has-background has-link-color has-text-align-center wp-element-button\" href=\"https:\/\/osa.fh-potsdam.de\/archiv\/studium\/studienbereiche\/\" style=\"background-color:#192841\">Zur \u00dcbersicht<\/a><\/div>\n\n\n\n<div class=\"wp-block-button has-custom-width wp-block-button__width-50\"><a class=\"wp-block-button__link has-white-color has-text-color has-background has-link-color has-text-align-center wp-element-button\" href=\"https:\/\/osa.fh-potsdam.de\/archiv\/studium\/studienbereiche\/praesentation-u-vermittlung\/\" style=\"background-color:#f29200\">N\u00e4chster Bereich<\/a><\/div>\n<\/div>\n<\/div><\/div>\n","protected":false},"excerpt":{"rendered":"<p>Digitale&nbsp;Archivierung und&nbsp;dauerhafte&nbsp;Erhaltung In diesem Studien\u00adabschnitt lernen Sie die unter\u00adschied\u00adlichen Instrumente und Methoden der Bestands\u00aderhaltung kennen und anzuwenden.<\/p>\n","protected":false},"author":1,"featured_media":0,"parent":607,"menu_order":1,"comment_status":"closed","ping_status":"closed","template":"","meta":{"powered_cache_disable_cache":false,"footnotes":""},"class_list":["post-622","page","type-page","status-publish","hentry"],"yoast_head":"<!-- This site is optimized with the Yoast SEO plugin v27.2 - https:\/\/yoast.com\/product\/yoast-seo-wordpress\/ -->\n<title>Digitale Archivierung - OSA Archiv der FH Potsdam<\/title>\n<meta name=\"robots\" content=\"index, follow, max-snippet:-1, max-image-preview:large, max-video-preview:-1\" \/>\n<link rel=\"canonical\" href=\"https:\/\/osa.fh-potsdam.de\/archiv\/studium\/studienbereiche\/digitale-archivierung\/\" \/>\n<meta property=\"og:locale\" content=\"de_DE\" \/>\n<meta property=\"og:type\" content=\"article\" \/>\n<meta property=\"og:title\" content=\"Digitale Archivierung - OSA Archiv der FH Potsdam\" \/>\n<meta property=\"og:description\" content=\"Digitale&nbsp;Archivierung und&nbsp;dauerhafte&nbsp;Erhaltung In diesem Studien\u00adabschnitt lernen Sie die unter\u00adschied\u00adlichen Instrumente und Methoden der Bestands\u00aderhaltung kennen und anzuwenden.\" \/>\n<meta property=\"og:url\" content=\"https:\/\/osa.fh-potsdam.de\/archiv\/studium\/studienbereiche\/digitale-archivierung\/\" \/>\n<meta property=\"og:site_name\" content=\"OSA Archiv der FH Potsdam\" \/>\n<meta property=\"article:modified_time\" content=\"2025-07-25T09:16:50+00:00\" \/>\n<meta property=\"og:image\" content=\"https:\/\/osa.fh-potsdam.de\/archiv\/wp-content\/uploads\/sites\/9\/2024\/06\/2_2_Digitale_Archivierung-scaled.webp\" \/>\n\t<meta property=\"og:image:width\" content=\"2560\" \/>\n\t<meta property=\"og:image:height\" content=\"2095\" \/>\n\t<meta property=\"og:image:type\" content=\"image\/webp\" \/>\n<meta name=\"twitter:card\" content=\"summary_large_image\" \/>\n<meta name=\"twitter:label1\" content=\"Gesch\u00e4tzte Lesezeit\" \/>\n\t<meta name=\"twitter:data1\" content=\"1\u00a0Minute\" \/>\n<script type=\"application\/ld+json\" class=\"yoast-schema-graph\">{\"@context\":\"https:\/\/schema.org\",\"@graph\":[{\"@type\":\"WebPage\",\"@id\":\"https:\/\/osa.fh-potsdam.de\/archiv\/studium\/studienbereiche\/digitale-archivierung\/\",\"url\":\"https:\/\/osa.fh-potsdam.de\/archiv\/studium\/studienbereiche\/digitale-archivierung\/\",\"name\":\"Digitale Archivierung - OSA Archiv der FH Potsdam\",\"isPartOf\":{\"@id\":\"https:\/\/osa.fh-potsdam.de\/archiv\/#website\"},\"primaryImageOfPage\":{\"@id\":\"https:\/\/osa.fh-potsdam.de\/archiv\/studium\/studienbereiche\/digitale-archivierung\/#primaryimage\"},\"image\":{\"@id\":\"https:\/\/osa.fh-potsdam.de\/archiv\/studium\/studienbereiche\/digitale-archivierung\/#primaryimage\"},\"thumbnailUrl\":\"https:\/\/osa.fh-potsdam.de\/archiv\/wp-content\/uploads\/sites\/9\/2024\/06\/2_2_Digitale_Archivierung-1024x838.webp\",\"datePublished\":\"2024-06-04T21:12:48+00:00\",\"dateModified\":\"2025-07-25T09:16:50+00:00\",\"breadcrumb\":{\"@id\":\"https:\/\/osa.fh-potsdam.de\/archiv\/studium\/studienbereiche\/digitale-archivierung\/#breadcrumb\"},\"inLanguage\":\"de\",\"potentialAction\":[{\"@type\":\"ReadAction\",\"target\":[\"https:\/\/osa.fh-potsdam.de\/archiv\/studium\/studienbereiche\/digitale-archivierung\/\"]}]},{\"@type\":\"ImageObject\",\"inLanguage\":\"de\",\"@id\":\"https:\/\/osa.fh-potsdam.de\/archiv\/studium\/studienbereiche\/digitale-archivierung\/#primaryimage\",\"url\":\"https:\/\/osa.fh-potsdam.de\/archiv\/wp-content\/uploads\/sites\/9\/2024\/06\/2_2_Digitale_Archivierung-scaled.webp\",\"contentUrl\":\"https:\/\/osa.fh-potsdam.de\/archiv\/wp-content\/uploads\/sites\/9\/2024\/06\/2_2_Digitale_Archivierung-scaled.webp\",\"width\":2560,\"height\":2095},{\"@type\":\"BreadcrumbList\",\"@id\":\"https:\/\/osa.fh-potsdam.de\/archiv\/studium\/studienbereiche\/digitale-archivierung\/#breadcrumb\",\"itemListElement\":[{\"@type\":\"ListItem\",\"position\":1,\"name\":\"Startseite\",\"item\":\"https:\/\/osa.fh-potsdam.de\/archiv\/\"},{\"@type\":\"ListItem\",\"position\":2,\"name\":\"Studium\",\"item\":\"https:\/\/osa.fh-potsdam.de\/archiv\/studium\/\"},{\"@type\":\"ListItem\",\"position\":3,\"name\":\"Hauptstudienbereiche\",\"item\":\"https:\/\/osa.fh-potsdam.de\/archiv\/studium\/studienbereiche\/\"},{\"@type\":\"ListItem\",\"position\":4,\"name\":\"Digitale Archivierung\"}]},{\"@type\":\"WebSite\",\"@id\":\"https:\/\/osa.fh-potsdam.de\/archiv\/#website\",\"url\":\"https:\/\/osa.fh-potsdam.de\/archiv\/\",\"name\":\"OSA Archiv der FH Potsdam\",\"description\":\"Studienwahl-Assistent f\u00fcr den Studiengang Archiv\",\"publisher\":{\"@id\":\"https:\/\/osa.fh-potsdam.de\/archiv\/#organization\"},\"potentialAction\":[{\"@type\":\"SearchAction\",\"target\":{\"@type\":\"EntryPoint\",\"urlTemplate\":\"https:\/\/osa.fh-potsdam.de\/archiv\/?s={search_term_string}\"},\"query-input\":{\"@type\":\"PropertyValueSpecification\",\"valueRequired\":true,\"valueName\":\"search_term_string\"}}],\"inLanguage\":\"de\"},{\"@type\":\"Organization\",\"@id\":\"https:\/\/osa.fh-potsdam.de\/archiv\/#organization\",\"name\":\"OSA Archiv der FH Potsdam\",\"url\":\"https:\/\/osa.fh-potsdam.de\/archiv\/\",\"logo\":{\"@type\":\"ImageObject\",\"inLanguage\":\"de\",\"@id\":\"https:\/\/osa.fh-potsdam.de\/archiv\/#\/schema\/logo\/image\/\",\"url\":\"\",\"contentUrl\":\"\",\"caption\":\"OSA Archiv der FH Potsdam\"},\"image\":{\"@id\":\"https:\/\/osa.fh-potsdam.de\/archiv\/#\/schema\/logo\/image\/\"}}]}<\/script>\n<!-- \/ Yoast SEO plugin. -->","yoast_head_json":{"title":"Digitale Archivierung - OSA Archiv der FH Potsdam","robots":{"index":"index","follow":"follow","max-snippet":"max-snippet:-1","max-image-preview":"max-image-preview:large","max-video-preview":"max-video-preview:-1"},"canonical":"https:\/\/osa.fh-potsdam.de\/archiv\/studium\/studienbereiche\/digitale-archivierung\/","og_locale":"de_DE","og_type":"article","og_title":"Digitale Archivierung - OSA Archiv der FH Potsdam","og_description":"Digitale&nbsp;Archivierung und&nbsp;dauerhafte&nbsp;Erhaltung In diesem Studien\u00adabschnitt lernen Sie die unter\u00adschied\u00adlichen Instrumente und Methoden der Bestands\u00aderhaltung kennen und anzuwenden.","og_url":"https:\/\/osa.fh-potsdam.de\/archiv\/studium\/studienbereiche\/digitale-archivierung\/","og_site_name":"OSA Archiv der FH Potsdam","article_modified_time":"2025-07-25T09:16:50+00:00","og_image":[{"width":2560,"height":2095,"url":"https:\/\/osa.fh-potsdam.de\/archiv\/wp-content\/uploads\/sites\/9\/2024\/06\/2_2_Digitale_Archivierung-scaled.webp","type":"image\/webp"}],"twitter_card":"summary_large_image","twitter_misc":{"Gesch\u00e4tzte Lesezeit":"1\u00a0Minute"},"schema":{"@context":"https:\/\/schema.org","@graph":[{"@type":"WebPage","@id":"https:\/\/osa.fh-potsdam.de\/archiv\/studium\/studienbereiche\/digitale-archivierung\/","url":"https:\/\/osa.fh-potsdam.de\/archiv\/studium\/studienbereiche\/digitale-archivierung\/","name":"Digitale Archivierung - OSA Archiv der FH Potsdam","isPartOf":{"@id":"https:\/\/osa.fh-potsdam.de\/archiv\/#website"},"primaryImageOfPage":{"@id":"https:\/\/osa.fh-potsdam.de\/archiv\/studium\/studienbereiche\/digitale-archivierung\/#primaryimage"},"image":{"@id":"https:\/\/osa.fh-potsdam.de\/archiv\/studium\/studienbereiche\/digitale-archivierung\/#primaryimage"},"thumbnailUrl":"https:\/\/osa.fh-potsdam.de\/archiv\/wp-content\/uploads\/sites\/9\/2024\/06\/2_2_Digitale_Archivierung-1024x838.webp","datePublished":"2024-06-04T21:12:48+00:00","dateModified":"2025-07-25T09:16:50+00:00","breadcrumb":{"@id":"https:\/\/osa.fh-potsdam.de\/archiv\/studium\/studienbereiche\/digitale-archivierung\/#breadcrumb"},"inLanguage":"de","potentialAction":[{"@type":"ReadAction","target":["https:\/\/osa.fh-potsdam.de\/archiv\/studium\/studienbereiche\/digitale-archivierung\/"]}]},{"@type":"ImageObject","inLanguage":"de","@id":"https:\/\/osa.fh-potsdam.de\/archiv\/studium\/studienbereiche\/digitale-archivierung\/#primaryimage","url":"https:\/\/osa.fh-potsdam.de\/archiv\/wp-content\/uploads\/sites\/9\/2024\/06\/2_2_Digitale_Archivierung-scaled.webp","contentUrl":"https:\/\/osa.fh-potsdam.de\/archiv\/wp-content\/uploads\/sites\/9\/2024\/06\/2_2_Digitale_Archivierung-scaled.webp","width":2560,"height":2095},{"@type":"BreadcrumbList","@id":"https:\/\/osa.fh-potsdam.de\/archiv\/studium\/studienbereiche\/digitale-archivierung\/#breadcrumb","itemListElement":[{"@type":"ListItem","position":1,"name":"Startseite","item":"https:\/\/osa.fh-potsdam.de\/archiv\/"},{"@type":"ListItem","position":2,"name":"Studium","item":"https:\/\/osa.fh-potsdam.de\/archiv\/studium\/"},{"@type":"ListItem","position":3,"name":"Hauptstudienbereiche","item":"https:\/\/osa.fh-potsdam.de\/archiv\/studium\/studienbereiche\/"},{"@type":"ListItem","position":4,"name":"Digitale Archivierung"}]},{"@type":"WebSite","@id":"https:\/\/osa.fh-potsdam.de\/archiv\/#website","url":"https:\/\/osa.fh-potsdam.de\/archiv\/","name":"OSA Archiv der FH Potsdam","description":"Studienwahl-Assistent f\u00fcr den Studiengang Archiv","publisher":{"@id":"https:\/\/osa.fh-potsdam.de\/archiv\/#organization"},"potentialAction":[{"@type":"SearchAction","target":{"@type":"EntryPoint","urlTemplate":"https:\/\/osa.fh-potsdam.de\/archiv\/?s={search_term_string}"},"query-input":{"@type":"PropertyValueSpecification","valueRequired":true,"valueName":"search_term_string"}}],"inLanguage":"de"},{"@type":"Organization","@id":"https:\/\/osa.fh-potsdam.de\/archiv\/#organization","name":"OSA Archiv der FH Potsdam","url":"https:\/\/osa.fh-potsdam.de\/archiv\/","logo":{"@type":"ImageObject","inLanguage":"de","@id":"https:\/\/osa.fh-potsdam.de\/archiv\/#\/schema\/logo\/image\/","url":"","contentUrl":"","caption":"OSA Archiv der FH Potsdam"},"image":{"@id":"https:\/\/osa.fh-potsdam.de\/archiv\/#\/schema\/logo\/image\/"}}]}},"_links":{"self":[{"href":"https:\/\/osa.fh-potsdam.de\/archiv\/wp-json\/wp\/v2\/pages\/622","targetHints":{"allow":["GET"]}}],"collection":[{"href":"https:\/\/osa.fh-potsdam.de\/archiv\/wp-json\/wp\/v2\/pages"}],"about":[{"href":"https:\/\/osa.fh-potsdam.de\/archiv\/wp-json\/wp\/v2\/types\/page"}],"author":[{"embeddable":true,"href":"https:\/\/osa.fh-potsdam.de\/archiv\/wp-json\/wp\/v2\/users\/1"}],"replies":[{"embeddable":true,"href":"https:\/\/osa.fh-potsdam.de\/archiv\/wp-json\/wp\/v2\/comments?post=622"}],"version-history":[{"count":14,"href":"https:\/\/osa.fh-potsdam.de\/archiv\/wp-json\/wp\/v2\/pages\/622\/revisions"}],"predecessor-version":[{"id":2460,"href":"https:\/\/osa.fh-potsdam.de\/archiv\/wp-json\/wp\/v2\/pages\/622\/revisions\/2460"}],"up":[{"embeddable":true,"href":"https:\/\/osa.fh-potsdam.de\/archiv\/wp-json\/wp\/v2\/pages\/607"}],"wp:attachment":[{"href":"https:\/\/osa.fh-potsdam.de\/archiv\/wp-json\/wp\/v2\/media?parent=622"}],"curies":[{"name":"wp","href":"https:\/\/api.w.org\/{rel}","templated":true}]}}